{"id":503,"date":"2020-09-07T13:33:31","date_gmt":"2020-09-07T13:33:31","guid":{"rendered":"https:\/\/themes.muffingroup.com\/be\/agency5\/?page_id=8"},"modified":"2021-07-05T14:35:25","modified_gmt":"2021-07-05T17:35:25","slug":"sobre-nos","status":"publish","type":"page","link":"https:\/\/soft99.com.br\/otica\/index.php\/sobre-nos\/","title":{"rendered":"Sobre n\u00f3s"},"content":{"rendered":"\t\t<div data-elementor-type=\"wp-page\" data-elementor-id=\"503\" class=\"elementor elementor-503\" data-elementor-settings=\"[]\">\n\t\t\t\t\t\t\t<div class=\"elementor-section-wrap\">\n\t\t\t\t\t\t\t<section data-particle_enable=\"false\" data-particle-mobile-disabled=\"false\" class=\"elementor-section elementor-top-section elementor-element elementor-element-bfc8fcf elementor-section-stretched elementor-section-boxed elementor-section-height-default elementor-section-height-default\" data-id=\"bfc8fcf\" data-element_type=\"section\" data-settings=\"{&quot;stretch_section&quot;:&quot;section-stretched&quot;,&quot;background_background&quot;:&quot;classic&quot;}\">\n\t\t\t\t\t\t<div class=\"elementor-container elementor-column-gap-wider\">\n\t\t\t\t\t<div class=\"elementor-column elementor-col-100 elementor-top-column elementor-element elementor-element-c97778b\" data-id=\"c97778b\" data-element_type=\"column\">\n\t\t\t<div class=\"elementor-widget-wrap elementor-element-populated\">\n\t\t\t\t\t\t\t\t<section data-particle_enable=\"false\" data-particle-mobile-disabled=\"false\" class=\"elementor-section elementor-inner-section elementor-element elementor-element-51a3ea9 elementor-section-content-middle elementor-section-boxed elementor-section-height-default elementor-section-height-default\" data-id=\"51a3ea9\" data-element_type=\"section\">\n\t\t\t\t\t\t<div class=\"elementor-container elementor-column-gap-wider\">\n\t\t\t\t\t<div class=\"elementor-column elementor-col-50 elementor-inner-column elementor-element elementor-element-1601014\" data-id=\"1601014\" data-element_type=\"column\">\n\t\t\t<div class=\"elementor-widget-wrap elementor-element-populated\">\n\t\t\t\t\t\t\t\t<div class=\"elementor-element elementor-element-669522c elementor-widget elementor-widget-image\" data-id=\"669522c\" data-element_type=\"widget\" data-widget_type=\"image.default\">\n\t\t\t\t<div class=\"elementor-widget-container\">\n\t\t\t\t\t\t\t\t\t\t\t\t\t\t\t<img width=\"780\" height=\"997\" src=\"https:\/\/soft99.com.br\/otica\/wp-content\/uploads\/2021\/06\/zoio.png\" class=\"attachment-large size-large\" alt=\"\" loading=\"lazy\" srcset=\"https:\/\/soft99.com.br\/otica\/wp-content\/uploads\/2021\/06\/zoio.png 780w, https:\/\/soft99.com.br\/otica\/wp-content\/uploads\/2021\/06\/zoio-600x767.png 600w, https:\/\/soft99.com.br\/otica\/wp-content\/uploads\/2021\/06\/zoio-235x300.png 235w, https:\/\/soft99.com.br\/otica\/wp-content\/uploads\/2021\/06\/zoio-768x982.png 768w\" sizes=\"(max-width: 780px) 100vw, 780px\" \/>\t\t\t\t\t\t\t\t\t\t\t\t\t\t\t<\/div>\n\t\t\t\t<\/div>\n\t\t\t\t\t<\/div>\n\t\t<\/div>\n\t\t\t\t<div class=\"elementor-column elementor-col-50 elementor-inner-column elementor-element elementor-element-e2ffb6c\" data-id=\"e2ffb6c\" data-element_type=\"column\">\n\t\t\t<div class=\"elementor-widget-wrap elementor-element-populated\">\n\t\t\t\t\t\t\t\t<div class=\"elementor-element elementor-element-cd18f6e elementor-widget elementor-widget-text-editor\" data-id=\"cd18f6e\" data-element_type=\"widget\" data-widget_type=\"text-editor.default\">\n\t\t\t\t<div class=\"elementor-widget-container\">\n\t\t\t\t\t\t\t\t<p><span style=\"vertical-align: inherit;\"><span style=\"vertical-align: inherit;\"><span style=\"vertical-align: inherit;\"><span style=\"vertical-align: inherit;\">Tecnologia Japonesa para seus \u00f3culos.<\/span><\/span><\/span><\/span><\/p>\t\t\t\t\t\t<\/div>\n\t\t\t\t<\/div>\n\t\t\t\t<div class=\"elementor-element elementor-element-f327959 elementor-widget elementor-widget-text-editor\" data-id=\"f327959\" data-element_type=\"widget\" data-widget_type=\"text-editor.default\">\n\t\t\t\t<div class=\"elementor-widget-container\">\n\t\t\t\t\t\t\t\t<p><span style=\"vertical-align: inherit;\"><span style=\"vertical-align: inherit;\">Uma linha in\u00e9dita com produtos espec\u00edficos para cuidados e higieniza\u00e7\u00e3o de lentes e arma\u00e7\u00f5es de \u00f3culos. <\/span><span style=\"vertical-align: inherit;\">Essa \u00e9 a SOFT99 \u00d3TICA, <\/span><\/span><strong><span style=\"vertical-align: inherit;\"><span style=\"vertical-align: inherit;\">a primeira marca exclusiva<\/span><\/span><\/strong><span style=\"vertical-align: inherit;\"><span style=\"vertical-align: inherit;\"> desse segmento a aportar no Brasil com garantia e efici\u00eancia japonesa.<\/span><\/span><\/p><p><span style=\"vertical-align: inherit;\"><span style=\"vertical-align: inherit;\">S\u00e3o <\/span><\/span><strong><span style=\"vertical-align: inherit;\"><span style=\"vertical-align: inherit;\">mais de 20 produtos<\/span><\/span><\/strong><span style=\"vertical-align: inherit;\"><span style=\"vertical-align: inherit;\"> que promovem, desde limpezas r\u00e1pidas, excelentes e pr\u00e1ticas para o dia a dia; <\/span><span style=\"vertical-align: inherit;\">at\u00e9 as mais profundas, ideais para higieniza\u00e7\u00f5es mais completas. <\/span><span style=\"vertical-align: inherit;\">A SOFT99 \u00d3TICA conta tamb\u00e9m com produtos especiais de <\/span><\/span><strong><span style=\"vertical-align: inherit;\"><span style=\"vertical-align: inherit;\">a\u00e7\u00e3o antiemba\u00e7ante<\/span><\/span><\/strong><span style=\"vertical-align: inherit;\"><span style=\"vertical-align: inherit;\"> , uma novidade no mercado.<\/span><\/span><\/p>\t\t\t\t\t\t<\/div>\n\t\t\t\t<\/div>\n\t\t\t\t\t<\/div>\n\t\t<\/div>\n\t\t\t\t\t\t\t<\/div>\n\t\t<\/section>\n\t\t\t\t<section data-particle_enable=\"false\" data-particle-mobile-disabled=\"false\" class=\"elementor-section elementor-inner-section elementor-element elementor-element-6b20212 elementor-section-boxed elementor-section-height-default elementor-section-height-default\" data-id=\"6b20212\" data-element_type=\"section\">\n\t\t\t\t\t\t<div class=\"elementor-container elementor-column-gap-default\">\n\t\t\t\t\t<div class=\"elementor-column elementor-col-50 elementor-inner-column elementor-element elementor-element-e8ddd7b\" data-id=\"e8ddd7b\" data-element_type=\"column\">\n\t\t\t<div class=\"elementor-widget-wrap elementor-element-populated\">\n\t\t\t\t\t\t\t\t<div class=\"elementor-element elementor-element-841a2f5 elementor-widget elementor-widget-text-editor\" data-id=\"841a2f5\" data-element_type=\"widget\" data-widget_type=\"text-editor.default\">\n\t\t\t\t<div class=\"elementor-widget-container\">\n\t\t\t\t\t\t\t\t<p>Todos os produtos da linha s\u00e3o <strong>biodegrad\u00e1veis e de alto rendimento<\/strong>. Basta a quantidade indicada na embalagem para se ter os resultados indicados.<\/p><p>Aliando alta performance e tecnologia, a Soft99 \u00d3TICA faz parte do grupo SOFT99, empresa fundada em 1954 no Jap\u00e3o. Presente em mais de 30 pa\u00edses, a marca se consolidou como uma refer\u00eancia mundial em produtos automotivos e tem aplicado seu capital e expertise para o incremento tamb\u00e9m da linha de produtos \u00f3ticos.<\/p><p>Sistema de gest\u00e3o ambiental auditado<br \/>A Soft99 \u00e9 uma empresa japonesa atenta ao meio ambiente. Todos os nossos processos seguem padr\u00f5es internacionais r\u00edgidos que t\u00eam como objetivo impactar o m\u00ednimo poss\u00edvel a natureza. Nesse sentido, temos dois importantes selos, que s\u00e3o os <strong>ISOs 9001 e o 14001<\/strong>, que atestam o nosso sistema de gest\u00e3o ambiental.<\/p>\t\t\t\t\t\t<\/div>\n\t\t\t\t<\/div>\n\t\t\t\t\t<\/div>\n\t\t<\/div>\n\t\t\t\t<div class=\"elementor-column elementor-col-50 elementor-inner-column elementor-element elementor-element-8754d40\" data-id=\"8754d40\" data-element_type=\"column\">\n\t\t\t<div class=\"elementor-widget-wrap elementor-element-populated\">\n\t\t\t\t\t\t\t\t<div class=\"elementor-element elementor-element-b8bb2f2 elementor-widget elementor-widget-image\" data-id=\"b8bb2f2\" data-element_type=\"widget\" data-widget_type=\"image.default\">\n\t\t\t\t<div class=\"elementor-widget-container\">\n\t\t\t\t\t\t\t\t\t\t\t\t\t\t\t<img width=\"800\" height=\"800\" src=\"https:\/\/soft99.com.br\/otica\/wp-content\/uploads\/2021\/06\/site-1024x1024.png\" class=\"attachment-large size-large\" alt=\"\" loading=\"lazy\" srcset=\"https:\/\/soft99.com.br\/otica\/wp-content\/uploads\/2021\/06\/site-1024x1024.png 1024w, https:\/\/soft99.com.br\/otica\/wp-content\/uploads\/2021\/06\/site-300x300.png 300w, https:\/\/soft99.com.br\/otica\/wp-content\/uploads\/2021\/06\/site-150x150.png 150w, https:\/\/soft99.com.br\/otica\/wp-content\/uploads\/2021\/06\/site-768x768.png 768w, https:\/\/soft99.com.br\/otica\/wp-content\/uploads\/2021\/06\/site-600x600.png 600w, https:\/\/soft99.com.br\/otica\/wp-content\/uploads\/2021\/06\/site-100x100.png 100w, https:\/\/soft99.com.br\/otica\/wp-content\/uploads\/2021\/06\/site.png 1080w\" sizes=\"(max-width: 800px) 100vw, 800px\" \/>\t\t\t\t\t\t\t\t\t\t\t\t\t\t\t<\/div>\n\t\t\t\t<\/div>\n\t\t\t\t\t<\/div>\n\t\t<\/div>\n\t\t\t\t\t\t\t<\/div>\n\t\t<\/section>\n\t\t\t\t<section data-particle_enable=\"false\" data-particle-mobile-disabled=\"false\" class=\"elementor-section elementor-inner-section elementor-element elementor-element-eedb964 elementor-section-boxed elementor-section-height-default elementor-section-height-default\" data-id=\"eedb964\" data-element_type=\"section\">\n\t\t\t\t\t\t<div class=\"elementor-container elementor-column-gap-default\">\n\t\t\t\t\t<div class=\"elementor-column elementor-col-50 elementor-inner-column elementor-element elementor-element-85c5e87\" data-id=\"85c5e87\" data-element_type=\"column\">\n\t\t\t<div class=\"elementor-widget-wrap elementor-element-populated\">\n\t\t\t\t\t\t\t\t<div class=\"elementor-element elementor-element-8a35f53 elementor-widget elementor-widget-image\" data-id=\"8a35f53\" data-element_type=\"widget\" data-widget_type=\"image.default\">\n\t\t\t\t<div class=\"elementor-widget-container\">\n\t\t\t\t\t\t\t\t\t\t\t\t\t\t\t<img width=\"300\" height=\"300\" src=\"https:\/\/soft99.com.br\/otica\/wp-content\/uploads\/2021\/06\/selo-iso-9001.png\" class=\"attachment-large size-large\" alt=\"\" loading=\"lazy\" srcset=\"https:\/\/soft99.com.br\/otica\/wp-content\/uploads\/2021\/06\/selo-iso-9001.png 300w, https:\/\/soft99.com.br\/otica\/wp-content\/uploads\/2021\/06\/selo-iso-9001-150x150.png 150w, https:\/\/soft99.com.br\/otica\/wp-content\/uploads\/2021\/06\/selo-iso-9001-100x100.png 100w\" sizes=\"(max-width: 300px) 100vw, 300px\" \/>\t\t\t\t\t\t\t\t\t\t\t\t\t\t\t<\/div>\n\t\t\t\t<\/div>\n\t\t\t\t\t<\/div>\n\t\t<\/div>\n\t\t\t\t<div class=\"elementor-column elementor-col-50 elementor-inner-column elementor-element elementor-element-c5442d5\" data-id=\"c5442d5\" data-element_type=\"column\">\n\t\t\t<div class=\"elementor-widget-wrap elementor-element-populated\">\n\t\t\t\t\t\t\t\t<div class=\"elementor-element elementor-element-842da7f elementor-widget elementor-widget-image\" data-id=\"842da7f\" data-element_type=\"widget\" data-widget_type=\"image.default\">\n\t\t\t\t<div class=\"elementor-widget-container\">\n\t\t\t\t\t\t\t\t\t\t\t\t\t\t\t<img width=\"632\" height=\"534\" src=\"https:\/\/soft99.com.br\/otica\/wp-content\/uploads\/2021\/06\/kisspng-logo-brand-trademark-green-iso-14001-5b3f0d4a8ab1d5.png\" class=\"attachment-large size-large\" alt=\"\" loading=\"lazy\" srcset=\"https:\/\/soft99.com.br\/otica\/wp-content\/uploads\/2021\/06\/kisspng-logo-brand-trademark-green-iso-14001-5b3f0d4a8ab1d5.png 632w, https:\/\/soft99.com.br\/otica\/wp-content\/uploads\/2021\/06\/kisspng-logo-brand-trademark-green-iso-14001-5b3f0d4a8ab1d5-300x253.png 300w, https:\/\/soft99.com.br\/otica\/wp-content\/uploads\/2021\/06\/kisspng-logo-brand-trademark-green-iso-14001-5b3f0d4a8ab1d5-600x507.png 600w\" sizes=\"(max-width: 632px) 100vw, 632px\" \/>\t\t\t\t\t\t\t\t\t\t\t\t\t\t\t<\/div>\n\t\t\t\t<\/div>\n\t\t\t\t\t<\/div>\n\t\t<\/div>\n\t\t\t\t\t\t\t<\/div>\n\t\t<\/section>\n\t\t\t\t\t<\/div>\n\t\t<\/div>\n\t\t\t\t\t\t\t<\/div>\n\t\t<\/section>\n\t\t\t\t\t\t<\/div>\n\t\t\t\t\t<\/div>\n\t\t","protected":false},"excerpt":{"rendered":"<p>Tecnologia Japonesa para seus \u00f3culos. Uma linha in\u00e9dita com produtos espec\u00edficos para cuidados e higieniza\u00e7\u00e3o de lentes e arma\u00e7\u00f5es de \u00f3culos. Essa \u00e9 a SOFT99 \u00d3TICA, a primeira marca exclusiva desse segmento a aportar no Brasil com garantia e efici\u00eancia japonesa. S\u00e3o mais de 20 produtos que promovem, desde limpezas r\u00e1pidas, excelentes e pr\u00e1ticas para [&hellip;]<\/p>\n","protected":false},"author":1,"featured_media":0,"parent":0,"menu_order":0,"comment_status":"closed","ping_status":"closed","template":"elementor_header_footer","meta":{"spay_email":""},"_links":{"self":[{"href":"https:\/\/soft99.com.br\/otica\/index.php\/wp-json\/wp\/v2\/pages\/503"}],"collection":[{"href":"https:\/\/soft99.com.br\/otica\/index.php\/wp-json\/wp\/v2\/pages"}],"about":[{"href":"https:\/\/soft99.com.br\/otica\/index.php\/wp-json\/wp\/v2\/types\/page"}],"author":[{"embeddable":true,"href":"https:\/\/soft99.com.br\/otica\/index.php\/wp-json\/wp\/v2\/users\/1"}],"replies":[{"embeddable":true,"href":"https:\/\/soft99.com.br\/otica\/index.php\/wp-json\/wp\/v2\/comments?post=503"}],"version-history":[{"count":13,"href":"https:\/\/soft99.com.br\/otica\/index.php\/wp-json\/wp\/v2\/pages\/503\/revisions"}],"predecessor-version":[{"id":842,"href":"https:\/\/soft99.com.br\/otica\/index.php\/wp-json\/wp\/v2\/pages\/503\/revisions\/842"}],"wp:attachment":[{"href":"https:\/\/soft99.com.br\/otica\/index.php\/wp-json\/wp\/v2\/media?parent=503"}],"curies":[{"name":"wp","href":"https:\/\/api.w.org\/{rel}","templated":true}]}}