{"id":349,"date":"2021-06-18T14:20:16","date_gmt":"2021-06-18T14:20:16","guid":{"rendered":"https:\/\/soft99otica.com.br\/?page_id=349"},"modified":"2022-05-02T22:31:55","modified_gmt":"2022-05-03T01:31:55","slug":"limpeza-em-qualquer-lugar","status":"publish","type":"page","link":"https:\/\/soft99.com.br\/otica\/index.php\/limpeza-em-qualquer-lugar\/","title":{"rendered":"Limpeza em qualquer lugar"},"content":{"rendered":"\t\t<div data-elementor-type=\"wp-page\" data-elementor-id=\"349\" class=\"elementor elementor-349\" data-elementor-settings=\"[]\">\n\t\t\t\t\t\t\t<div class=\"elementor-section-wrap\">\n\t\t\t\t\t\t\t<section data-particle_enable=\"false\" data-particle-mobile-disabled=\"false\" class=\"elementor-section elementor-top-section elementor-element elementor-element-1613dcd elementor-section-stretched elementor-section-boxed elementor-section-height-default elementor-section-height-default\" data-id=\"1613dcd\" data-element_type=\"section\" data-settings=\"{&quot;stretch_section&quot;:&quot;section-stretched&quot;,&quot;background_background&quot;:&quot;classic&quot;}\">\n\t\t\t\t\t\t<div class=\"elementor-container elementor-column-gap-wider\">\n\t\t\t\t\t<div class=\"elementor-column elementor-col-100 elementor-top-column elementor-element elementor-element-56e504d\" data-id=\"56e504d\" data-element_type=\"column\">\n\t\t\t<div class=\"elementor-widget-wrap elementor-element-populated\">\n\t\t\t\t\t\t\t\t<div class=\"elementor-element elementor-element-9a902f5 elementor-widget elementor-widget-text-editor\" data-id=\"9a902f5\" data-element_type=\"widget\" data-widget_type=\"text-editor.default\">\n\t\t\t\t<div class=\"elementor-widget-container\">\n\t\t\t\t\t\t\t\t<p><b>Produtos feitos para facilitar seu dia a dia<\/b><\/p>\t\t\t\t\t\t<\/div>\n\t\t\t\t<\/div>\n\t\t\t\t<div class=\"elementor-element elementor-element-658a185 elementor-widget elementor-widget-image\" data-id=\"658a185\" data-element_type=\"widget\" data-widget_type=\"image.default\">\n\t\t\t\t<div class=\"elementor-widget-container\">\n\t\t\t\t\t\t\t\t\t\t\t\t\t\t\t<img width=\"800\" height=\"428\" src=\"https:\/\/soft99.com.br\/otica\/wp-content\/uploads\/2021\/06\/cheerful-beautiful-dark-skinned-girl-makes-frame-with-both-hands-has-satisfied-facial-expression-smiles-broadly-Aq28QWNOjOsNLZOZ.jpg\" class=\"attachment-large size-large\" alt=\"\" loading=\"lazy\" srcset=\"https:\/\/soft99.com.br\/otica\/wp-content\/uploads\/2021\/06\/cheerful-beautiful-dark-skinned-girl-makes-frame-with-both-hands-has-satisfied-facial-expression-smiles-broadly-Aq28QWNOjOsNLZOZ.jpg 808w, https:\/\/soft99.com.br\/otica\/wp-content\/uploads\/2021\/06\/cheerful-beautiful-dark-skinned-girl-makes-frame-with-both-hands-has-satisfied-facial-expression-smiles-broadly-Aq28QWNOjOsNLZOZ-600x321.jpg 600w, https:\/\/soft99.com.br\/otica\/wp-content\/uploads\/2021\/06\/cheerful-beautiful-dark-skinned-girl-makes-frame-with-both-hands-has-satisfied-facial-expression-smiles-broadly-Aq28QWNOjOsNLZOZ-300x160.jpg 300w, https:\/\/soft99.com.br\/otica\/wp-content\/uploads\/2021\/06\/cheerful-beautiful-dark-skinned-girl-makes-frame-with-both-hands-has-satisfied-facial-expression-smiles-broadly-Aq28QWNOjOsNLZOZ-768x411.jpg 768w\" sizes=\"(max-width: 800px) 100vw, 800px\" \/>\t\t\t\t\t\t\t\t\t\t\t\t\t\t\t<\/div>\n\t\t\t\t<\/div>\n\t\t\t\t\t<\/div>\n\t\t<\/div>\n\t\t\t\t\t\t\t<\/div>\n\t\t<\/section>\n\t\t\t\t<section data-particle_enable=\"false\" data-particle-mobile-disabled=\"false\" class=\"elementor-section elementor-top-section elementor-element elementor-element-018ce77 elementor-section-boxed elementor-section-height-default elementor-section-height-default\" data-id=\"018ce77\" data-element_type=\"section\">\n\t\t\t\t\t\t<div class=\"elementor-container elementor-column-gap-default\">\n\t\t\t\t\t<div class=\"elementor-column elementor-col-100 elementor-top-column elementor-element elementor-element-1f75297\" data-id=\"1f75297\" data-element_type=\"column\">\n\t\t\t<div class=\"elementor-widget-wrap\">\n\t\t\t\t\t\t\t\t\t<\/div>\n\t\t<\/div>\n\t\t\t\t\t\t\t<\/div>\n\t\t<\/section>\n\t\t\t\t<section data-particle_enable=\"false\" data-particle-mobile-disabled=\"false\" class=\"elementor-section elementor-top-section elementor-element elementor-element-65faed5 elementor-section-content-middle elementor-section-stretched elementor-section-boxed elementor-section-height-default elementor-section-height-default\" data-id=\"65faed5\" data-element_type=\"section\" data-settings=\"{&quot;stretch_section&quot;:&quot;section-stretched&quot;}\">\n\t\t\t\t\t\t<div class=\"elementor-container elementor-column-gap-wider\">\n\t\t\t\t\t<div class=\"elementor-column elementor-col-50 elementor-top-column elementor-element elementor-element-2954828\" data-id=\"2954828\" data-element_type=\"column\">\n\t\t\t<div class=\"elementor-widget-wrap elementor-element-populated\">\n\t\t\t\t\t\t\t\t<div class=\"elementor-element elementor-element-5093fe4 elementor-widget elementor-widget-image\" data-id=\"5093fe4\" data-element_type=\"widget\" data-widget_type=\"image.default\">\n\t\t\t\t<div class=\"elementor-widget-container\">\n\t\t\t\t\t\t\t\t\t\t\t\t\t\t\t<img width=\"800\" height=\"800\" src=\"https:\/\/soft99.com.br\/otica\/wp-content\/uploads\/2021\/06\/523-1-1024x1024.jpg\" class=\"attachment-large size-large\" alt=\"\" loading=\"lazy\" srcset=\"https:\/\/soft99.com.br\/otica\/wp-content\/uploads\/2021\/06\/523-1-1024x1024.jpg 1024w, https:\/\/soft99.com.br\/otica\/wp-content\/uploads\/2021\/06\/523-1-300x300.jpg 300w, https:\/\/soft99.com.br\/otica\/wp-content\/uploads\/2021\/06\/523-1-100x100.jpg 100w, https:\/\/soft99.com.br\/otica\/wp-content\/uploads\/2021\/06\/523-1-600x600.jpg 600w, https:\/\/soft99.com.br\/otica\/wp-content\/uploads\/2021\/06\/523-1-150x150.jpg 150w, https:\/\/soft99.com.br\/otica\/wp-content\/uploads\/2021\/06\/523-1-768x768.jpg 768w, https:\/\/soft99.com.br\/otica\/wp-content\/uploads\/2021\/06\/523-1.jpg 1080w\" sizes=\"(max-width: 800px) 100vw, 800px\" \/>\t\t\t\t\t\t\t\t\t\t\t\t\t\t\t<\/div>\n\t\t\t\t<\/div>\n\t\t\t\t\t<\/div>\n\t\t<\/div>\n\t\t\t\t<div class=\"elementor-column elementor-col-50 elementor-top-column elementor-element elementor-element-d72b21c\" data-id=\"d72b21c\" data-element_type=\"column\">\n\t\t\t<div class=\"elementor-widget-wrap elementor-element-populated\">\n\t\t\t\t\t\t\t\t<div class=\"elementor-element elementor-element-1e8e709 elementor-widget elementor-widget-text-editor\" data-id=\"1e8e709\" data-element_type=\"widget\" data-widget_type=\"text-editor.default\">\n\t\t\t\t<div class=\"elementor-widget-container\">\n\t\t\t\t\t\t\t\t<p><b>Spray Limpante<\/b><\/p>\t\t\t\t\t\t<\/div>\n\t\t\t\t<\/div>\n\t\t\t\t<div class=\"elementor-element elementor-element-d2282c9 elementor-widget elementor-widget-text-editor\" data-id=\"d2282c9\" data-element_type=\"widget\" data-widget_type=\"text-editor.default\">\n\t\t\t\t<div class=\"elementor-widget-container\">\n\t\t\t\t\t\t\t\t<p>Spray higienizador para \u00f3culos, que limpa completamente os res\u00edduos das lentes. Com pH neutro, f\u00f3rmula antial\u00e9rgica, a\u00e7\u00e3o bactericida e germicida. Pode ser utilizado em lentes de: Policarbonato, Resina, CR39, Trivex e Cristal, em lentes com tratamento antirreflexo, \u00f3culos de prote\u00e7\u00e3o com material pl\u00e1stico ou acr\u00edlico.\u00a0<\/p>\t\t\t\t\t\t<\/div>\n\t\t\t\t<\/div>\n\t\t\t\t<section data-particle_enable=\"false\" data-particle-mobile-disabled=\"false\" class=\"elementor-section elementor-inner-section elementor-element elementor-element-d626ef0 elementor-section-boxed elementor-section-height-default elementor-section-height-default\" data-id=\"d626ef0\" data-element_type=\"section\">\n\t\t\t\t\t\t<div class=\"elementor-container elementor-column-gap-default\">\n\t\t\t\t\t<div class=\"elementor-column elementor-col-50 elementor-inner-column elementor-element elementor-element-85aa252\" data-id=\"85aa252\" data-element_type=\"column\">\n\t\t\t<div class=\"elementor-widget-wrap elementor-element-populated\">\n\t\t\t\t\t\t\t\t<div class=\"elementor-element elementor-element-29a936e elementor-widget elementor-widget-image\" data-id=\"29a936e\" data-element_type=\"widget\" data-widget_type=\"image.default\">\n\t\t\t\t<div class=\"elementor-widget-container\">\n\t\t\t\t\t\t\t\t\t\t\t\t\t\t\t<img width=\"339\" height=\"235\" src=\"https:\/\/soft99.com.br\/otica\/wp-content\/uploads\/2021\/06\/img-m5K4D8vjrztJLJ29.jpg\" class=\"attachment-large size-large\" alt=\"\" loading=\"lazy\" srcset=\"https:\/\/soft99.com.br\/otica\/wp-content\/uploads\/2021\/06\/img-m5K4D8vjrztJLJ29.jpg 339w, https:\/\/soft99.com.br\/otica\/wp-content\/uploads\/2021\/06\/img-m5K4D8vjrztJLJ29-300x208.jpg 300w\" sizes=\"(max-width: 339px) 100vw, 339px\" \/>\t\t\t\t\t\t\t\t\t\t\t\t\t\t\t<\/div>\n\t\t\t\t<\/div>\n\t\t\t\t\t<\/div>\n\t\t<\/div>\n\t\t\t\t<div class=\"elementor-column elementor-col-50 elementor-inner-column elementor-element elementor-element-dcee9d1\" data-id=\"dcee9d1\" data-element_type=\"column\">\n\t\t\t<div class=\"elementor-widget-wrap elementor-element-populated\">\n\t\t\t\t\t\t\t\t<div class=\"elementor-element elementor-element-a981feb elementor-widget elementor-widget-image\" data-id=\"a981feb\" data-element_type=\"widget\" data-widget_type=\"image.default\">\n\t\t\t\t<div class=\"elementor-widget-container\">\n\t\t\t\t\t\t\t\t\t\t\t\t\t\t\t<img width=\"256\" height=\"192\" src=\"https:\/\/soft99.com.br\/otica\/wp-content\/uploads\/2021\/06\/img-mnl0E4G1MGFevglb.jpg\" class=\"attachment-large size-large\" alt=\"\" loading=\"lazy\" \/>\t\t\t\t\t\t\t\t\t\t\t\t\t\t\t<\/div>\n\t\t\t\t<\/div>\n\t\t\t\t\t<\/div>\n\t\t<\/div>\n\t\t\t\t\t\t\t<\/div>\n\t\t<\/section>\n\t\t\t\t<div class=\"elementor-element elementor-element-392d1b7 elementor-align-left elementor-widget elementor-widget-button\" data-id=\"392d1b7\" data-element_type=\"widget\" data-widget_type=\"button.default\">\n\t\t\t\t<div class=\"elementor-widget-container\">\n\t\t\t\t\t<div class=\"elementor-button-wrapper\">\n\t\t\t<a href=\"https:\/\/soft99otica.com.br\/produto-categoria\/tecido-premium\/\" class=\"elementor-button-link elementor-button elementor-size-sm\" role=\"button\">\n\t\t\t\t\t\t<span class=\"elementor-button-content-wrapper\">\n\t\t\t\t\t\t<span class=\"elementor-button-text\">Loja Oficial<\/span>\n\t\t<\/span>\n\t\t\t\t\t<\/a>\n\t\t<\/div>\n\t\t\t\t<\/div>\n\t\t\t\t<\/div>\n\t\t\t\t\t<\/div>\n\t\t<\/div>\n\t\t\t\t\t\t\t<\/div>\n\t\t<\/section>\n\t\t\t\t<section data-particle_enable=\"false\" data-particle-mobile-disabled=\"false\" class=\"elementor-section elementor-top-section elementor-element elementor-element-61e7652 elementor-section-content-middle elementor-section-stretched elementor-reverse-mobile elementor-section-boxed elementor-section-height-default elementor-section-height-default\" data-id=\"61e7652\" data-element_type=\"section\" data-settings=\"{&quot;stretch_section&quot;:&quot;section-stretched&quot;}\">\n\t\t\t\t\t\t<div class=\"elementor-container elementor-column-gap-wider\">\n\t\t\t\t\t<div class=\"elementor-column elementor-col-50 elementor-top-column elementor-element elementor-element-a7506b1\" data-id=\"a7506b1\" data-element_type=\"column\">\n\t\t\t<div class=\"elementor-widget-wrap elementor-element-populated\">\n\t\t\t\t\t\t\t\t<div class=\"elementor-element elementor-element-c004eec elementor-widget elementor-widget-text-editor\" data-id=\"c004eec\" data-element_type=\"widget\" data-widget_type=\"text-editor.default\">\n\t\t\t\t<div class=\"elementor-widget-container\">\n\t\t\t\t\t\t\t\t<p><b>Gran Chema<\/b><\/p>\t\t\t\t\t\t<\/div>\n\t\t\t\t<\/div>\n\t\t\t\t<div class=\"elementor-element elementor-element-aa3ee2d elementor-widget elementor-widget-text-editor\" data-id=\"aa3ee2d\" data-element_type=\"widget\" data-widget_type=\"text-editor.default\">\n\t\t\t\t<div class=\"elementor-widget-container\">\n\t\t\t\t\t\t\t\t<p>Flanela premium Gran Chema. Ideal para limpeza de \u00f3culos de grau e solares. Limpa com extrema facilidade e sem necessidade de outro produto (limpa a seco).<br \/>Possui toque suave que remove sujeiras e gorduras sem deixar rastros.<br \/>O limpa \u00f3culos Gran Chema \u00e9 indicado para lentes de vidros, pl\u00e1sticos, viseiras de capacetes, telas de LCD e Smartphones.\u00a0<\/p>\t\t\t\t\t\t<\/div>\n\t\t\t\t<\/div>\n\t\t\t\t<div class=\"elementor-element elementor-element-64b4d53 elementor-align-left elementor-widget elementor-widget-button\" data-id=\"64b4d53\" data-element_type=\"widget\" data-widget_type=\"button.default\">\n\t\t\t\t<div class=\"elementor-widget-container\">\n\t\t\t\t\t<div class=\"elementor-button-wrapper\">\n\t\t\t<a href=\"https:\/\/soft99otica.com.br\/produto-categoria\/tecido-premium\/\" class=\"elementor-button-link elementor-button elementor-size-sm\" role=\"button\">\n\t\t\t\t\t\t<span class=\"elementor-button-content-wrapper\">\n\t\t\t\t\t\t<span class=\"elementor-button-text\">Loja Oficial<\/span>\n\t\t<\/span>\n\t\t\t\t\t<\/a>\n\t\t<\/div>\n\t\t\t\t<\/div>\n\t\t\t\t<\/div>\n\t\t\t\t\t<\/div>\n\t\t<\/div>\n\t\t\t\t<div class=\"elementor-column elementor-col-50 elementor-top-column elementor-element elementor-element-6cf720b\" data-id=\"6cf720b\" data-element_type=\"column\">\n\t\t\t<div class=\"elementor-widget-wrap elementor-element-populated\">\n\t\t\t\t\t\t\t\t<div class=\"elementor-element elementor-element-9c0013b elementor-widget elementor-widget-image\" data-id=\"9c0013b\" data-element_type=\"widget\" data-widget_type=\"image.default\">\n\t\t\t\t<div class=\"elementor-widget-container\">\n\t\t\t\t\t\t\t\t\t\t\t\t\t\t\t<img width=\"800\" height=\"800\" src=\"https:\/\/soft99.com.br\/otica\/wp-content\/uploads\/2021\/06\/gran-1024x1024.jpg\" class=\"attachment-large size-large\" alt=\"\" loading=\"lazy\" srcset=\"https:\/\/soft99.com.br\/otica\/wp-content\/uploads\/2021\/06\/gran-1024x1024.jpg 1024w, https:\/\/soft99.com.br\/otica\/wp-content\/uploads\/2021\/06\/gran-300x300.jpg 300w, https:\/\/soft99.com.br\/otica\/wp-content\/uploads\/2021\/06\/gran-100x100.jpg 100w, https:\/\/soft99.com.br\/otica\/wp-content\/uploads\/2021\/06\/gran-600x600.jpg 600w, https:\/\/soft99.com.br\/otica\/wp-content\/uploads\/2021\/06\/gran-150x150.jpg 150w, https:\/\/soft99.com.br\/otica\/wp-content\/uploads\/2021\/06\/gran-768x768.jpg 768w, https:\/\/soft99.com.br\/otica\/wp-content\/uploads\/2021\/06\/gran.jpg 1080w\" sizes=\"(max-width: 800px) 100vw, 800px\" \/>\t\t\t\t\t\t\t\t\t\t\t\t\t\t\t<\/div>\n\t\t\t\t<\/div>\n\t\t\t\t\t<\/div>\n\t\t<\/div>\n\t\t\t\t\t\t\t<\/div>\n\t\t<\/section>\n\t\t\t\t<section data-particle_enable=\"false\" data-particle-mobile-disabled=\"false\" class=\"elementor-section elementor-top-section elementor-element elementor-element-cbc525a elementor-section-boxed elementor-section-height-default elementor-section-height-default\" data-id=\"cbc525a\" data-element_type=\"section\">\n\t\t\t\t\t\t<div class=\"elementor-container elementor-column-gap-default\">\n\t\t\t\t\t<div class=\"elementor-column elementor-col-100 elementor-top-column elementor-element elementor-element-f2e7b9e\" data-id=\"f2e7b9e\" data-element_type=\"column\">\n\t\t\t<div class=\"elementor-widget-wrap elementor-element-populated\">\n\t\t\t\t\t\t\t\t<div class=\"elementor-element elementor-element-4af0ba4 elementor-widget elementor-widget-image\" data-id=\"4af0ba4\" data-element_type=\"widget\" data-widget_type=\"image.default\">\n\t\t\t\t<div class=\"elementor-widget-container\">\n\t\t\t\t\t\t\t\t\t\t\t\t\t\t\t<img width=\"800\" height=\"301\" src=\"https:\/\/soft99.com.br\/otica\/wp-content\/uploads\/2021\/06\/focused-photo-woman-hand-holds-the-blue-eyeglasses-Yg2Bk3Elw6fZ4JPO-1.jpg\" class=\"attachment-large size-large\" alt=\"\" loading=\"lazy\" srcset=\"https:\/\/soft99.com.br\/otica\/wp-content\/uploads\/2021\/06\/focused-photo-woman-hand-holds-the-blue-eyeglasses-Yg2Bk3Elw6fZ4JPO-1.jpg 1020w, https:\/\/soft99.com.br\/otica\/wp-content\/uploads\/2021\/06\/focused-photo-woman-hand-holds-the-blue-eyeglasses-Yg2Bk3Elw6fZ4JPO-1-600x226.jpg 600w, https:\/\/soft99.com.br\/otica\/wp-content\/uploads\/2021\/06\/focused-photo-woman-hand-holds-the-blue-eyeglasses-Yg2Bk3Elw6fZ4JPO-1-300x113.jpg 300w, https:\/\/soft99.com.br\/otica\/wp-content\/uploads\/2021\/06\/focused-photo-woman-hand-holds-the-blue-eyeglasses-Yg2Bk3Elw6fZ4JPO-1-768x289.jpg 768w\" sizes=\"(max-width: 800px) 100vw, 800px\" \/>\t\t\t\t\t\t\t\t\t\t\t\t\t\t\t<\/div>\n\t\t\t\t<\/div>\n\t\t\t\t\t<\/div>\n\t\t<\/div>\n\t\t\t\t\t\t\t<\/div>\n\t\t<\/section>\n\t\t\t\t<section data-particle_enable=\"false\" data-particle-mobile-disabled=\"false\" class=\"elementor-section elementor-top-section elementor-element elementor-element-c534284 elementor-section-content-middle elementor-section-stretched elementor-reverse-mobile elementor-section-boxed elementor-section-height-default elementor-section-height-default\" data-id=\"c534284\" data-element_type=\"section\" data-settings=\"{&quot;stretch_section&quot;:&quot;section-stretched&quot;}\">\n\t\t\t\t\t\t<div class=\"elementor-container elementor-column-gap-wider\">\n\t\t\t\t\t<div class=\"elementor-column elementor-col-50 elementor-top-column elementor-element elementor-element-4f8f632\" data-id=\"4f8f632\" data-element_type=\"column\">\n\t\t\t<div class=\"elementor-widget-wrap elementor-element-populated\">\n\t\t\t\t\t\t\t\t<div class=\"elementor-element elementor-element-c8ea9c8 elementor-widget elementor-widget-text-editor\" data-id=\"c8ea9c8\" data-element_type=\"widget\" data-widget_type=\"text-editor.default\">\n\t\t\t\t<div class=\"elementor-widget-container\">\n\t\t\t\t\t\t\t\t<p><b>The Pig<\/b><\/p>\t\t\t\t\t\t<\/div>\n\t\t\t\t<\/div>\n\t\t\t\t<div class=\"elementor-element elementor-element-c65ff68 elementor-widget elementor-widget-text-editor\" data-id=\"c65ff68\" data-element_type=\"widget\" data-widget_type=\"text-editor.default\">\n\t\t\t\t<div class=\"elementor-widget-container\">\n\t\t\t\t\t\t\t\t<p>Fuitari-na THE PIG \u00e9 um excelente limpa \u00f3culos. Uma flanela especial, com tecnologia Belima X, que possui fibras longas e ultrafinas. Remove totalmente a sujeira sem deixar marcas e sem riscar.<br \/>Pode ser utilizado em \u00f3culos de grau e solares, com lentes de vidro ou pl\u00e1stico, viseiras de capacetes, telas de LCD e Smartphones.<br \/>Possui embalagem tipo ziplock para armazenagem da flanela ap\u00f3s o uso. F\u00e1cil de usar e pode ser levada por voc\u00ea em qualquer lugar ( no bolso ou dentro da bolsa ).<\/p>\t\t\t\t\t\t<\/div>\n\t\t\t\t<\/div>\n\t\t\t\t<div class=\"elementor-element elementor-element-6de210c elementor-align-left elementor-widget elementor-widget-button\" data-id=\"6de210c\" data-element_type=\"widget\" data-widget_type=\"button.default\">\n\t\t\t\t<div class=\"elementor-widget-container\">\n\t\t\t\t\t<div class=\"elementor-button-wrapper\">\n\t\t\t<a href=\"https:\/\/soft99otica.com.br\/produto-categoria\/tecido-premium\/\" class=\"elementor-button-link elementor-button elementor-size-sm\" role=\"button\">\n\t\t\t\t\t\t<span class=\"elementor-button-content-wrapper\">\n\t\t\t\t\t\t<span class=\"elementor-button-text\">Loja Oficial<\/span>\n\t\t<\/span>\n\t\t\t\t\t<\/a>\n\t\t<\/div>\n\t\t\t\t<\/div>\n\t\t\t\t<\/div>\n\t\t\t\t\t<\/div>\n\t\t<\/div>\n\t\t\t\t<div class=\"elementor-column elementor-col-50 elementor-top-column elementor-element elementor-element-c870e6c\" data-id=\"c870e6c\" data-element_type=\"column\">\n\t\t\t<div class=\"elementor-widget-wrap elementor-element-populated\">\n\t\t\t\t\t\t\t\t<div class=\"elementor-element elementor-element-8d486e5 elementor-widget elementor-widget-image\" data-id=\"8d486e5\" data-element_type=\"widget\" data-widget_type=\"image.default\">\n\t\t\t\t<div class=\"elementor-widget-container\">\n\t\t\t\t\t\t\t\t\t\t\t\t\t\t\t<img width=\"800\" height=\"800\" src=\"https:\/\/soft99.com.br\/otica\/wp-content\/uploads\/2021\/06\/65246-1024x1024.jpg\" class=\"attachment-large size-large\" alt=\"\" loading=\"lazy\" srcset=\"https:\/\/soft99.com.br\/otica\/wp-content\/uploads\/2021\/06\/65246-1024x1024.jpg 1024w, https:\/\/soft99.com.br\/otica\/wp-content\/uploads\/2021\/06\/65246-300x300.jpg 300w, https:\/\/soft99.com.br\/otica\/wp-content\/uploads\/2021\/06\/65246-100x100.jpg 100w, https:\/\/soft99.com.br\/otica\/wp-content\/uploads\/2021\/06\/65246-600x600.jpg 600w, https:\/\/soft99.com.br\/otica\/wp-content\/uploads\/2021\/06\/65246-150x150.jpg 150w, https:\/\/soft99.com.br\/otica\/wp-content\/uploads\/2021\/06\/65246-768x768.jpg 768w, https:\/\/soft99.com.br\/otica\/wp-content\/uploads\/2021\/06\/65246.jpg 1080w\" sizes=\"(max-width: 800px) 100vw, 800px\" \/>\t\t\t\t\t\t\t\t\t\t\t\t\t\t\t<\/div>\n\t\t\t\t<\/div>\n\t\t\t\t\t<\/div>\n\t\t<\/div>\n\t\t\t\t\t\t\t<\/div>\n\t\t<\/section>\n\t\t\t\t<section data-particle_enable=\"false\" data-particle-mobile-disabled=\"false\" class=\"elementor-section elementor-top-section elementor-element elementor-element-e3cb2ff elementor-section-boxed elementor-section-height-default elementor-section-height-default\" data-id=\"e3cb2ff\" data-element_type=\"section\">\n\t\t\t\t\t\t<div class=\"elementor-container elementor-column-gap-default\">\n\t\t\t\t\t<div class=\"elementor-column elementor-col-100 elementor-top-column elementor-element elementor-element-b5649b5\" data-id=\"b5649b5\" data-element_type=\"column\">\n\t\t\t<div class=\"elementor-widget-wrap elementor-element-populated\">\n\t\t\t\t\t\t\t\t<div class=\"elementor-element elementor-element-77ebdd1 elementor-widget elementor-widget-spacer\" data-id=\"77ebdd1\" data-element_type=\"widget\" data-widget_type=\"spacer.default\">\n\t\t\t\t<div class=\"elementor-widget-container\">\n\t\t\t\t\t<div class=\"elementor-spacer\">\n\t\t\t<div class=\"elementor-spacer-inner\"><\/div>\n\t\t<\/div>\n\t\t\t\t<\/div>\n\t\t\t\t<\/div>\n\t\t\t\t\t<\/div>\n\t\t<\/div>\n\t\t\t\t\t\t\t<\/div>\n\t\t<\/section>\n\t\t\t\t<section data-particle_enable=\"false\" data-particle-mobile-disabled=\"false\" class=\"elementor-section elementor-top-section elementor-element elementor-element-ffda63c elementor-section-boxed elementor-section-height-default elementor-section-height-default\" data-id=\"ffda63c\" data-element_type=\"section\">\n\t\t\t\t\t\t<div class=\"elementor-container elementor-column-gap-default\">\n\t\t\t\t\t<div class=\"elementor-column elementor-col-100 elementor-top-column elementor-element elementor-element-3e08e7d\" data-id=\"3e08e7d\" data-element_type=\"column\">\n\t\t\t<div class=\"elementor-widget-wrap elementor-element-populated\">\n\t\t\t\t\t\t\t\t<div class=\"elementor-element elementor-element-4608a20 elementor-widget elementor-widget-spacer\" data-id=\"4608a20\" data-element_type=\"widget\" data-widget_type=\"spacer.default\">\n\t\t\t\t<div class=\"elementor-widget-container\">\n\t\t\t\t\t<div class=\"elementor-spacer\">\n\t\t\t<div class=\"elementor-spacer-inner\"><\/div>\n\t\t<\/div>\n\t\t\t\t<\/div>\n\t\t\t\t<\/div>\n\t\t\t\t\t<\/div>\n\t\t<\/div>\n\t\t\t\t\t\t\t<\/div>\n\t\t<\/section>\n\t\t\t\t\t\t<\/div>\n\t\t\t\t\t<\/div>\n\t\t","protected":false},"excerpt":{"rendered":"<p>Produtos feitos para facilitar seu dia a dia Spray Limpante Spray higienizador para \u00f3culos, que limpa completamente os res\u00edduos das lentes. Com pH neutro, f\u00f3rmula antial\u00e9rgica, a\u00e7\u00e3o bactericida e germicida. Pode ser utilizado em lentes de: Policarbonato, Resina, CR39, Trivex e Cristal, em lentes com tratamento antirreflexo, \u00f3culos de prote\u00e7\u00e3o com material pl\u00e1stico ou acr\u00edlico.\u00a0 [&hellip;]<\/p>\n","protected":false},"author":1,"featured_media":0,"parent":0,"menu_order":0,"comment_status":"closed","ping_status":"closed","template":"elementor_header_footer","meta":{"spay_email":""},"_links":{"self":[{"href":"https:\/\/soft99.com.br\/otica\/index.php\/wp-json\/wp\/v2\/pages\/349"}],"collection":[{"href":"https:\/\/soft99.com.br\/otica\/index.php\/wp-json\/wp\/v2\/pages"}],"about":[{"href":"https:\/\/soft99.com.br\/otica\/index.php\/wp-json\/wp\/v2\/types\/page"}],"author":[{"embeddable":true,"href":"https:\/\/soft99.com.br\/otica\/index.php\/wp-json\/wp\/v2\/users\/1"}],"replies":[{"embeddable":true,"href":"https:\/\/soft99.com.br\/otica\/index.php\/wp-json\/wp\/v2\/comments?post=349"}],"version-history":[{"count":24,"href":"https:\/\/soft99.com.br\/otica\/index.php\/wp-json\/wp\/v2\/pages\/349\/revisions"}],"predecessor-version":[{"id":982,"href":"https:\/\/soft99.com.br\/otica\/index.php\/wp-json\/wp\/v2\/pages\/349\/revisions\/982"}],"wp:attachment":[{"href":"https:\/\/soft99.com.br\/otica\/index.php\/wp-json\/wp\/v2\/media?parent=349"}],"curies":[{"name":"wp","href":"https:\/\/api.w.org\/{rel}","templated":true}]}}