{"id":9917,"date":"2022-09-29T07:36:52","date_gmt":"2022-09-29T10:36:52","guid":{"rendered":"https:\/\/soft99.com.br\/lojaoficial\/?post_type=product&#038;p=9917"},"modified":"2022-11-23T14:16:27","modified_gmt":"2022-11-23T17:16:27","slug":"camiseta-boxclub-1o-edicao","status":"publish","type":"product","link":"https:\/\/soft99.com.br\/lojaoficial\/produto\/camiseta-boxclub-1o-edicao\/","title":{"rendered":"Camiseta BOXCLUB 1\u00ba Edi\u00e7\u00e3o"},"content":{"rendered":"<p>Camiseta desenvolvida especialmente para a SOFT99! Em malha sint\u00e9tica, com estampa exclusiva! Foi na 1\u00aa caixa dos nossos assinantes da BOXCLUB. Ali\u00e1s, j\u00e1 assinou a sua BOX? Todos os meses, al\u00e9m dos produtos, tamb\u00e9m enviamos uma camiseta bacana como essa dentro dela. Para assinar a BOX: <a href=\"http:\/\/www.soft99.com.br\/boxclub\">www.soft99.com.br\/boxclub<\/a><\/p>\n","protected":false},"excerpt":{"rendered":"<p>Camiseta desenvolvida especialmente para a SOFT99! Em malha sint\u00e9tica, com estampa exclusiva! Foi na 1\u00aa caixa dos nossos assinantes da BOXCLUB. Ali\u00e1s, j\u00e1 assinou a sua BOX? Todos os meses, al\u00e9m dos produtos, tamb\u00e9m enviamos uma camiseta bacana como essa dentro dela. Para assinar a BOX: www.soft99.com.br\/boxclub<\/p>\n","protected":false},"featured_media":9918,"comment_status":"open","ping_status":"closed","template":"","meta":[],"product_cat":[111],"product_tag":[167,169,170],"acf":[],"_links":{"self":[{"href":"https:\/\/soft99.com.br\/lojaoficial\/wp-json\/wp\/v2\/product\/9917"}],"collection":[{"href":"https:\/\/soft99.com.br\/lojaoficial\/wp-json\/wp\/v2\/product"}],"about":[{"href":"https:\/\/soft99.com.br\/lojaoficial\/wp-json\/wp\/v2\/types\/product"}],"replies":[{"embeddable":true,"href":"https:\/\/soft99.com.br\/lojaoficial\/wp-json\/wp\/v2\/comments?post=9917"}],"wp:featuredmedia":[{"embeddable":true,"href":"https:\/\/soft99.com.br\/lojaoficial\/wp-json\/wp\/v2\/media\/9918"}],"wp:attachment":[{"href":"https:\/\/soft99.com.br\/lojaoficial\/wp-json\/wp\/v2\/media?parent=9917"}],"wp:term":[{"taxonomy":"product_cat","embeddable":true,"href":"https:\/\/soft99.com.br\/lojaoficial\/wp-json\/wp\/v2\/product_cat?post=9917"},{"taxonomy":"product_tag","embeddable":true,"href":"https:\/\/soft99.com.br\/lojaoficial\/wp-json\/wp\/v2\/product_tag?post=9917"}],"curies":[{"name":"wp","href":"https:\/\/api.w.org\/{rel}","templated":true}]}}