{"id":7841,"date":"2022-07-21T09:16:01","date_gmt":"2022-07-21T12:16:01","guid":{"rendered":"https:\/\/soft99.com.br\/lojaoficial\/?post_type=product&#038;p=7841"},"modified":"2025-01-17T14:12:46","modified_gmt":"2025-01-17T17:12:46","slug":"aplicador-multiuso-com-encaixe-microfibra","status":"publish","type":"product","link":"https:\/\/soft99.com.br\/lojaoficial\/produto\/aplicador-multiuso-com-encaixe-microfibra\/","title":{"rendered":"Aplicador multiuso com encaixe (Microfibra) FSE Concept of Detail"},"content":{"rendered":"<p>O <strong>aplicador multiuso com encaixe para a m\u00e3o<\/strong> da FSE Concept of Detail \u00e9 indicado para aplica\u00e7\u00e3o de produtos em diversas superf\u00edcies. Super vers\u00e1til, altamente recomendado para aplica\u00e7\u00e3o de produtos automotivos como: vitrificadores, ceras, selantes, etc. N\u00e3o gera microrriscos e n\u00e3o solta fiapos. Ele foi desenvolvido om espuma interna de alt\u00edssima que facilita a aplica\u00e7\u00e3o em superf\u00edcies irregulares. Desenvolvido para proporcionar o rendimento m\u00e1ximo do produto a ser aplicado.<\/p>\n","protected":false},"excerpt":{"rendered":"<p>O aplicador multiuso com encaixe para a m\u00e3o da FSE Concept of Detail \u00e9 indicado para aplica\u00e7\u00e3o de produtos em diversas superf\u00edcies. Super vers\u00e1til, altamente recomendado para aplica\u00e7\u00e3o de produtos automotivos como: vitrificadores, ceras, selantes, etc. N\u00e3o gera microrriscos e n\u00e3o solta fiapos. Ele foi desenvolvido om espuma interna de alt\u00edssima que facilita a aplica\u00e7\u00e3o [&hellip;]<\/p>\n","protected":false},"featured_media":7842,"comment_status":"open","ping_status":"closed","template":"","meta":[],"product_cat":[143],"product_tag":[200,201,205,204,203],"acf":[],"_links":{"self":[{"href":"https:\/\/soft99.com.br\/lojaoficial\/wp-json\/wp\/v2\/product\/7841"}],"collection":[{"href":"https:\/\/soft99.com.br\/lojaoficial\/wp-json\/wp\/v2\/product"}],"about":[{"href":"https:\/\/soft99.com.br\/lojaoficial\/wp-json\/wp\/v2\/types\/product"}],"replies":[{"embeddable":true,"href":"https:\/\/soft99.com.br\/lojaoficial\/wp-json\/wp\/v2\/comments?post=7841"}],"wp:featuredmedia":[{"embeddable":true,"href":"https:\/\/soft99.com.br\/lojaoficial\/wp-json\/wp\/v2\/media\/7842"}],"wp:attachment":[{"href":"https:\/\/soft99.com.br\/lojaoficial\/wp-json\/wp\/v2\/media?parent=7841"}],"wp:term":[{"taxonomy":"product_cat","embeddable":true,"href":"https:\/\/soft99.com.br\/lojaoficial\/wp-json\/wp\/v2\/product_cat?post=7841"},{"taxonomy":"product_tag","embeddable":true,"href":"https:\/\/soft99.com.br\/lojaoficial\/wp-json\/wp\/v2\/product_tag?post=7841"}],"curies":[{"name":"wp","href":"https:\/\/api.w.org\/{rel}","templated":true}]}}