{"id":7838,"date":"2022-07-21T09:08:06","date_gmt":"2022-07-21T12:08:06","guid":{"rendered":"https:\/\/soft99.com.br\/lojaoficial\/?post_type=product&#038;p=7838"},"modified":"2024-03-26T10:39:52","modified_gmt":"2024-03-26T13:39:52","slug":"aplicador-multiuso-mini-suede","status":"publish","type":"product","link":"https:\/\/soft99.com.br\/lojaoficial\/produto\/aplicador-multiuso-mini-suede\/","title":{"rendered":"Aplicador Multiuso Mini (Suede) FSE Concept of Detail"},"content":{"rendered":"<p>O <strong>aplicador multiuso em suede<\/strong> da FSE Concept of Detail &#8211; embalagem com 3 aplicadores &#8211; \u00e9 indicado para aplica\u00e7\u00e3o de produtos em diversas superf\u00edcies. Super vers\u00e1til, altamente recomendado para aplica\u00e7\u00e3o de produtos automotivos como: vitrificadores, ceras, selantes, etc. N\u00e3o gera microrriscos e n\u00e3o solta fiapos. Com espuma interna de alt\u00edssima qualidade, ele facilita a aplica\u00e7\u00e3o em superf\u00edcies irregulares. Desenvolvido para proporcionar o rendimento m\u00e1ximo do produto a ser aplicado.<\/p>\n","protected":false},"excerpt":{"rendered":"<p>O aplicador multiuso em suede da FSE Concept of Detail &#8211; embalagem com 3 aplicadores &#8211; \u00e9 indicado para aplica\u00e7\u00e3o de produtos em diversas superf\u00edcies. Super vers\u00e1til, altamente recomendado para aplica\u00e7\u00e3o de produtos automotivos como: vitrificadores, ceras, selantes, etc. N\u00e3o gera microrriscos e n\u00e3o solta fiapos. Com espuma interna de alt\u00edssima qualidade, ele facilita a [&hellip;]<\/p>\n","protected":false},"featured_media":7839,"comment_status":"open","ping_status":"closed","template":"","meta":[],"product_cat":[143],"product_tag":[200,206,209],"acf":[],"_links":{"self":[{"href":"https:\/\/soft99.com.br\/lojaoficial\/wp-json\/wp\/v2\/product\/7838"}],"collection":[{"href":"https:\/\/soft99.com.br\/lojaoficial\/wp-json\/wp\/v2\/product"}],"about":[{"href":"https:\/\/soft99.com.br\/lojaoficial\/wp-json\/wp\/v2\/types\/product"}],"replies":[{"embeddable":true,"href":"https:\/\/soft99.com.br\/lojaoficial\/wp-json\/wp\/v2\/comments?post=7838"}],"wp:featuredmedia":[{"embeddable":true,"href":"https:\/\/soft99.com.br\/lojaoficial\/wp-json\/wp\/v2\/media\/7839"}],"wp:attachment":[{"href":"https:\/\/soft99.com.br\/lojaoficial\/wp-json\/wp\/v2\/media?parent=7838"}],"wp:term":[{"taxonomy":"product_cat","embeddable":true,"href":"https:\/\/soft99.com.br\/lojaoficial\/wp-json\/wp\/v2\/product_cat?post=7838"},{"taxonomy":"product_tag","embeddable":true,"href":"https:\/\/soft99.com.br\/lojaoficial\/wp-json\/wp\/v2\/product_tag?post=7838"}],"curies":[{"name":"wp","href":"https:\/\/api.w.org\/{rel}","templated":true}]}}