{"id":7834,"date":"2022-07-21T09:04:35","date_gmt":"2022-07-21T12:04:35","guid":{"rendered":"https:\/\/soft99.com.br\/lojaoficial\/?post_type=product&#038;p=7834"},"modified":"2024-03-26T10:38:25","modified_gmt":"2024-03-26T13:38:25","slug":"aplicador-multiuso-mini-microfibra","status":"publish","type":"product","link":"https:\/\/soft99.com.br\/lojaoficial\/produto\/aplicador-multiuso-mini-microfibra\/","title":{"rendered":"Aplicador Multiuso mini (Microfibra) FSE Concept of Detail"},"content":{"rendered":"<p>O <strong>aplicador multiuso em microfibra da FSE<\/strong> Concept of Detail \u00e9 indicado para aplica\u00e7\u00e3o de produtos em diversas superf\u00edcies. Super vers\u00e1til, altamente recomendado\u00a0para aplica\u00e7\u00e3o de produtos automotivos como: vitrificadores,\u00a0ceras, selantes, etc. N\u00e3o gera microrriscos e n\u00e3o solta fiapos. Com espuma interna de alt\u00edssima qualidade, ele facilita a aplica\u00e7\u00e3o em superf\u00edcies irregulares. Desenvolvido para proporcionar o rendimento m\u00e1ximo do produto\u00a0a ser aplicado.<\/p>\n","protected":false},"excerpt":{"rendered":"<p>O aplicador multiuso em microfibra da FSE Concept of Detail \u00e9 indicado para aplica\u00e7\u00e3o de produtos em diversas superf\u00edcies. Super vers\u00e1til, altamente recomendado\u00a0para aplica\u00e7\u00e3o de produtos automotivos como: vitrificadores,\u00a0ceras, selantes, etc. N\u00e3o gera microrriscos e n\u00e3o solta fiapos. Com espuma interna de alt\u00edssima qualidade, ele facilita a aplica\u00e7\u00e3o em superf\u00edcies irregulares. Desenvolvido para proporcionar o [&hellip;]<\/p>\n","protected":false},"featured_media":7835,"comment_status":"open","ping_status":"closed","template":"","meta":[],"product_cat":[143],"product_tag":[200,201,199,198,191],"acf":[],"_links":{"self":[{"href":"https:\/\/soft99.com.br\/lojaoficial\/wp-json\/wp\/v2\/product\/7834"}],"collection":[{"href":"https:\/\/soft99.com.br\/lojaoficial\/wp-json\/wp\/v2\/product"}],"about":[{"href":"https:\/\/soft99.com.br\/lojaoficial\/wp-json\/wp\/v2\/types\/product"}],"replies":[{"embeddable":true,"href":"https:\/\/soft99.com.br\/lojaoficial\/wp-json\/wp\/v2\/comments?post=7834"}],"wp:featuredmedia":[{"embeddable":true,"href":"https:\/\/soft99.com.br\/lojaoficial\/wp-json\/wp\/v2\/media\/7835"}],"wp:attachment":[{"href":"https:\/\/soft99.com.br\/lojaoficial\/wp-json\/wp\/v2\/media?parent=7834"}],"wp:term":[{"taxonomy":"product_cat","embeddable":true,"href":"https:\/\/soft99.com.br\/lojaoficial\/wp-json\/wp\/v2\/product_cat?post=7834"},{"taxonomy":"product_tag","embeddable":true,"href":"https:\/\/soft99.com.br\/lojaoficial\/wp-json\/wp\/v2\/product_tag?post=7834"}],"curies":[{"name":"wp","href":"https:\/\/api.w.org\/{rel}","templated":true}]}}