{"id":7827,"date":"2022-07-21T08:55:42","date_gmt":"2022-07-21T11:55:42","guid":{"rendered":"https:\/\/soft99.com.br\/lojaoficial\/?post_type=product&#038;p=7827"},"modified":"2023-11-27T00:00:33","modified_gmt":"2023-11-27T03:00:33","slug":"aplicador-multiuso-microfibra-e-suede","status":"publish","type":"product","link":"https:\/\/soft99.com.br\/lojaoficial\/produto\/aplicador-multiuso-microfibra-e-suede\/","title":{"rendered":"Aplicador multiuso (Microfibra e Suede) FSE Concept of Detail"},"content":{"rendered":"<p>O <strong>aplicador multiuso dupla face da FSE<\/strong> Concept of Detail \u00e9 indicado para aplica\u00e7\u00e3o de produtos em diversas superf\u00edcies. Super vers\u00e1til, pois possui um <strong>lado em microfibra e outro em suede<\/strong>. Altamente recomendado para aplica\u00e7\u00e3o de produtos automotivos como: vitrificadores, ceras, selantes, etc. N\u00e3o gera microrriscos e n\u00e3o solta fiapos. Com espuma interna de alt\u00edssima, ele facilita a aplica\u00e7\u00e3o em superf\u00edcies irregulares. Desenvolvido para proporcionar o rendimento m\u00e1ximo do produto a ser aplicado.<\/p>\n","protected":false},"excerpt":{"rendered":"<p>O aplicador multiuso dupla face da FSE Concept of Detail \u00e9 indicado para aplica\u00e7\u00e3o de produtos em diversas superf\u00edcies. Super vers\u00e1til, pois possui um lado em microfibra e outro em suede. Altamente recomendado para aplica\u00e7\u00e3o de produtos automotivos como: vitrificadores, ceras, selantes, etc. N\u00e3o gera microrriscos e n\u00e3o solta fiapos. Com espuma interna de alt\u00edssima, [&hellip;]<\/p>\n","protected":false},"featured_media":7828,"comment_status":"open","ping_status":"closed","template":"","meta":[],"product_cat":[143],"product_tag":[212,201,211,210,192,191],"acf":[],"_links":{"self":[{"href":"https:\/\/soft99.com.br\/lojaoficial\/wp-json\/wp\/v2\/product\/7827"}],"collection":[{"href":"https:\/\/soft99.com.br\/lojaoficial\/wp-json\/wp\/v2\/product"}],"about":[{"href":"https:\/\/soft99.com.br\/lojaoficial\/wp-json\/wp\/v2\/types\/product"}],"replies":[{"embeddable":true,"href":"https:\/\/soft99.com.br\/lojaoficial\/wp-json\/wp\/v2\/comments?post=7827"}],"wp:featuredmedia":[{"embeddable":true,"href":"https:\/\/soft99.com.br\/lojaoficial\/wp-json\/wp\/v2\/media\/7828"}],"wp:attachment":[{"href":"https:\/\/soft99.com.br\/lojaoficial\/wp-json\/wp\/v2\/media?parent=7827"}],"wp:term":[{"taxonomy":"product_cat","embeddable":true,"href":"https:\/\/soft99.com.br\/lojaoficial\/wp-json\/wp\/v2\/product_cat?post=7827"},{"taxonomy":"product_tag","embeddable":true,"href":"https:\/\/soft99.com.br\/lojaoficial\/wp-json\/wp\/v2\/product_tag?post=7827"}],"curies":[{"name":"wp","href":"https:\/\/api.w.org\/{rel}","templated":true}]}}