{"id":6681,"date":"2022-05-12T11:41:55","date_gmt":"2022-05-12T14:41:55","guid":{"rendered":"https:\/\/soft99.com.br\/lojaoficial\/?post_type=product&#038;p=6681"},"modified":"2025-06-17T14:08:33","modified_gmt":"2025-06-17T17:08:33","slug":"clay-bar-dak-metallic","status":"publish","type":"product","link":"https:\/\/soft99.com.br\/lojaoficial\/produto\/clay-bar-dak-metallic\/","title":{"rendered":"Clay Bar Dark &#038; Metallic &#8211; menos abrasiva"},"content":{"rendered":"<div><span style=\"font-size: 12pt;\">A <strong>CLAY BAR DARK &amp; METALLIC<\/strong> \u00e9 indicada para a descontamina\u00e7\u00e3o de pintura antes da aplica\u00e7\u00e3o de ceras, selantes ou cristalizadores de vidros. <strong>Menos abrasiva<\/strong>, possibilita uma descontamina\u00e7\u00e3o segura com menor incid\u00eancia de riscos, principalmente em <strong>carros de cores escuras.<\/strong>\u00a0<\/span><\/div>\n<div><\/div>\n","protected":false},"excerpt":{"rendered":"<p>Indicada para a descontamina\u00e7\u00e3o de pintura antes da aplica\u00e7\u00e3o de ceras, selantes ou cristalizadores de vidros.<\/p>\n","protected":false},"featured_media":6682,"comment_status":"open","ping_status":"closed","template":"","meta":[],"product_cat":[98,56],"product_tag":[282,279,280,281,228,213,216,218,214,217,219,215,283,244,220],"acf":[],"_links":{"self":[{"href":"https:\/\/soft99.com.br\/lojaoficial\/wp-json\/wp\/v2\/product\/6681"}],"collection":[{"href":"https:\/\/soft99.com.br\/lojaoficial\/wp-json\/wp\/v2\/product"}],"about":[{"href":"https:\/\/soft99.com.br\/lojaoficial\/wp-json\/wp\/v2\/types\/product"}],"replies":[{"embeddable":true,"href":"https:\/\/soft99.com.br\/lojaoficial\/wp-json\/wp\/v2\/comments?post=6681"}],"wp:featuredmedia":[{"embeddable":true,"href":"https:\/\/soft99.com.br\/lojaoficial\/wp-json\/wp\/v2\/media\/6682"}],"wp:attachment":[{"href":"https:\/\/soft99.com.br\/lojaoficial\/wp-json\/wp\/v2\/media?parent=6681"}],"wp:term":[{"taxonomy":"product_cat","embeddable":true,"href":"https:\/\/soft99.com.br\/lojaoficial\/wp-json\/wp\/v2\/product_cat?post=6681"},{"taxonomy":"product_tag","embeddable":true,"href":"https:\/\/soft99.com.br\/lojaoficial\/wp-json\/wp\/v2\/product_tag?post=6681"}],"curies":[{"name":"wp","href":"https:\/\/api.w.org\/{rel}","templated":true}]}}