{"id":6679,"date":"2022-05-12T11:41:16","date_gmt":"2022-05-12T14:41:16","guid":{"rendered":"https:\/\/soft99.com.br\/lojaoficial\/?post_type=product&#038;p=6679"},"modified":"2023-11-27T00:00:33","modified_gmt":"2023-11-27T03:00:33","slug":"clay-bar-white-alta-abrasividade","status":"publish","type":"product","link":"https:\/\/soft99.com.br\/lojaoficial\/produto\/clay-bar-white-alta-abrasividade\/","title":{"rendered":"Clay Bar White &#8211; mais abrasiva"},"content":{"rendered":"<p><span style=\"font-size: 12pt;\">A <strong>CLAY BAR WHITE<\/strong> \u00e9 indicada para a descontamina\u00e7\u00e3o de pintura antes do processo de polimento. Com <strong>alto poder de remo\u00e7\u00e3o<\/strong> de contamina\u00e7\u00f5es pesadas, facilita e agiliza o processo de prepara\u00e7\u00e3o para o polimento. Indicada tamb\u00e9m para processo de descontamina\u00e7\u00e3o antes da aplica\u00e7\u00e3o de ceras e selantes em <strong>cores claras<\/strong>. Pode ser utilizada para descontamina\u00e7\u00e3o de vidros.<\/span><\/p>\n","protected":false},"excerpt":{"rendered":"<p>Descontaminante automotivo indicado para a descontamina\u00e7\u00e3o de pintura antes do processo de polimento.<\/p>\n","protected":false},"featured_media":6680,"comment_status":"open","ping_status":"closed","template":"","meta":[],"product_cat":[56,99],"product_tag":[213,216,218,214,221,222,215,220],"acf":[],"_links":{"self":[{"href":"https:\/\/soft99.com.br\/lojaoficial\/wp-json\/wp\/v2\/product\/6679"}],"collection":[{"href":"https:\/\/soft99.com.br\/lojaoficial\/wp-json\/wp\/v2\/product"}],"about":[{"href":"https:\/\/soft99.com.br\/lojaoficial\/wp-json\/wp\/v2\/types\/product"}],"replies":[{"embeddable":true,"href":"https:\/\/soft99.com.br\/lojaoficial\/wp-json\/wp\/v2\/comments?post=6679"}],"wp:featuredmedia":[{"embeddable":true,"href":"https:\/\/soft99.com.br\/lojaoficial\/wp-json\/wp\/v2\/media\/6680"}],"wp:attachment":[{"href":"https:\/\/soft99.com.br\/lojaoficial\/wp-json\/wp\/v2\/media?parent=6679"}],"wp:term":[{"taxonomy":"product_cat","embeddable":true,"href":"https:\/\/soft99.com.br\/lojaoficial\/wp-json\/wp\/v2\/product_cat?post=6679"},{"taxonomy":"product_tag","embeddable":true,"href":"https:\/\/soft99.com.br\/lojaoficial\/wp-json\/wp\/v2\/product_tag?post=6679"}],"curies":[{"name":"wp","href":"https:\/\/api.w.org\/{rel}","templated":true}]}}