{"id":5766,"date":"2022-04-01T16:08:45","date_gmt":"2022-04-01T19:08:45","guid":{"rendered":"https:\/\/soft99.com.br\/lojaoficial\/product\/esponja-para-enceramento-authentic-premium-soft99\/"},"modified":"2024-02-27T15:00:28","modified_gmt":"2024-02-27T18:00:28","slug":"esponja-para-enceramento-authentic-premium-soft99","status":"publish","type":"product","link":"https:\/\/soft99.com.br\/lojaoficial\/produto\/esponja-para-enceramento-authentic-premium-soft99\/","title":{"rendered":"Esponja para Enceramento AUTHENTIC PREMIUM"},"content":{"rendered":"<p>A <strong>esponja automotiva Authentic Premium<\/strong> foi desenvolvida especialmente para aplica\u00e7\u00e3o de ceras, selantes, hidratante de couros, silicone, entre outros. Possui uma camada especial de espuma delicada que gera economia de produto. Por causa de seu formato anat\u00f4mico permite um melhor encaixe nas m\u00e3os, facilitando o manejo e evitando a necessidade de for\u00e7ar a esponja contra a lataria.<\/p>\n","protected":false},"excerpt":{"rendered":"<p>Esponja anat\u00f4mica para aplica\u00e7\u00e3o de ceras e selantes<\/p>\n","protected":false},"featured_media":5784,"comment_status":"open","ping_status":"closed","template":"","meta":[],"product_cat":[55],"product_tag":[276,273,274,275],"acf":[],"_links":{"self":[{"href":"https:\/\/soft99.com.br\/lojaoficial\/wp-json\/wp\/v2\/product\/5766"}],"collection":[{"href":"https:\/\/soft99.com.br\/lojaoficial\/wp-json\/wp\/v2\/product"}],"about":[{"href":"https:\/\/soft99.com.br\/lojaoficial\/wp-json\/wp\/v2\/types\/product"}],"replies":[{"embeddable":true,"href":"https:\/\/soft99.com.br\/lojaoficial\/wp-json\/wp\/v2\/comments?post=5766"}],"wp:featuredmedia":[{"embeddable":true,"href":"https:\/\/soft99.com.br\/lojaoficial\/wp-json\/wp\/v2\/media\/5784"}],"wp:attachment":[{"href":"https:\/\/soft99.com.br\/lojaoficial\/wp-json\/wp\/v2\/media?parent=5766"}],"wp:term":[{"taxonomy":"product_cat","embeddable":true,"href":"https:\/\/soft99.com.br\/lojaoficial\/wp-json\/wp\/v2\/product_cat?post=5766"},{"taxonomy":"product_tag","embeddable":true,"href":"https:\/\/soft99.com.br\/lojaoficial\/wp-json\/wp\/v2\/product_tag?post=5766"}],"curies":[{"name":"wp","href":"https:\/\/api.w.org\/{rel}","templated":true}]}}