{"id":5765,"date":"2022-04-01T16:08:45","date_gmt":"2022-04-01T19:08:45","guid":{"rendered":"https:\/\/soft99.com.br\/lojaoficial\/product\/cera-de-carnauba-all-color\/"},"modified":"2024-02-27T14:54:32","modified_gmt":"2024-02-27T17:54:32","slug":"cera-de-carnauba-all-color","status":"publish","type":"product","link":"https:\/\/soft99.com.br\/lojaoficial\/produto\/cera-de-carnauba-all-color\/","title":{"rendered":"Cera de Carna\u00faba All Color"},"content":{"rendered":"<p>A cera de carna\u00faba automotiva <strong>All Colors<\/strong> foi desenvolvida especialmente para o mercado brasileiro. Ela \u00e9 do tipo pasta dura e tem \u00f3timo rendimento. A embalagem de 100 gramas f<strong>az at\u00e9 25 enceramentos<\/strong> com alto n\u00edvel de brilho. Ela pode ser aplicada em <strong>todas as cores de ve\u00edculos<\/strong>. De f\u00e1cil aplica\u00e7\u00e3o, a <strong>All Colors<\/strong> proporciona repel\u00eancia a \u00e1gua e sujeira e protege a superf\u00edcie da pintura dos raios UV e chuva \u00e1cida por at\u00e9 <strong>60 dias<\/strong>.<\/p>\n<p>&nbsp;<\/p>\n<p><iframe title=\"Qual a melhor cera automotiva?\" width=\"500\" height=\"281\" src=\"https:\/\/www.youtube.com\/embed\/9CnLUe1Iupo?feature=oembed\" frameborder=\"0\" allow=\"accelerometer; autoplay; clipboard-write; encrypted-media; gyroscope; picture-in-picture; web-share\" referrerpolicy=\"strict-origin-when-cross-origin\" allowfullscreen><\/iframe><\/p>\n","protected":false},"excerpt":{"rendered":"<p>Cera \u00e0 base de carna\u00faba desenvolvida especialmente para o Brasil<\/p>\n","protected":false},"featured_media":5791,"comment_status":"open","ping_status":"closed","template":"","meta":[],"product_cat":[332,40],"product_tag":[261,260,161,264,237,249,265,263,262],"acf":[],"_links":{"self":[{"href":"https:\/\/soft99.com.br\/lojaoficial\/wp-json\/wp\/v2\/product\/5765"}],"collection":[{"href":"https:\/\/soft99.com.br\/lojaoficial\/wp-json\/wp\/v2\/product"}],"about":[{"href":"https:\/\/soft99.com.br\/lojaoficial\/wp-json\/wp\/v2\/types\/product"}],"replies":[{"embeddable":true,"href":"https:\/\/soft99.com.br\/lojaoficial\/wp-json\/wp\/v2\/comments?post=5765"}],"wp:featuredmedia":[{"embeddable":true,"href":"https:\/\/soft99.com.br\/lojaoficial\/wp-json\/wp\/v2\/media\/5791"}],"wp:attachment":[{"href":"https:\/\/soft99.com.br\/lojaoficial\/wp-json\/wp\/v2\/media?parent=5765"}],"wp:term":[{"taxonomy":"product_cat","embeddable":true,"href":"https:\/\/soft99.com.br\/lojaoficial\/wp-json\/wp\/v2\/product_cat?post=5765"},{"taxonomy":"product_tag","embeddable":true,"href":"https:\/\/soft99.com.br\/lojaoficial\/wp-json\/wp\/v2\/product_tag?post=5765"}],"curies":[{"name":"wp","href":"https:\/\/api.w.org\/{rel}","templated":true}]}}