{"id":5759,"date":"2022-04-01T16:08:44","date_gmt":"2022-04-01T19:08:44","guid":{"rendered":"https:\/\/soft99.com.br\/lojaoficial\/product\/composto-clarifying-titanium-3-em-1\/"},"modified":"2023-11-27T00:00:34","modified_gmt":"2023-11-27T03:00:34","slug":"composto-clarifying-titanium-3-em-1","status":"publish","type":"product","link":"https:\/\/soft99.com.br\/lojaoficial\/produto\/composto-clarifying-titanium-3-em-1\/","title":{"rendered":"Composto Clarifying Titanium 3 em 1"},"content":{"rendered":"<p>O <strong>Clarifying Titanium 3 em 1<\/strong> \u00e9 um composto de uso profissional que possibilita a execu\u00e7\u00e3o das<strong> tr\u00eas etapas do processo de polimento<\/strong> &#8211; corte, refino e lustro \u2013 apenas realizando a troca de boinas. \u00c9 o <strong>\u00fanico<\/strong> composto <strong>do mercad<\/strong>o com nano part\u00edculas de tit\u00e2nio. Indicado para todos os tipos de vernizes.<\/p>\n","protected":false},"excerpt":{"rendered":"<p>Corte, refino e lustro em um \u00fanico produto<\/p>\n","protected":false},"featured_media":5793,"comment_status":"open","ping_status":"closed","template":"","meta":[],"product_cat":[110,93],"product_tag":[],"acf":[],"_links":{"self":[{"href":"https:\/\/soft99.com.br\/lojaoficial\/wp-json\/wp\/v2\/product\/5759"}],"collection":[{"href":"https:\/\/soft99.com.br\/lojaoficial\/wp-json\/wp\/v2\/product"}],"about":[{"href":"https:\/\/soft99.com.br\/lojaoficial\/wp-json\/wp\/v2\/types\/product"}],"replies":[{"embeddable":true,"href":"https:\/\/soft99.com.br\/lojaoficial\/wp-json\/wp\/v2\/comments?post=5759"}],"wp:featuredmedia":[{"embeddable":true,"href":"https:\/\/soft99.com.br\/lojaoficial\/wp-json\/wp\/v2\/media\/5793"}],"wp:attachment":[{"href":"https:\/\/soft99.com.br\/lojaoficial\/wp-json\/wp\/v2\/media?parent=5759"}],"wp:term":[{"taxonomy":"product_cat","embeddable":true,"href":"https:\/\/soft99.com.br\/lojaoficial\/wp-json\/wp\/v2\/product_cat?post=5759"},{"taxonomy":"product_tag","embeddable":true,"href":"https:\/\/soft99.com.br\/lojaoficial\/wp-json\/wp\/v2\/product_tag?post=5759"}],"curies":[{"name":"wp","href":"https:\/\/api.w.org\/{rel}","templated":true}]}}