{"id":5754,"date":"2022-04-01T16:08:43","date_gmt":"2022-04-01T19:08:43","guid":{"rendered":"https:\/\/soft99.com.br\/lojaoficial\/product\/ultra-glaco-fusso-cristalizador-e-repelente-de-agua\/"},"modified":"2024-03-26T10:28:43","modified_gmt":"2024-03-26T13:28:43","slug":"ultra-glaco-fusso-cristalizador-e-repelente-de-agua","status":"publish","type":"product","link":"https:\/\/soft99.com.br\/lojaoficial\/produto\/ultra-glaco-fusso-cristalizador-e-repelente-de-agua\/","title":{"rendered":"ULTRA GLACO FUSSO I 70ml I Repelente de \u00e1gua de chuva"},"content":{"rendered":"<p><strong>Ultra Glaco Fusso<\/strong> \u00e9 um repelente de \u00e1gua para para-brisas que impede o ac\u00famulo de \u00e1gua e <strong>aumenta, consideravelmente, a visibilidade e a seguran\u00e7a<\/strong> do condutor em dias chuvosos. Com sua formula\u00e7\u00e3o inovadora cria um revestimento \u00e0 base de fl\u00faor (Fusso) <strong>proporcionando repel\u00eancia por at\u00e9 12 meses<\/strong>. Possui um feltro aplicador embutido que facilita a aplica\u00e7\u00e3o. Em deslocamentos com velocidade acima de 45 km\/h, pode at\u00e9 dispensar o uso do limpador de para-brisas.<\/p>\n<p>&nbsp;<\/p>\n<p><iframe title=\"Soft99 - Ultra Glaco\" width=\"500\" height=\"281\" src=\"https:\/\/www.youtube.com\/embed\/lu-Ubrsrt3M?start=12&#038;feature=oembed\" frameborder=\"0\" allow=\"accelerometer; autoplay; clipboard-write; encrypted-media; gyroscope; picture-in-picture; web-share\" referrerpolicy=\"strict-origin-when-cross-origin\" allowfullscreen><\/iframe><\/p>\n","protected":false},"excerpt":{"rendered":"<p>Cristalizador para para-brisas com tecnologia FUSSO<\/p>\n","protected":false},"featured_media":5811,"comment_status":"open","ping_status":"closed","template":"","meta":[],"product_cat":[38,63],"product_tag":[],"acf":[],"_links":{"self":[{"href":"https:\/\/soft99.com.br\/lojaoficial\/wp-json\/wp\/v2\/product\/5754"}],"collection":[{"href":"https:\/\/soft99.com.br\/lojaoficial\/wp-json\/wp\/v2\/product"}],"about":[{"href":"https:\/\/soft99.com.br\/lojaoficial\/wp-json\/wp\/v2\/types\/product"}],"replies":[{"embeddable":true,"href":"https:\/\/soft99.com.br\/lojaoficial\/wp-json\/wp\/v2\/comments?post=5754"}],"wp:featuredmedia":[{"embeddable":true,"href":"https:\/\/soft99.com.br\/lojaoficial\/wp-json\/wp\/v2\/media\/5811"}],"wp:attachment":[{"href":"https:\/\/soft99.com.br\/lojaoficial\/wp-json\/wp\/v2\/media?parent=5754"}],"wp:term":[{"taxonomy":"product_cat","embeddable":true,"href":"https:\/\/soft99.com.br\/lojaoficial\/wp-json\/wp\/v2\/product_cat?post=5754"},{"taxonomy":"product_tag","embeddable":true,"href":"https:\/\/soft99.com.br\/lojaoficial\/wp-json\/wp\/v2\/product_tag?post=5754"}],"curies":[{"name":"wp","href":"https:\/\/api.w.org\/{rel}","templated":true}]}}