{"id":5753,"date":"2022-04-01T16:08:43","date_gmt":"2022-04-01T19:08:43","guid":{"rendered":"https:\/\/soft99.com.br\/lojaoficial\/product\/glaco-zero-repelente-de-agua-para-retrovisores-e-cameras-de-re\/"},"modified":"2024-03-26T10:28:19","modified_gmt":"2024-03-26T13:28:19","slug":"glaco-zero-repelente-de-agua-para-retrovisores-e-cameras-de-re","status":"publish","type":"product","link":"https:\/\/soft99.com.br\/lojaoficial\/produto\/glaco-zero-repelente-de-agua-para-retrovisores-e-cameras-de-re\/","title":{"rendered":"GLACO ZERO I 40ml I Repelente de \u00e1gua de chuva I Retrovisores e c\u00e2meras de r\u00e9"},"content":{"rendered":"<p><strong>Glaco Zero<\/strong> faz parte da linha GLACO da SOFT99 <strong>espec\u00edfico para ser aplicado em retrovisores e c\u00e2meras de r\u00e9<\/strong>. Ele gera uma pel\u00edcula antiaderente nas superf\u00edcies dos retrovisores e c\u00e2meras de r\u00e9 que impede que a \u00e1gua grude. Tudo isso a &#8220;ZERO&#8221; km\/h, ou seja, n\u00e3o necessita de velocidade para que a repel\u00eancia ocorra. Incompar\u00e1vel e sem concorr\u00eancia no mercado mundial, Glaco Zero possui<strong> nanotecnologia<\/strong> desenvolvida nos laborat\u00f3rios SOFT99 no Jap\u00e3o. Indicado somente para retrovisores externos e c\u00e2meras externas.<\/p>\n<p>&nbsp;<\/p>\n<p><iframe title=\"Soft99 \u2013 Ultra-hydrophobic coating dedicated to side mirrors\" width=\"500\" height=\"281\" src=\"https:\/\/www.youtube.com\/embed\/gfEdfl4FLII?feature=oembed\" frameborder=\"0\" allow=\"accelerometer; autoplay; clipboard-write; encrypted-media; gyroscope; picture-in-picture; web-share\" referrerpolicy=\"strict-origin-when-cross-origin\" allowfullscreen><\/iframe><\/p>\n","protected":false},"excerpt":{"rendered":"<p>Cristalizador para retrovisores e c\u00e2meras de r\u00e9 externos.<\/p>\n","protected":false},"featured_media":5820,"comment_status":"open","ping_status":"closed","template":"","meta":[],"product_cat":[38,61],"product_tag":[],"acf":[],"_links":{"self":[{"href":"https:\/\/soft99.com.br\/lojaoficial\/wp-json\/wp\/v2\/product\/5753"}],"collection":[{"href":"https:\/\/soft99.com.br\/lojaoficial\/wp-json\/wp\/v2\/product"}],"about":[{"href":"https:\/\/soft99.com.br\/lojaoficial\/wp-json\/wp\/v2\/types\/product"}],"replies":[{"embeddable":true,"href":"https:\/\/soft99.com.br\/lojaoficial\/wp-json\/wp\/v2\/comments?post=5753"}],"wp:featuredmedia":[{"embeddable":true,"href":"https:\/\/soft99.com.br\/lojaoficial\/wp-json\/wp\/v2\/media\/5820"}],"wp:attachment":[{"href":"https:\/\/soft99.com.br\/lojaoficial\/wp-json\/wp\/v2\/media?parent=5753"}],"wp:term":[{"taxonomy":"product_cat","embeddable":true,"href":"https:\/\/soft99.com.br\/lojaoficial\/wp-json\/wp\/v2\/product_cat?post=5753"},{"taxonomy":"product_tag","embeddable":true,"href":"https:\/\/soft99.com.br\/lojaoficial\/wp-json\/wp\/v2\/product_tag?post=5753"}],"curies":[{"name":"wp","href":"https:\/\/api.w.org\/{rel}","templated":true}]}}