{"id":5748,"date":"2022-04-01T16:08:42","date_gmt":"2022-04-01T19:08:42","guid":{"rendered":"https:\/\/soft99.com.br\/lojaoficial\/product\/cera-authentic-premuim-carnauba-premium\/"},"modified":"2024-03-17T11:30:19","modified_gmt":"2024-03-17T14:30:19","slug":"cera-authentic-premuim-carnauba-premium","status":"publish","type":"product","link":"https:\/\/soft99.com.br\/lojaoficial\/produto\/cera-authentic-premuim-carnauba-premium\/","title":{"rendered":"Cera Authentic Premium"},"content":{"rendered":"<p>A cera <strong>Authentic Premuim<\/strong> \u00e9 produzida com a <strong>carna\u00faba<\/strong> mais pura extra\u00edda no mundo, conhecida como Yellow Premium. O processo de fabrica\u00e7\u00e3o da <strong>Authentic Premium<\/strong> segue padr\u00f5es bem rigorosos no Jap\u00e3o. Tudo para garantir que a mat\u00e9ria prima incorporada \u00e0 f\u00f3rmula esteja 100% qualificada e garanta o resultado final esperado: <strong>brilho inigual\u00e1vel<\/strong>! Os especialistas costumam cham\u00e1-la de<strong> \u201cobra de arte em formato de cera\u201d<\/strong>, justamente porque \u00e9 \u00fanica em suas qualidades e entrega. Ela \u00e9 de f\u00e1cil aplica\u00e7\u00e3o, n\u00e3o cont\u00e9m abrasivos e n\u00e3o mancha as partes pl\u00e1sticas. <strong>Esconde microrriscos e pode ser usada em qualquer cor de ve\u00edculo<\/strong>. Por causa do brilho e das propriedades naturais de sua composi\u00e7\u00e3o, a Authentic Premium <strong>\u00e9 a preferida entre os colecionadores e expositores de ve\u00edculos.<\/strong><\/p>\n","protected":false},"excerpt":{"rendered":"<p>Cera automotiva \u00e0 base de carna\u00faba que proporciona brilho inigual\u00e1vel<\/p>\n","protected":false},"featured_media":5803,"comment_status":"open","ping_status":"closed","template":"","meta":[],"product_cat":[40],"product_tag":[],"acf":[],"_links":{"self":[{"href":"https:\/\/soft99.com.br\/lojaoficial\/wp-json\/wp\/v2\/product\/5748"}],"collection":[{"href":"https:\/\/soft99.com.br\/lojaoficial\/wp-json\/wp\/v2\/product"}],"about":[{"href":"https:\/\/soft99.com.br\/lojaoficial\/wp-json\/wp\/v2\/types\/product"}],"replies":[{"embeddable":true,"href":"https:\/\/soft99.com.br\/lojaoficial\/wp-json\/wp\/v2\/comments?post=5748"}],"wp:featuredmedia":[{"embeddable":true,"href":"https:\/\/soft99.com.br\/lojaoficial\/wp-json\/wp\/v2\/media\/5803"}],"wp:attachment":[{"href":"https:\/\/soft99.com.br\/lojaoficial\/wp-json\/wp\/v2\/media?parent=5748"}],"wp:term":[{"taxonomy":"product_cat","embeddable":true,"href":"https:\/\/soft99.com.br\/lojaoficial\/wp-json\/wp\/v2\/product_cat?post=5748"},{"taxonomy":"product_tag","embeddable":true,"href":"https:\/\/soft99.com.br\/lojaoficial\/wp-json\/wp\/v2\/product_tag?post=5748"}],"curies":[{"name":"wp","href":"https:\/\/api.w.org\/{rel}","templated":true}]}}