{"id":5744,"date":"2022-04-01T16:08:42","date_gmt":"2022-04-01T19:08:42","guid":{"rendered":"https:\/\/soft99.com.br\/lojaoficial\/product\/tire-maker-caneta-para-letras-de-pneus-branco-8ml\/"},"modified":"2024-02-27T14:11:02","modified_gmt":"2024-02-27T17:11:02","slug":"tire-maker-caneta-para-letras-de-pneus-branco-8ml","status":"publish","type":"product","link":"https:\/\/soft99.com.br\/lojaoficial\/produto\/tire-maker-caneta-para-letras-de-pneus-branco-8ml\/","title":{"rendered":"Tire Marker &#8211; caneta para letras de Pneus (cor branca)"},"content":{"rendered":"<p><strong>Tire Marker \u00e9 uma caneta com tinta especial BRANCA<\/strong>, que escreve perfeitamente sobre a borracha, personalizando ou retocando letras desgastadas. Esse produto pode ser aplicado em <strong>pneus BF, Off-road, pneus esportivos,<\/strong> entre outros. Possui uma ponta fina de fibra que garante uma excelente defini\u00e7\u00e3o em letras pequenas. <strong>Tire Marker tem tinta permanente<\/strong> de alta durabilidade que n\u00e3o sai em lavagens. <strong>Acompanha uma caneta preta para corre\u00e7\u00e3o de cor PRETA<\/strong>.<\/p>\n","protected":false},"excerpt":{"rendered":"<p>Caneta com tinta permanente para pneus<\/p>\n","protected":false},"featured_media":5842,"comment_status":"open","ping_status":"closed","template":"","meta":[],"product_cat":[69],"product_tag":[],"acf":[],"_links":{"self":[{"href":"https:\/\/soft99.com.br\/lojaoficial\/wp-json\/wp\/v2\/product\/5744"}],"collection":[{"href":"https:\/\/soft99.com.br\/lojaoficial\/wp-json\/wp\/v2\/product"}],"about":[{"href":"https:\/\/soft99.com.br\/lojaoficial\/wp-json\/wp\/v2\/types\/product"}],"replies":[{"embeddable":true,"href":"https:\/\/soft99.com.br\/lojaoficial\/wp-json\/wp\/v2\/comments?post=5744"}],"wp:featuredmedia":[{"embeddable":true,"href":"https:\/\/soft99.com.br\/lojaoficial\/wp-json\/wp\/v2\/media\/5842"}],"wp:attachment":[{"href":"https:\/\/soft99.com.br\/lojaoficial\/wp-json\/wp\/v2\/media?parent=5744"}],"wp:term":[{"taxonomy":"product_cat","embeddable":true,"href":"https:\/\/soft99.com.br\/lojaoficial\/wp-json\/wp\/v2\/product_cat?post=5744"},{"taxonomy":"product_tag","embeddable":true,"href":"https:\/\/soft99.com.br\/lojaoficial\/wp-json\/wp\/v2\/product_tag?post=5744"}],"curies":[{"name":"wp","href":"https:\/\/api.w.org\/{rel}","templated":true}]}}