{"id":5743,"date":"2022-04-01T16:08:30","date_gmt":"2022-04-01T19:08:30","guid":{"rendered":"https:\/\/soft99.com.br\/lojaoficial\/product\/anti-embacante-gel-80ml-alta-durabilidade\/"},"modified":"2024-03-22T23:30:14","modified_gmt":"2024-03-23T02:30:14","slug":"anti-embacante-gel-80ml-alta-durabilidade","status":"publish","type":"product","link":"https:\/\/soft99.com.br\/lojaoficial\/produto\/anti-embacante-gel-80ml-alta-durabilidade\/","title":{"rendered":"Antiemba\u00e7ante Gel 80ml (ALTA DURABILIDADE)"},"content":{"rendered":"<p>O Antiemba\u00e7ante Gel para vidros automotivos \u00e9 o \u00fanico do mercado com textura gelatinosa e durabilidade de at\u00e9 20 dias ap\u00f3s aplica\u00e7\u00e3o. De f\u00e1cil aplica\u00e7\u00e3o, deixa os vidros limpos e cristalinos. Pode ser aplicado sobre pel\u00edculas ou insulfilmes, em todos os vidros internos e retrovisor interno. \u00c9 um produto com alto rendimento, podendo ser aplicado em at\u00e9 25 para-brisas. Em dias de frio, seu efeito suprime o uso do ar-condicionado para desemba\u00e7ar os vidros. Para melhores resultados, sugerimos o uso do Fukupik\u00e1 Gel antes da aplica\u00e7\u00e3o.<\/p>\n<p>&nbsp;<\/p>\n","protected":false},"excerpt":{"rendered":"<p>Antiemba\u00e7ante para vidros de alta durabilidade<\/p>\n","protected":false},"featured_media":5892,"comment_status":"open","ping_status":"closed","template":"","meta":[],"product_cat":[34,89],"product_tag":[],"acf":[],"_links":{"self":[{"href":"https:\/\/soft99.com.br\/lojaoficial\/wp-json\/wp\/v2\/product\/5743"}],"collection":[{"href":"https:\/\/soft99.com.br\/lojaoficial\/wp-json\/wp\/v2\/product"}],"about":[{"href":"https:\/\/soft99.com.br\/lojaoficial\/wp-json\/wp\/v2\/types\/product"}],"replies":[{"embeddable":true,"href":"https:\/\/soft99.com.br\/lojaoficial\/wp-json\/wp\/v2\/comments?post=5743"}],"wp:featuredmedia":[{"embeddable":true,"href":"https:\/\/soft99.com.br\/lojaoficial\/wp-json\/wp\/v2\/media\/5892"}],"wp:attachment":[{"href":"https:\/\/soft99.com.br\/lojaoficial\/wp-json\/wp\/v2\/media?parent=5743"}],"wp:term":[{"taxonomy":"product_cat","embeddable":true,"href":"https:\/\/soft99.com.br\/lojaoficial\/wp-json\/wp\/v2\/product_cat?post=5743"},{"taxonomy":"product_tag","embeddable":true,"href":"https:\/\/soft99.com.br\/lojaoficial\/wp-json\/wp\/v2\/product_tag?post=5743"}],"curies":[{"name":"wp","href":"https:\/\/api.w.org\/{rel}","templated":true}]}}