{"id":5741,"date":"2022-04-01T16:08:29","date_gmt":"2022-04-01T19:08:29","guid":{"rendered":"https:\/\/soft99.com.br\/lojaoficial\/product\/glass-refresh-descontaminante-e-removedor-de-manchas-em-vidros\/"},"modified":"2024-03-26T10:27:05","modified_gmt":"2024-03-26T13:27:05","slug":"glass-refresh-descontaminante-e-removedor-de-manchas-em-vidros","status":"publish","type":"product","link":"https:\/\/soft99.com.br\/lojaoficial\/produto\/glass-refresh-descontaminante-e-removedor-de-manchas-em-vidros\/","title":{"rendered":"Glass Refresh &#8211; Descontaminante e Removedor de Manchas em vidros"},"content":{"rendered":"<p>Glass Refresh \u00e9 um poderoso descontaminante de vidros. Remove oleosidades, sujeira impregnada, cristalizadores de para-brisa, etc. Tamb\u00e9m remove com efici\u00eancia manchas de vidros conhecidas como &#8220;water spot&#8221; ou chuva \u00e1cida. Remove tamb\u00e9m manchas causadas por deposito de cloro ou \u00edons. Produto 100% seguro, pois \u00e9 a base de \u00e1gua. Recomendado para todos os vidros externos do ve\u00edculo, retrovisores e teto solar. Acompanha uma esponja especial de fibra de ROF pr\u00f3prio para sua aplica\u00e7\u00e3o. Glass Refresh revitaliza os vidros devolvendo a apar\u00eancia e brilho. Indicado para ser utilizado antes do procedimento de cristaliza\u00e7\u00e3o dos vidros, principalmente linha Glaco.<\/p>\n<p><iframe title=\"Glass Refresh, descontaminante de vidros!\" width=\"500\" height=\"281\" src=\"https:\/\/www.youtube.com\/embed\/cAwR9HGfzjs?feature=oembed\" frameborder=\"0\" allow=\"accelerometer; autoplay; clipboard-write; encrypted-media; gyroscope; picture-in-picture; web-share\" referrerpolicy=\"strict-origin-when-cross-origin\" allowfullscreen><\/iframe><\/p>\n<p>&nbsp;<\/p>\n","protected":false},"excerpt":{"rendered":"<p>Poderoso removedor de manchas em vidros<\/p>\n","protected":false},"featured_media":5909,"comment_status":"open","ping_status":"closed","template":"","meta":[],"product_cat":[56],"product_tag":[],"acf":[],"_links":{"self":[{"href":"https:\/\/soft99.com.br\/lojaoficial\/wp-json\/wp\/v2\/product\/5741"}],"collection":[{"href":"https:\/\/soft99.com.br\/lojaoficial\/wp-json\/wp\/v2\/product"}],"about":[{"href":"https:\/\/soft99.com.br\/lojaoficial\/wp-json\/wp\/v2\/types\/product"}],"replies":[{"embeddable":true,"href":"https:\/\/soft99.com.br\/lojaoficial\/wp-json\/wp\/v2\/comments?post=5741"}],"wp:featuredmedia":[{"embeddable":true,"href":"https:\/\/soft99.com.br\/lojaoficial\/wp-json\/wp\/v2\/media\/5909"}],"wp:attachment":[{"href":"https:\/\/soft99.com.br\/lojaoficial\/wp-json\/wp\/v2\/media?parent=5741"}],"wp:term":[{"taxonomy":"product_cat","embeddable":true,"href":"https:\/\/soft99.com.br\/lojaoficial\/wp-json\/wp\/v2\/product_cat?post=5741"},{"taxonomy":"product_tag","embeddable":true,"href":"https:\/\/soft99.com.br\/lojaoficial\/wp-json\/wp\/v2\/product_tag?post=5741"}],"curies":[{"name":"wp","href":"https:\/\/api.w.org\/{rel}","templated":true}]}}