{"id":5740,"date":"2022-04-01T16:08:29","date_gmt":"2022-04-01T19:08:29","guid":{"rendered":"https:\/\/soft99.com.br\/lojaoficial\/product\/glaco-blave-repelente-de-agua-para-plastico-acrilico-e-policarbonato\/"},"modified":"2024-03-26T10:26:26","modified_gmt":"2024-03-26T13:26:26","slug":"glaco-blave-repelente-de-agua-para-plastico-acrilico-e-policarbonato","status":"publish","type":"product","link":"https:\/\/soft99.com.br\/lojaoficial\/produto\/glaco-blave-repelente-de-agua-para-plastico-acrilico-e-policarbonato\/","title":{"rendered":"Glaco Blave I 70ml I Repelente de \u00e1gua de chuva"},"content":{"rendered":"<p>Glaco Blave \u00e9 produto da linha GLACO indicado para <strong>cristaliza\u00e7\u00e3o<\/strong> <strong>de pl\u00e1sticos, acr\u00edlicos e policarbonatos<\/strong>. Proporciona resultado de <strong>repel\u00eancia acima da m\u00e9dia<\/strong> na superf\u00edcie, melhorando a visibilidade do motorista e garantindo mais seguran\u00e7a ao dirigir. <strong>Indicado para viseiras de capacetes<\/strong>, far\u00f3is, lanternas traseiras, etc. Pode ser aplicado em aeronaves como helic\u00f3pteros e avi\u00f5es. Possui um aplicador embutido que facilita a aplica\u00e7\u00e3o, pois se molda tranquilamente a diversos \u00e2ngulos e superf\u00edcies. Glaco Blave pode ser aplicado tamb\u00e9m em vidros.<\/p>\n<p><iframe title=\"Soft99 - Glaco Blave\" width=\"500\" height=\"281\" src=\"https:\/\/www.youtube.com\/embed\/yIIHyWTDCDc?feature=oembed\" frameborder=\"0\" allow=\"accelerometer; autoplay; clipboard-write; encrypted-media; gyroscope; picture-in-picture; web-share\" referrerpolicy=\"strict-origin-when-cross-origin\" allowfullscreen><\/iframe><\/p>\n<p>&nbsp;<\/p>\n","protected":false},"excerpt":{"rendered":"<p>Repelente para viseiras, far\u00f3is, lanternas e pe\u00e7as acr\u00edlicas<\/p>\n","protected":false},"featured_media":5896,"comment_status":"open","ping_status":"closed","template":"","meta":[],"product_cat":[38,59],"product_tag":[],"acf":[],"_links":{"self":[{"href":"https:\/\/soft99.com.br\/lojaoficial\/wp-json\/wp\/v2\/product\/5740"}],"collection":[{"href":"https:\/\/soft99.com.br\/lojaoficial\/wp-json\/wp\/v2\/product"}],"about":[{"href":"https:\/\/soft99.com.br\/lojaoficial\/wp-json\/wp\/v2\/types\/product"}],"replies":[{"embeddable":true,"href":"https:\/\/soft99.com.br\/lojaoficial\/wp-json\/wp\/v2\/comments?post=5740"}],"wp:featuredmedia":[{"embeddable":true,"href":"https:\/\/soft99.com.br\/lojaoficial\/wp-json\/wp\/v2\/media\/5896"}],"wp:attachment":[{"href":"https:\/\/soft99.com.br\/lojaoficial\/wp-json\/wp\/v2\/media?parent=5740"}],"wp:term":[{"taxonomy":"product_cat","embeddable":true,"href":"https:\/\/soft99.com.br\/lojaoficial\/wp-json\/wp\/v2\/product_cat?post=5740"},{"taxonomy":"product_tag","embeddable":true,"href":"https:\/\/soft99.com.br\/lojaoficial\/wp-json\/wp\/v2\/product_tag?post=5740"}],"curies":[{"name":"wp","href":"https:\/\/api.w.org\/{rel}","templated":true}]}}