{"id":5739,"date":"2022-04-01T16:08:29","date_gmt":"2022-04-01T19:08:29","guid":{"rendered":"https:\/\/soft99.com.br\/lojaoficial\/product\/shampoo-extra-gold-manutencao-de-brilho-e-repelencia\/"},"modified":"2024-02-27T14:03:21","modified_gmt":"2024-02-27T17:03:21","slug":"shampoo-extra-gold-manutencao-de-brilho-e-repelencia","status":"publish","type":"product","link":"https:\/\/soft99.com.br\/lojaoficial\/produto\/shampoo-extra-gold-manutencao-de-brilho-e-repelencia\/","title":{"rendered":"Lava auto Extra Gold &#8211; Manuten\u00e7\u00e3o de brilho e repel\u00eancia"},"content":{"rendered":"<p>O lava auto Automotivo Extra Gold \u00e9 indicado para manuten\u00e7\u00e3o de carros vitrificados ou com outros tipos de coatings e selantes. Sua f\u00f3rmula restaura a camada de repel\u00eancia e brilho da superf\u00edcie apenas com o processo de lavagem, n\u00e3o sendo necess\u00e1ria a aplica\u00e7\u00e3o de outro produto ap\u00f3s a lavagem. Possui PH neutro e promove a limpeza completa da vitrifica\u00e7\u00e3o sem agredir o coating. Extra Gold devolve tamb\u00e9m a suavidade ao toque na superf\u00edcie. Aplica\u00e7\u00e3o direta na esponja (n\u00e3o dilu\u00edvel).<\/p>\n<div>.<\/div>\n<div><img fetchpriority=\"high\" decoding=\"async\" class=\"img-responsive\" src=\"https:\/\/cdn.leancommerce.com.br\/soft99brasil\/arquivos\/shampoo-extra-gold-repara-repelencia-jpg\" alt=\"shampoo extra gold antes e depois\" width=\"861\" height=\"416\" \/><\/div>\n<div><\/div>\n<div><\/div>\n","protected":false},"excerpt":{"rendered":"<p>Shampoo automotivo para ve\u00edculos vitrificados<\/p>\n","protected":false},"featured_media":5885,"comment_status":"open","ping_status":"closed","template":"","meta":[],"product_cat":[74],"product_tag":[],"acf":[],"_links":{"self":[{"href":"https:\/\/soft99.com.br\/lojaoficial\/wp-json\/wp\/v2\/product\/5739"}],"collection":[{"href":"https:\/\/soft99.com.br\/lojaoficial\/wp-json\/wp\/v2\/product"}],"about":[{"href":"https:\/\/soft99.com.br\/lojaoficial\/wp-json\/wp\/v2\/types\/product"}],"replies":[{"embeddable":true,"href":"https:\/\/soft99.com.br\/lojaoficial\/wp-json\/wp\/v2\/comments?post=5739"}],"wp:featuredmedia":[{"embeddable":true,"href":"https:\/\/soft99.com.br\/lojaoficial\/wp-json\/wp\/v2\/media\/5885"}],"wp:attachment":[{"href":"https:\/\/soft99.com.br\/lojaoficial\/wp-json\/wp\/v2\/media?parent=5739"}],"wp:term":[{"taxonomy":"product_cat","embeddable":true,"href":"https:\/\/soft99.com.br\/lojaoficial\/wp-json\/wp\/v2\/product_cat?post=5739"},{"taxonomy":"product_tag","embeddable":true,"href":"https:\/\/soft99.com.br\/lojaoficial\/wp-json\/wp\/v2\/product_tag?post=5739"}],"curies":[{"name":"wp","href":"https:\/\/api.w.org\/{rel}","templated":true}]}}