{"id":5737,"date":"2022-04-01T16:08:29","date_gmt":"2022-04-01T19:08:29","guid":{"rendered":"https:\/\/soft99.com.br\/lojaoficial\/product\/shampoo-neutro-creamy-hortela\/"},"modified":"2024-02-27T14:00:46","modified_gmt":"2024-02-27T17:00:46","slug":"shampoo-neutro-creamy-hortela","status":"publish","type":"product","link":"https:\/\/soft99.com.br\/lojaoficial\/produto\/shampoo-neutro-creamy-hortela\/","title":{"rendered":"Lava Auto Neutro Creamy Hortel\u00e3"},"content":{"rendered":"<p>O <strong>Lava Auto Neutro Creamy<\/strong> \u00e9 indicado para<strong> lavagens de manuten\u00e7\u00e3o<\/strong>, pois limpa sem remover ceras, selantes ou coatings aplicados anteriormente. Sua tecnologia permite que o ve\u00edculo seja ensaboado inteiramente para depois enxagu\u00e1-lo sem a preocupa\u00e7\u00e3o de que o produto seque no ve\u00edculo e cause manchas ou que a sujeira grude novamente. Isso elimina a aplica\u00e7\u00e3o e enx\u00e1gue por partes. Na pr\u00e1tica, isso representa uma <strong>economia de 11% de \u00e1gua e 20% no tempo gasto em compara\u00e7\u00e3o com um lava auto normal.<\/strong> A forma de utiliza\u00e7\u00e3o pode ser de 2 maneiras: com dilui\u00e7\u00e3o at\u00e9 1\/50 ou direto na esponja. Fragr\u00e2ncia agrad\u00e1vel de hortel\u00e3.<\/p>\n","protected":false},"excerpt":{"rendered":"<p>Shampoo automotivo com aroma de hortel\u00e3 para lavagens<\/p>\n","protected":false},"featured_media":5888,"comment_status":"open","ping_status":"closed","template":"","meta":[],"product_cat":[74,76],"product_tag":[],"acf":[],"_links":{"self":[{"href":"https:\/\/soft99.com.br\/lojaoficial\/wp-json\/wp\/v2\/product\/5737"}],"collection":[{"href":"https:\/\/soft99.com.br\/lojaoficial\/wp-json\/wp\/v2\/product"}],"about":[{"href":"https:\/\/soft99.com.br\/lojaoficial\/wp-json\/wp\/v2\/types\/product"}],"replies":[{"embeddable":true,"href":"https:\/\/soft99.com.br\/lojaoficial\/wp-json\/wp\/v2\/comments?post=5737"}],"wp:featuredmedia":[{"embeddable":true,"href":"https:\/\/soft99.com.br\/lojaoficial\/wp-json\/wp\/v2\/media\/5888"}],"wp:attachment":[{"href":"https:\/\/soft99.com.br\/lojaoficial\/wp-json\/wp\/v2\/media?parent=5737"}],"wp:term":[{"taxonomy":"product_cat","embeddable":true,"href":"https:\/\/soft99.com.br\/lojaoficial\/wp-json\/wp\/v2\/product_cat?post=5737"},{"taxonomy":"product_tag","embeddable":true,"href":"https:\/\/soft99.com.br\/lojaoficial\/wp-json\/wp\/v2\/product_tag?post=5737"}],"curies":[{"name":"wp","href":"https:\/\/api.w.org\/{rel}","templated":true}]}}