{"id":5736,"date":"2022-04-01T16:08:29","date_gmt":"2022-04-01T19:08:29","guid":{"rendered":"https:\/\/soft99.com.br\/lojaoficial\/product\/super-cloth-microfibra-alta-absorcao\/"},"modified":"2024-02-27T11:52:40","modified_gmt":"2024-02-27T14:52:40","slug":"super-cloth-microfibra-alta-absorcao","status":"publish","type":"product","link":"https:\/\/soft99.com.br\/lojaoficial\/produto\/super-cloth-microfibra-alta-absorcao\/","title":{"rendered":"Super Cloth &#8211; Microfibra Alta Absor\u00e7\u00e3o"},"content":{"rendered":"<p>Com poder de absor\u00e7\u00e3o at\u00e9 16 vezes mais r\u00e1pido que as tolhas de microfibras comuns, Super Cloth \u00e9 indicada para secagem e lustro. Possui tramas macias com fibras 100 vezes mais finas que um fio de cabelo. Super Cloth n\u00e3o desfia durante a utiliza\u00e7\u00e3o, evitando assim a soltura de pelos. Utilizada tamb\u00e9m para limpeza de superf\u00edcies, lustro de ceras e selantes.<\/p>\n<p><iframe title=\"Flanela De Microfibra Super Cloth SOFT99\" width=\"500\" height=\"281\" src=\"https:\/\/www.youtube.com\/embed\/v9l5TMlGqeU?feature=oembed\" frameborder=\"0\" allow=\"accelerometer; autoplay; clipboard-write; encrypted-media; gyroscope; picture-in-picture; web-share\" referrerpolicy=\"strict-origin-when-cross-origin\" allowfullscreen><\/iframe><\/p>\n<p>&nbsp;<\/p>\n","protected":false},"excerpt":{"rendered":"<p>Toalha automotiva de microfibra de alta absor\u00e7\u00e3o<\/p>\n","protected":false},"featured_media":5890,"comment_status":"open","ping_status":"closed","template":"","meta":[],"product_cat":[332,55],"product_tag":[],"acf":[],"_links":{"self":[{"href":"https:\/\/soft99.com.br\/lojaoficial\/wp-json\/wp\/v2\/product\/5736"}],"collection":[{"href":"https:\/\/soft99.com.br\/lojaoficial\/wp-json\/wp\/v2\/product"}],"about":[{"href":"https:\/\/soft99.com.br\/lojaoficial\/wp-json\/wp\/v2\/types\/product"}],"replies":[{"embeddable":true,"href":"https:\/\/soft99.com.br\/lojaoficial\/wp-json\/wp\/v2\/comments?post=5736"}],"wp:featuredmedia":[{"embeddable":true,"href":"https:\/\/soft99.com.br\/lojaoficial\/wp-json\/wp\/v2\/media\/5890"}],"wp:attachment":[{"href":"https:\/\/soft99.com.br\/lojaoficial\/wp-json\/wp\/v2\/media?parent=5736"}],"wp:term":[{"taxonomy":"product_cat","embeddable":true,"href":"https:\/\/soft99.com.br\/lojaoficial\/wp-json\/wp\/v2\/product_cat?post=5736"},{"taxonomy":"product_tag","embeddable":true,"href":"https:\/\/soft99.com.br\/lojaoficial\/wp-json\/wp\/v2\/product_tag?post=5736"}],"curies":[{"name":"wp","href":"https:\/\/api.w.org\/{rel}","templated":true}]}}