{"id":5735,"date":"2022-04-01T16:08:28","date_gmt":"2022-04-01T19:08:28","guid":{"rendered":"https:\/\/soft99.com.br\/lojaoficial\/product\/premium-micro-cloth-microfibra-premium\/"},"modified":"2024-02-27T11:52:05","modified_gmt":"2024-02-27T14:52:05","slug":"premium-micro-cloth-microfibra-premium","status":"publish","type":"product","link":"https:\/\/soft99.com.br\/lojaoficial\/produto\/premium-micro-cloth-microfibra-premium\/","title":{"rendered":"Premium Micro cloth &#8211; Microfibra Premium"},"content":{"rendered":"<p>Micro Cloth \u00e9 uma tolha de microfibra ultramacia, rica em fibras ultrafinas que absorvem as gotas de \u00e1gua instantaneamente com um grande poder de reten\u00e7\u00e3o de l\u00edquido. Durante o processo de fabrica\u00e7\u00e3o as pontas dos fios s\u00e3o cortadas com perfeito acabamento, resultando em toque macio com amortecimento que reduz o atrito com a superf\u00edcie impedindo riscos. Pode ser usada seca para processos de vitrifica\u00e7\u00e3o, polimento e enceramento e em limpezas internas de pain\u00e9is e multim\u00eddia.<\/p>\n<div><\/div>\n<div><img decoding=\"async\" id=\"comp-jzu9fyjsimgimage\" src=\"https:\/\/static.wixstatic.com\/media\/f4aea3_a114fde3170e4ef6893f8c3713edf848~mv2.jpg\/v1\/fill\/w_420,h_289,al_c,q_80,usm_0.66_1.00_0.01\/MICRO-CLOTH-IMAGEM.webp\" alt=\"MICRO-CLOTH-IMAGEM.jpg\" data-type=\"image\" data-src=\"\" \/><\/div>\n","protected":false},"excerpt":{"rendered":"<p>Toalha automotiva premium com alto poder de reten\u00e7\u00e3o de l\u00edquido<\/p>\n","protected":false},"featured_media":5904,"comment_status":"open","ping_status":"closed","template":"","meta":[],"product_cat":[55],"product_tag":[],"acf":[],"_links":{"self":[{"href":"https:\/\/soft99.com.br\/lojaoficial\/wp-json\/wp\/v2\/product\/5735"}],"collection":[{"href":"https:\/\/soft99.com.br\/lojaoficial\/wp-json\/wp\/v2\/product"}],"about":[{"href":"https:\/\/soft99.com.br\/lojaoficial\/wp-json\/wp\/v2\/types\/product"}],"replies":[{"embeddable":true,"href":"https:\/\/soft99.com.br\/lojaoficial\/wp-json\/wp\/v2\/comments?post=5735"}],"wp:featuredmedia":[{"embeddable":true,"href":"https:\/\/soft99.com.br\/lojaoficial\/wp-json\/wp\/v2\/media\/5904"}],"wp:attachment":[{"href":"https:\/\/soft99.com.br\/lojaoficial\/wp-json\/wp\/v2\/media?parent=5735"}],"wp:term":[{"taxonomy":"product_cat","embeddable":true,"href":"https:\/\/soft99.com.br\/lojaoficial\/wp-json\/wp\/v2\/product_cat?post=5735"},{"taxonomy":"product_tag","embeddable":true,"href":"https:\/\/soft99.com.br\/lojaoficial\/wp-json\/wp\/v2\/product_tag?post=5735"}],"curies":[{"name":"wp","href":"https:\/\/api.w.org\/{rel}","templated":true}]}}