{"id":5733,"date":"2022-04-01T16:08:28","date_gmt":"2022-04-01T19:08:28","guid":{"rendered":"https:\/\/soft99.com.br\/lojaoficial\/product\/car-tissue-lenco-umedecido-automotivo-80-unidades\/"},"modified":"2024-02-27T11:49:27","modified_gmt":"2024-02-27T14:49:27","slug":"car-tissue-lenco-umedecido-automotivo-80-unidades","status":"publish","type":"product","link":"https:\/\/soft99.com.br\/lojaoficial\/produto\/car-tissue-lenco-umedecido-automotivo-80-unidades\/","title":{"rendered":"Car Tissue Len\u00e7o Umedecido Automotivo (80 unidades)"},"content":{"rendered":"<p>Se a ideia \u00e9 limpar e higienizar rapidamente e de maneira pr\u00e1tica as mais diversas \u00e1reas do carro, uma excelente op\u00e7\u00e3o s\u00e3o os len\u00e7os umedecidos Car Tissue. Eles s\u00e3o ANTIGERMES, ANTIBACTERICIDAS e cont\u00e9m, em sua f\u00f3rmula, extrato de babosa que ajuda na hidrata\u00e7\u00e3o, principalmente de partes pl\u00e1sticas e couro. Diferente de outros lencinhos umedecidos, o Car tissue foi elaborado especificamente para ser usado no carro. A embalagem, bem mais resistente que as existentes no mercado, suporta temperaturas mais altas, pode ser armazenado dentro do porta-luvas, sem comprometimento da efici\u00eancia do produto.<\/p>\n","protected":false},"excerpt":{"rendered":"<p>Len\u00e7os umedecidos descart\u00e1veis pr\u00f3prios para aplica\u00e7\u00e3o em autom\u00f3veis<\/p>\n","protected":false},"featured_media":5902,"comment_status":"open","ping_status":"closed","template":"","meta":[],"product_cat":[34,55],"product_tag":[],"acf":[],"_links":{"self":[{"href":"https:\/\/soft99.com.br\/lojaoficial\/wp-json\/wp\/v2\/product\/5733"}],"collection":[{"href":"https:\/\/soft99.com.br\/lojaoficial\/wp-json\/wp\/v2\/product"}],"about":[{"href":"https:\/\/soft99.com.br\/lojaoficial\/wp-json\/wp\/v2\/types\/product"}],"replies":[{"embeddable":true,"href":"https:\/\/soft99.com.br\/lojaoficial\/wp-json\/wp\/v2\/comments?post=5733"}],"wp:featuredmedia":[{"embeddable":true,"href":"https:\/\/soft99.com.br\/lojaoficial\/wp-json\/wp\/v2\/media\/5902"}],"wp:attachment":[{"href":"https:\/\/soft99.com.br\/lojaoficial\/wp-json\/wp\/v2\/media?parent=5733"}],"wp:term":[{"taxonomy":"product_cat","embeddable":true,"href":"https:\/\/soft99.com.br\/lojaoficial\/wp-json\/wp\/v2\/product_cat?post=5733"},{"taxonomy":"product_tag","embeddable":true,"href":"https:\/\/soft99.com.br\/lojaoficial\/wp-json\/wp\/v2\/product_tag?post=5733"}],"curies":[{"name":"wp","href":"https:\/\/api.w.org\/{rel}","templated":true}]}}