{"id":5732,"date":"2022-04-01T16:08:28","date_gmt":"2022-04-01T19:08:28","guid":{"rendered":"https:\/\/soft99.com.br\/lojaoficial\/product\/micro-chema-pequena-toalha-de-secagem\/"},"modified":"2024-03-19T12:05:05","modified_gmt":"2024-03-19T15:05:05","slug":"micro-chema-pequena-toalha-de-secagem","status":"publish","type":"product","link":"https:\/\/soft99.com.br\/lojaoficial\/produto\/micro-chema-pequena-toalha-de-secagem\/","title":{"rendered":"Micro Chema Pequena &#8211; Toalha de Secagem"},"content":{"rendered":"<p>Micro Chema \u00e9 uma toalha pr\u00f3pria para secagem. Com fios de poliuretano tran\u00e7ados a incr\u00edvel 0.5 m\u00edcron, ela proporciona uma absor\u00e7\u00e3o superior \u00e0 de tecidos convencionais. Extremamente eficiente, facilita muito na hora da secagem do ve\u00edculo. \u00c9 fabricada com tecido resistente e dur\u00e1vel. N\u00e3o gera \u201cstress\u201d em contato com a lataria, desliza de forma suave evitando, dessa forma, microrriscos e rastros de \u00e1gua. Ap\u00f3s a secagem a toalha n\u00e3o endurece.<\/p>\n","protected":false},"excerpt":{"rendered":"<p>Toalha automotiva indicada para secagem<\/p>\n","protected":false},"featured_media":5907,"comment_status":"open","ping_status":"closed","template":"","meta":[],"product_cat":[55],"product_tag":[],"acf":[],"_links":{"self":[{"href":"https:\/\/soft99.com.br\/lojaoficial\/wp-json\/wp\/v2\/product\/5732"}],"collection":[{"href":"https:\/\/soft99.com.br\/lojaoficial\/wp-json\/wp\/v2\/product"}],"about":[{"href":"https:\/\/soft99.com.br\/lojaoficial\/wp-json\/wp\/v2\/types\/product"}],"replies":[{"embeddable":true,"href":"https:\/\/soft99.com.br\/lojaoficial\/wp-json\/wp\/v2\/comments?post=5732"}],"wp:featuredmedia":[{"embeddable":true,"href":"https:\/\/soft99.com.br\/lojaoficial\/wp-json\/wp\/v2\/media\/5907"}],"wp:attachment":[{"href":"https:\/\/soft99.com.br\/lojaoficial\/wp-json\/wp\/v2\/media?parent=5732"}],"wp:term":[{"taxonomy":"product_cat","embeddable":true,"href":"https:\/\/soft99.com.br\/lojaoficial\/wp-json\/wp\/v2\/product_cat?post=5732"},{"taxonomy":"product_tag","embeddable":true,"href":"https:\/\/soft99.com.br\/lojaoficial\/wp-json\/wp\/v2\/product_tag?post=5732"}],"curies":[{"name":"wp","href":"https:\/\/api.w.org\/{rel}","templated":true}]}}