{"id":5731,"date":"2022-04-01T16:08:28","date_gmt":"2022-04-01T19:08:28","guid":{"rendered":"https:\/\/soft99.com.br\/lojaoficial\/product\/body-towel-toalha-100-algodao\/"},"modified":"2024-02-27T11:47:02","modified_gmt":"2024-02-27T14:47:02","slug":"body-towel-toalha-100-algodao","status":"publish","type":"product","link":"https:\/\/soft99.com.br\/lojaoficial\/produto\/body-towel-toalha-100-algodao\/","title":{"rendered":"Body Towel &#8211; Toalha 100% Algod\u00e3o"},"content":{"rendered":"<p>Toalha de uso geral, produzida com tecido 100% algod\u00e3o. Body Towel \u00e9 ideal para absor\u00e7\u00e3o de l\u00edquidos e limpeza de vidros. Seus fios supermacios, evitam riscos durante o manuseio. Muito resistente, f\u00e1cil de dobrar e usar. Lav\u00e1vel e reutiliz\u00e1vel.<\/p>\n","protected":false},"excerpt":{"rendered":"<p>Toalha automotiva 100% algod\u00e3o<\/p>\n","protected":false},"featured_media":5906,"comment_status":"open","ping_status":"closed","template":"","meta":[],"product_cat":[55],"product_tag":[],"acf":[],"_links":{"self":[{"href":"https:\/\/soft99.com.br\/lojaoficial\/wp-json\/wp\/v2\/product\/5731"}],"collection":[{"href":"https:\/\/soft99.com.br\/lojaoficial\/wp-json\/wp\/v2\/product"}],"about":[{"href":"https:\/\/soft99.com.br\/lojaoficial\/wp-json\/wp\/v2\/types\/product"}],"replies":[{"embeddable":true,"href":"https:\/\/soft99.com.br\/lojaoficial\/wp-json\/wp\/v2\/comments?post=5731"}],"wp:featuredmedia":[{"embeddable":true,"href":"https:\/\/soft99.com.br\/lojaoficial\/wp-json\/wp\/v2\/media\/5906"}],"wp:attachment":[{"href":"https:\/\/soft99.com.br\/lojaoficial\/wp-json\/wp\/v2\/media?parent=5731"}],"wp:term":[{"taxonomy":"product_cat","embeddable":true,"href":"https:\/\/soft99.com.br\/lojaoficial\/wp-json\/wp\/v2\/product_cat?post=5731"},{"taxonomy":"product_tag","embeddable":true,"href":"https:\/\/soft99.com.br\/lojaoficial\/wp-json\/wp\/v2\/product_tag?post=5731"}],"curies":[{"name":"wp","href":"https:\/\/api.w.org\/{rel}","templated":true}]}}