{"id":5730,"date":"2022-04-01T16:08:28","date_gmt":"2022-04-01T19:08:28","guid":{"rendered":"https:\/\/soft99.com.br\/lojaoficial\/product\/hybrid-washing-cloth-toalha-dupla-face-anti-risco-lava-seca\/"},"modified":"2024-02-27T11:46:20","modified_gmt":"2024-02-27T14:46:20","slug":"hybrid-washing-cloth-toalha-dupla-face-anti-risco-lava-seca","status":"publish","type":"product","link":"https:\/\/soft99.com.br\/lojaoficial\/produto\/hybrid-washing-cloth-toalha-dupla-face-anti-risco-lava-seca\/","title":{"rendered":"Hybrid Washing cloth &#8211; toalha dupla face anti risco (lava\/seca)"},"content":{"rendered":"<p>Hybrid Cloth \u00e9 uma toalha automotiva dupla face, antirriscos, utilizada para lavagem e secagem de ve\u00edculos. Para ve\u00edculos vitrificados, a lavagem pode ser feita sem o uso de shampoo, somente com \u00e1gua. O lado azul da toalha \u00e9 para lavagem e tem alto poder de remover sujeiras; j\u00e1 o lado branco \u00e9 indicado para secagem devido ao alto poder de absor\u00e7\u00e3o.<\/p>\n","protected":false},"excerpt":{"rendered":"<p>Toalha automotiva dupla-face, antirriscos<\/p>\n","protected":false},"featured_media":5908,"comment_status":"open","ping_status":"closed","template":"","meta":[],"product_cat":[55],"product_tag":[],"acf":[],"_links":{"self":[{"href":"https:\/\/soft99.com.br\/lojaoficial\/wp-json\/wp\/v2\/product\/5730"}],"collection":[{"href":"https:\/\/soft99.com.br\/lojaoficial\/wp-json\/wp\/v2\/product"}],"about":[{"href":"https:\/\/soft99.com.br\/lojaoficial\/wp-json\/wp\/v2\/types\/product"}],"replies":[{"embeddable":true,"href":"https:\/\/soft99.com.br\/lojaoficial\/wp-json\/wp\/v2\/comments?post=5730"}],"wp:featuredmedia":[{"embeddable":true,"href":"https:\/\/soft99.com.br\/lojaoficial\/wp-json\/wp\/v2\/media\/5908"}],"wp:attachment":[{"href":"https:\/\/soft99.com.br\/lojaoficial\/wp-json\/wp\/v2\/media?parent=5730"}],"wp:term":[{"taxonomy":"product_cat","embeddable":true,"href":"https:\/\/soft99.com.br\/lojaoficial\/wp-json\/wp\/v2\/product_cat?post=5730"},{"taxonomy":"product_tag","embeddable":true,"href":"https:\/\/soft99.com.br\/lojaoficial\/wp-json\/wp\/v2\/product_tag?post=5730"}],"curies":[{"name":"wp","href":"https:\/\/api.w.org\/{rel}","templated":true}]}}