{"id":5729,"date":"2022-04-01T16:08:27","date_gmt":"2022-04-01T19:08:27","guid":{"rendered":"https:\/\/soft99.com.br\/lojaoficial\/product\/toalha-multiuso-de-seda-artificial-new-sleekloth\/"},"modified":"2024-02-27T11:44:47","modified_gmt":"2024-02-27T14:44:47","slug":"toalha-multiuso-de-seda-artificial-new-sleekloth","status":"publish","type":"product","link":"https:\/\/soft99.com.br\/lojaoficial\/produto\/toalha-multiuso-de-seda-artificial-new-sleekloth\/","title":{"rendered":"Toalha multiuso de seda artificial &#8211; NEW SLEEKLOTH"},"content":{"rendered":"<p>New Sleekloth \u00e9 uma toalha multiuso, fabricada com 100% rayon japon\u00eas e indicada para limpezas diversas, lustro de ceras, selantes, vitrificadores, limpeza de lataria, vidros, partes pl\u00e1sticas, limpeza interior, pneus e rodas, partes inferiores, cofre do motor, aplica\u00e7\u00e3o e remo\u00e7\u00e3o de produtos qu\u00edmicos, etc. Com excelente poder de absor\u00e7\u00e3o de sujeira e l\u00edquidos, a toalha New Sleekloth mede 55 cm x 36 cm, tamanho ideal para utiliza\u00e7\u00e3o em qualquer \u00e1rea. S\u00e3o 12 unidades descart\u00e1veis e dobradas separadamente. O tecido 100% rayon japon\u00eas \u00e9 um material biodegrad\u00e1vel.<\/p>\n","protected":false},"excerpt":{"rendered":"<p>Toalha multiuso de seda artificial 100% rayon japon\u00eas<\/p>\n","protected":false},"featured_media":5929,"comment_status":"open","ping_status":"closed","template":"","meta":[],"product_cat":[55],"product_tag":[],"acf":[],"_links":{"self":[{"href":"https:\/\/soft99.com.br\/lojaoficial\/wp-json\/wp\/v2\/product\/5729"}],"collection":[{"href":"https:\/\/soft99.com.br\/lojaoficial\/wp-json\/wp\/v2\/product"}],"about":[{"href":"https:\/\/soft99.com.br\/lojaoficial\/wp-json\/wp\/v2\/types\/product"}],"replies":[{"embeddable":true,"href":"https:\/\/soft99.com.br\/lojaoficial\/wp-json\/wp\/v2\/comments?post=5729"}],"wp:featuredmedia":[{"embeddable":true,"href":"https:\/\/soft99.com.br\/lojaoficial\/wp-json\/wp\/v2\/media\/5929"}],"wp:attachment":[{"href":"https:\/\/soft99.com.br\/lojaoficial\/wp-json\/wp\/v2\/media?parent=5729"}],"wp:term":[{"taxonomy":"product_cat","embeddable":true,"href":"https:\/\/soft99.com.br\/lojaoficial\/wp-json\/wp\/v2\/product_cat?post=5729"},{"taxonomy":"product_tag","embeddable":true,"href":"https:\/\/soft99.com.br\/lojaoficial\/wp-json\/wp\/v2\/product_tag?post=5729"}],"curies":[{"name":"wp","href":"https:\/\/api.w.org\/{rel}","templated":true}]}}