{"id":5728,"date":"2022-04-01T16:08:27","date_gmt":"2022-04-01T19:08:27","guid":{"rendered":"https:\/\/soft99.com.br\/lojaoficial\/product\/toalha-de-lustro-beauty-cloth-raion-pele-de-raposa\/"},"modified":"2024-02-27T11:44:10","modified_gmt":"2024-02-27T14:44:10","slug":"toalha-de-lustro-beauty-cloth-raion-pele-de-raposa","status":"publish","type":"product","link":"https:\/\/soft99.com.br\/lojaoficial\/produto\/toalha-de-lustro-beauty-cloth-raion-pele-de-raposa\/","title":{"rendered":"Toalha de lustro Beauty Cloth raion &#8211; &#8220;Pele de raposa&#8221;"},"content":{"rendered":"<p>Beauty Cloth \u00e9 a toalha automotiva da Soft99 conhecida como &#8220;PELE DE RAPOSA&#8221;. O apelido se deve \u00e0 sua textura. Desenvolvida para dar lustro \u00e0 lataria ap\u00f3s a aplica\u00e7\u00e3o da cera. Ela remove o excesso de ceras e selantes de forma uniforme melhorando dessa forma o reflexo. Desenvolvida com um tecido especial japon\u00eas, a Beauty Cloth n\u00e3o provoca choque eletrost\u00e1tico impedindo assim que a poeira grude no ve\u00edculo nas primeiras horas ap\u00f3s o lustro. Pode ser utilizada tamb\u00e9m para dar lustro nos vidros do ve\u00edculo.<\/p>\n<div><\/div>\n<div><img decoding=\"async\" id=\"comp-jk0699k4imgimage\" src=\"https:\/\/static.wixstatic.com\/media\/f4aea3_931611994581484798b431c7d8a48550~mv2.png\/v1\/fill\/w_896,h_279,al_c,q_80,usm_0.66_1.00_0.01\/grafico.webp\" alt=\"grafico.png\" data-type=\"image\" data-src=\"\" \/><\/div>\n","protected":false},"excerpt":{"rendered":"<p>Toalha de lustro \u201cpele de raposa\u201d<\/p>\n","protected":false},"featured_media":5850,"comment_status":"open","ping_status":"closed","template":"","meta":[],"product_cat":[55],"product_tag":[],"acf":[],"_links":{"self":[{"href":"https:\/\/soft99.com.br\/lojaoficial\/wp-json\/wp\/v2\/product\/5728"}],"collection":[{"href":"https:\/\/soft99.com.br\/lojaoficial\/wp-json\/wp\/v2\/product"}],"about":[{"href":"https:\/\/soft99.com.br\/lojaoficial\/wp-json\/wp\/v2\/types\/product"}],"replies":[{"embeddable":true,"href":"https:\/\/soft99.com.br\/lojaoficial\/wp-json\/wp\/v2\/comments?post=5728"}],"wp:featuredmedia":[{"embeddable":true,"href":"https:\/\/soft99.com.br\/lojaoficial\/wp-json\/wp\/v2\/media\/5850"}],"wp:attachment":[{"href":"https:\/\/soft99.com.br\/lojaoficial\/wp-json\/wp\/v2\/media?parent=5728"}],"wp:term":[{"taxonomy":"product_cat","embeddable":true,"href":"https:\/\/soft99.com.br\/lojaoficial\/wp-json\/wp\/v2\/product_cat?post=5728"},{"taxonomy":"product_tag","embeddable":true,"href":"https:\/\/soft99.com.br\/lojaoficial\/wp-json\/wp\/v2\/product_tag?post=5728"}],"curies":[{"name":"wp","href":"https:\/\/api.w.org\/{rel}","templated":true}]}}