{"id":5727,"date":"2022-04-01T16:08:27","date_gmt":"2022-04-01T19:08:27","guid":{"rendered":"https:\/\/soft99.com.br\/lojaoficial\/product\/nano-hard-coat-para-plastico-restaurador-e-protetor\/"},"modified":"2024-04-01T02:27:57","modified_gmt":"2024-04-01T05:27:57","slug":"nano-hard-coat-para-plastico-restaurador-e-protetor","status":"publish","type":"product","link":"https:\/\/soft99.com.br\/lojaoficial\/produto\/nano-hard-coat-para-plastico-restaurador-e-protetor\/","title":{"rendered":"Nano Hard &#8211; Coat para Pl\u00e1stico (restaurador e protetor)"},"content":{"rendered":"<p>Nano Hard \u00e9 um restaurador de pl\u00e1sticos que gera uma camada v\u00edtrea (Coat) sobre superf\u00edcies pl\u00e1sticas, devolvendo o brilho das pe\u00e7as esbranqui\u00e7adas resultando em uma apar\u00eancia original. Em pe\u00e7as novas, protege contra o ressecamento. Em sua formula\u00e7\u00e3o possui o composto de sil\u00edcio que proporciona alta durabilidade (6 meses a 1 ano) e resist\u00eancia ao calor (at\u00e9 300\u00b0). Nano Hard \u00e9 indicado para partes pl\u00e1sticas n\u00e3o pintadas de carros e motos, podendo ser aplicado em pl\u00e1sticos pr\u00f3ximos ao motor, pois suporta altas temperaturas. O melhor resultado da aplica\u00e7\u00e3o \u00e9 obtido em pl\u00e1sticos de cores escuras.<\/p>\n","protected":false},"excerpt":{"rendered":"<p>Coat restaurador de pl\u00e1sticos<\/p>\n","protected":false},"featured_media":6306,"comment_status":"open","ping_status":"closed","template":"","meta":[],"product_cat":[41,67],"product_tag":[],"acf":[],"_links":{"self":[{"href":"https:\/\/soft99.com.br\/lojaoficial\/wp-json\/wp\/v2\/product\/5727"}],"collection":[{"href":"https:\/\/soft99.com.br\/lojaoficial\/wp-json\/wp\/v2\/product"}],"about":[{"href":"https:\/\/soft99.com.br\/lojaoficial\/wp-json\/wp\/v2\/types\/product"}],"replies":[{"embeddable":true,"href":"https:\/\/soft99.com.br\/lojaoficial\/wp-json\/wp\/v2\/comments?post=5727"}],"wp:featuredmedia":[{"embeddable":true,"href":"https:\/\/soft99.com.br\/lojaoficial\/wp-json\/wp\/v2\/media\/6306"}],"wp:attachment":[{"href":"https:\/\/soft99.com.br\/lojaoficial\/wp-json\/wp\/v2\/media?parent=5727"}],"wp:term":[{"taxonomy":"product_cat","embeddable":true,"href":"https:\/\/soft99.com.br\/lojaoficial\/wp-json\/wp\/v2\/product_cat?post=5727"},{"taxonomy":"product_tag","embeddable":true,"href":"https:\/\/soft99.com.br\/lojaoficial\/wp-json\/wp\/v2\/product_tag?post=5727"}],"curies":[{"name":"wp","href":"https:\/\/api.w.org\/{rel}","templated":true}]}}