{"id":5725,"date":"2022-04-01T16:08:27","date_gmt":"2022-04-01T19:08:27","guid":{"rendered":"https:\/\/soft99.com.br\/lojaoficial\/product\/wheel-dust-blocker-impermeabilizante-de-rodas\/"},"modified":"2023-06-05T09:28:05","modified_gmt":"2023-06-05T12:28:05","slug":"wheel-dust-blocker-impermeabilizante-de-rodas","status":"publish","type":"product","link":"https:\/\/soft99.com.br\/lojaoficial\/produto\/wheel-dust-blocker-impermeabilizante-de-rodas\/","title":{"rendered":"Wheel Dust Blocker &#8211; Impermeabilizante de Rodas"},"content":{"rendered":"<p>Wheel Dust Blocker \u00e9 um poderoso impermeabilizante de rodas. Ele cria uma pel\u00edcula protetora que evita que fuligens de pastilhas de freio, poluentes e sujeiras acumulem sobre as rodas. Age como impermeabilizante, deixando as rodas com apar\u00eancia sempre de novas, pois ao repelir a fuligem, previne a oxida\u00e7\u00e3o e fosqueamento delas. Wheel Dust Blocker acompanha 8 len\u00e7os umedecidos especiais que s\u00e3o usadas para limpeza antes da aplica\u00e7\u00e3o do produto. O produto garante at\u00e9 1.000km de rodas limpas por aplica\u00e7\u00e3o, protegendo de maneira inigual\u00e1vel.<\/p>\n<p><iframe title=\"Soft99 Wheel Dust Blocker - Roda Limpa\" width=\"500\" height=\"281\" src=\"https:\/\/www.youtube.com\/embed\/wC1OYvsat5c?feature=oembed\" frameborder=\"0\" allow=\"accelerometer; autoplay; clipboard-write; encrypted-media; gyroscope; picture-in-picture; web-share\" referrerpolicy=\"strict-origin-when-cross-origin\" allowfullscreen><\/iframe><\/p>\n<p>&nbsp;<\/p>\n","protected":false},"excerpt":{"rendered":"<p>Impermeabilizante de rodas, repele drasticamente a sujeira<\/p>\n","protected":false},"featured_media":5899,"comment_status":"open","ping_status":"closed","template":"","meta":[],"product_cat":[69,73],"product_tag":[],"acf":[],"_links":{"self":[{"href":"https:\/\/soft99.com.br\/lojaoficial\/wp-json\/wp\/v2\/product\/5725"}],"collection":[{"href":"https:\/\/soft99.com.br\/lojaoficial\/wp-json\/wp\/v2\/product"}],"about":[{"href":"https:\/\/soft99.com.br\/lojaoficial\/wp-json\/wp\/v2\/types\/product"}],"replies":[{"embeddable":true,"href":"https:\/\/soft99.com.br\/lojaoficial\/wp-json\/wp\/v2\/comments?post=5725"}],"wp:featuredmedia":[{"embeddable":true,"href":"https:\/\/soft99.com.br\/lojaoficial\/wp-json\/wp\/v2\/media\/5899"}],"wp:attachment":[{"href":"https:\/\/soft99.com.br\/lojaoficial\/wp-json\/wp\/v2\/media?parent=5725"}],"wp:term":[{"taxonomy":"product_cat","embeddable":true,"href":"https:\/\/soft99.com.br\/lojaoficial\/wp-json\/wp\/v2\/product_cat?post=5725"},{"taxonomy":"product_tag","embeddable":true,"href":"https:\/\/soft99.com.br\/lojaoficial\/wp-json\/wp\/v2\/product_tag?post=5725"}],"curies":[{"name":"wp","href":"https:\/\/api.w.org\/{rel}","templated":true}]}}