{"id":5724,"date":"2022-04-01T16:08:27","date_gmt":"2022-04-01T19:08:27","guid":{"rendered":"https:\/\/soft99.com.br\/lojaoficial\/product\/black-magic-super-preto-para-pneus\/"},"modified":"2024-02-27T11:32:05","modified_gmt":"2024-02-27T14:32:05","slug":"black-magic-super-preto-para-pneus","status":"publish","type":"product","link":"https:\/\/soft99.com.br\/lojaoficial\/produto\/black-magic-super-preto-para-pneus\/","title":{"rendered":"Black Magic &#8211; Super preto para Pneus"},"content":{"rendered":"<p>Black Magic \u00e9 um tratamento para pneus que traz um novo conceito do conhecido &#8220;pretinho&#8221; para pneus. Diferentemente de outros produtos similares dispon\u00edveis no mercado, que espirram na lataria, n\u00e3o duram nada e saem facilmente na lavagem do carro, Black Magic tem durabilidade de at\u00e9 60 dias. Seu brilho \u00e9 acetinado e seu resultado fica ainda melhor quando aplicado em pneus novos. Black Magic n\u00e3o deixa aspecto melado nem grudento. Ap\u00f3s aplica\u00e7\u00e3o, ele cria uma camada repelente a \u00e1gua e a sujeira, facilitando as pr\u00f3ximas lavagens.<\/p>\n<p>&nbsp;<\/p>\n<p><iframe title=\"Soft99 Black Magic - Tratamento Super Preto para Pneus\" width=\"500\" height=\"281\" src=\"https:\/\/www.youtube.com\/embed\/impg2P5jDe4?start=28&#038;feature=oembed\" frameborder=\"0\" allow=\"accelerometer; autoplay; clipboard-write; encrypted-media; gyroscope; picture-in-picture; web-share\" referrerpolicy=\"strict-origin-when-cross-origin\" allowfullscreen><\/iframe><\/p>\n","protected":false},"excerpt":{"rendered":"<p>Tratamento especial para pneus automotivos<\/p>\n","protected":false},"featured_media":5848,"comment_status":"open","ping_status":"closed","template":"","meta":[],"product_cat":[70,69,15],"product_tag":[],"acf":[],"_links":{"self":[{"href":"https:\/\/soft99.com.br\/lojaoficial\/wp-json\/wp\/v2\/product\/5724"}],"collection":[{"href":"https:\/\/soft99.com.br\/lojaoficial\/wp-json\/wp\/v2\/product"}],"about":[{"href":"https:\/\/soft99.com.br\/lojaoficial\/wp-json\/wp\/v2\/types\/product"}],"replies":[{"embeddable":true,"href":"https:\/\/soft99.com.br\/lojaoficial\/wp-json\/wp\/v2\/comments?post=5724"}],"wp:featuredmedia":[{"embeddable":true,"href":"https:\/\/soft99.com.br\/lojaoficial\/wp-json\/wp\/v2\/media\/5848"}],"wp:attachment":[{"href":"https:\/\/soft99.com.br\/lojaoficial\/wp-json\/wp\/v2\/media?parent=5724"}],"wp:term":[{"taxonomy":"product_cat","embeddable":true,"href":"https:\/\/soft99.com.br\/lojaoficial\/wp-json\/wp\/v2\/product_cat?post=5724"},{"taxonomy":"product_tag","embeddable":true,"href":"https:\/\/soft99.com.br\/lojaoficial\/wp-json\/wp\/v2\/product_tag?post=5724"}],"curies":[{"name":"wp","href":"https:\/\/api.w.org\/{rel}","templated":true}]}}