{"id":5723,"date":"2022-04-01T16:08:26","date_gmt":"2022-04-01T19:08:26","guid":{"rendered":"https:\/\/soft99.com.br\/lojaoficial\/product\/leather-seat-cleaner-mousse-limpador-de-couro-spray\/"},"modified":"2024-03-23T14:28:16","modified_gmt":"2024-03-23T17:28:16","slug":"leather-seat-cleaner-mousse-limpador-de-couro-spray","status":"publish","type":"product","link":"https:\/\/soft99.com.br\/lojaoficial\/produto\/leather-seat-cleaner-mousse-limpador-de-couro-spray\/","title":{"rendered":"Leather Seat Cleaner Mousse Limpador de Couro Spray"},"content":{"rendered":"<p>Leather Seat Cleaner \u00e9 um mousse espec\u00edfico para a limpeza de superf\u00edcies em couro natural. Remove encardidos e oleosidades sem agredir a superf\u00edcies. Atendendo \u00e0s normas internacionais de tr\u00e2nsito, seu uso n\u00e3o deixa o banco escorregadio. Leather Seat Cleaner nutre e evita a deteriora\u00e7\u00e3o do couro, pois cont\u00e9m Vitamina E em sua formula\u00e7\u00e3o. De fino acabamento, resulta em um toque seco sem a sensa\u00e7\u00e3o oleosa. N\u00e3o deixa odor ap\u00f3s a aplica\u00e7\u00e3o. Aplica\u00e7\u00e3o r\u00e1pida e f\u00e1cil podendo ser utilizado em couro natural e sint\u00e9ticos.<\/p>\n<p>&nbsp;<\/p>\n<p><iframe title=\"SOFT99 - Limpa Couro Spray\" width=\"500\" height=\"281\" src=\"https:\/\/www.youtube.com\/embed\/JoJOoQsH7UU?feature=oembed\" frameborder=\"0\" allow=\"accelerometer; autoplay; clipboard-write; encrypted-media; gyroscope; picture-in-picture; web-share\" referrerpolicy=\"strict-origin-when-cross-origin\" allowfullscreen><\/iframe><\/p>\n<p>&nbsp;<\/p>\n","protected":false},"excerpt":{"rendered":"<p>Limpa couro com textura mousse<\/p>\n","protected":false},"featured_media":5927,"comment_status":"open","ping_status":"closed","template":"","meta":[],"product_cat":[81,78],"product_tag":[],"acf":[],"_links":{"self":[{"href":"https:\/\/soft99.com.br\/lojaoficial\/wp-json\/wp\/v2\/product\/5723"}],"collection":[{"href":"https:\/\/soft99.com.br\/lojaoficial\/wp-json\/wp\/v2\/product"}],"about":[{"href":"https:\/\/soft99.com.br\/lojaoficial\/wp-json\/wp\/v2\/types\/product"}],"replies":[{"embeddable":true,"href":"https:\/\/soft99.com.br\/lojaoficial\/wp-json\/wp\/v2\/comments?post=5723"}],"wp:featuredmedia":[{"embeddable":true,"href":"https:\/\/soft99.com.br\/lojaoficial\/wp-json\/wp\/v2\/media\/5927"}],"wp:attachment":[{"href":"https:\/\/soft99.com.br\/lojaoficial\/wp-json\/wp\/v2\/media?parent=5723"}],"wp:term":[{"taxonomy":"product_cat","embeddable":true,"href":"https:\/\/soft99.com.br\/lojaoficial\/wp-json\/wp\/v2\/product_cat?post=5723"},{"taxonomy":"product_tag","embeddable":true,"href":"https:\/\/soft99.com.br\/lojaoficial\/wp-json\/wp\/v2\/product_tag?post=5723"}],"curies":[{"name":"wp","href":"https:\/\/api.w.org\/{rel}","templated":true}]}}