{"id":5722,"date":"2022-04-01T16:08:26","date_gmt":"2022-04-01T19:08:26","guid":{"rendered":"https:\/\/soft99.com.br\/lojaoficial\/product\/limpa-tecido-seat-cleaner-micro-mousse\/"},"modified":"2024-03-19T09:50:44","modified_gmt":"2024-03-19T12:50:44","slug":"limpa-tecido-seat-cleaner-micro-mousse","status":"publish","type":"product","link":"https:\/\/soft99.com.br\/lojaoficial\/produto\/limpa-tecido-seat-cleaner-micro-mousse\/","title":{"rendered":"Limpa Tecido Seat Cleaner (Micro Mousse)"},"content":{"rendered":"<p>Seat Cleaner \u00e9 um mousse para limpeza, indicado para bancos de tecido automotivo, cadeirinha de crian\u00e7a, materiais pl\u00e1sticos e sint\u00e9ticos, borracha entre outros. Indicado tamb\u00e9m para uso dom\u00e9stico em sof\u00e1s, cadeiras e carpetes. Com microbolhas e flavonoides, Seat Cleaner tem efeito limpante, desodorizante e desinfetante, deixando os materiais com uma limpeza profunda e aspecto de novo. \u00c9 um produto \u00e0 base de \u00e1gua que pode ser utilizado com seguran\u00e7a por qualquer pessoa. Acompanha escova embutida na tampa para esfrega\u00e7\u00e3o.<\/p>\n<p>&nbsp;<\/p>\n<p><iframe title=\"Limpeza de tecidos r\u00e1pida e f\u00e1cil!\" width=\"500\" height=\"281\" src=\"https:\/\/www.youtube.com\/embed\/uEbcAHFo51I?feature=oembed\" frameborder=\"0\" allow=\"accelerometer; autoplay; clipboard-write; encrypted-media; gyroscope; picture-in-picture; web-share\" referrerpolicy=\"strict-origin-when-cross-origin\" allowfullscreen><\/iframe><\/p>\n<p>&nbsp;<\/p>\n","protected":false},"excerpt":{"rendered":"<p>Limpa tecidos em formato mousse<\/p>\n","protected":false},"featured_media":5918,"comment_status":"open","ping_status":"closed","template":"","meta":[],"product_cat":[80,78],"product_tag":[],"acf":[],"_links":{"self":[{"href":"https:\/\/soft99.com.br\/lojaoficial\/wp-json\/wp\/v2\/product\/5722"}],"collection":[{"href":"https:\/\/soft99.com.br\/lojaoficial\/wp-json\/wp\/v2\/product"}],"about":[{"href":"https:\/\/soft99.com.br\/lojaoficial\/wp-json\/wp\/v2\/types\/product"}],"replies":[{"embeddable":true,"href":"https:\/\/soft99.com.br\/lojaoficial\/wp-json\/wp\/v2\/comments?post=5722"}],"wp:featuredmedia":[{"embeddable":true,"href":"https:\/\/soft99.com.br\/lojaoficial\/wp-json\/wp\/v2\/media\/5918"}],"wp:attachment":[{"href":"https:\/\/soft99.com.br\/lojaoficial\/wp-json\/wp\/v2\/media?parent=5722"}],"wp:term":[{"taxonomy":"product_cat","embeddable":true,"href":"https:\/\/soft99.com.br\/lojaoficial\/wp-json\/wp\/v2\/product_cat?post=5722"},{"taxonomy":"product_tag","embeddable":true,"href":"https:\/\/soft99.com.br\/lojaoficial\/wp-json\/wp\/v2\/product_tag?post=5722"}],"curies":[{"name":"wp","href":"https:\/\/api.w.org\/{rel}","templated":true}]}}