{"id":5721,"date":"2022-04-01T16:08:26","date_gmt":"2022-04-01T19:08:26","guid":{"rendered":"https:\/\/soft99.com.br\/lojaoficial\/product\/revitalizador-automotivo-leather-tire-wax\/"},"modified":"2024-04-07T20:31:14","modified_gmt":"2024-04-07T23:31:14","slug":"revitalizador-automotivo-leather-tire-wax","status":"publish","type":"product","link":"https:\/\/soft99.com.br\/lojaoficial\/produto\/revitalizador-automotivo-leather-tire-wax\/","title":{"rendered":"Revitalizador automotivo LEATHER &amp; TIRE WAX"},"content":{"rendered":"<p>Revitalizador Protetivo Leather &amp; Tire Wax revitaliza, devolve a cor original de pl\u00e1sticos e borrachas, sem deixar as superf\u00edcies \u201cmeladas\u201d. Protege contra a deteriora\u00e7\u00e3o e sujeira. Indicado para as partes internas do autom\u00f3vel e para pneus, capota mar\u00edtima, pl\u00e1sticos externos e bancos com acabamento sint\u00e9tico. De f\u00e1cil aplica\u00e7\u00e3o, n\u00e3o escorre. Produto testado e aprovado pela Revista Quatro Rodas.<\/p>\n<p>&nbsp;<\/p>\n<p><iframe title=\"Como limpar e proteger partes internas\" width=\"500\" height=\"281\" src=\"https:\/\/www.youtube.com\/embed\/Ro53uWBwkSc?start=1&#038;feature=oembed\" frameborder=\"0\" allow=\"accelerometer; autoplay; clipboard-write; encrypted-media; gyroscope; picture-in-picture; web-share\" referrerpolicy=\"strict-origin-when-cross-origin\" allowfullscreen><\/iframe><\/p>\n<p>&nbsp;<\/p>\n","protected":false},"excerpt":{"rendered":"<p>Revitalizador e protetor de pl\u00e1sticos e borrachas<\/p>\n","protected":false},"featured_media":5905,"comment_status":"open","ping_status":"closed","template":"","meta":[],"product_cat":[69,72,34,41,66],"product_tag":[],"acf":[],"_links":{"self":[{"href":"https:\/\/soft99.com.br\/lojaoficial\/wp-json\/wp\/v2\/product\/5721"}],"collection":[{"href":"https:\/\/soft99.com.br\/lojaoficial\/wp-json\/wp\/v2\/product"}],"about":[{"href":"https:\/\/soft99.com.br\/lojaoficial\/wp-json\/wp\/v2\/types\/product"}],"replies":[{"embeddable":true,"href":"https:\/\/soft99.com.br\/lojaoficial\/wp-json\/wp\/v2\/comments?post=5721"}],"wp:featuredmedia":[{"embeddable":true,"href":"https:\/\/soft99.com.br\/lojaoficial\/wp-json\/wp\/v2\/media\/5905"}],"wp:attachment":[{"href":"https:\/\/soft99.com.br\/lojaoficial\/wp-json\/wp\/v2\/media?parent=5721"}],"wp:term":[{"taxonomy":"product_cat","embeddable":true,"href":"https:\/\/soft99.com.br\/lojaoficial\/wp-json\/wp\/v2\/product_cat?post=5721"},{"taxonomy":"product_tag","embeddable":true,"href":"https:\/\/soft99.com.br\/lojaoficial\/wp-json\/wp\/v2\/product_tag?post=5721"}],"curies":[{"name":"wp","href":"https:\/\/api.w.org\/{rel}","templated":true}]}}