{"id":5717,"date":"2022-04-01T16:08:25","date_gmt":"2022-04-01T19:08:25","guid":{"rendered":"https:\/\/soft99.com.br\/lojaoficial\/product\/cera-extreme-gloss-black-carnauba-sintetica\/"},"modified":"2024-02-27T11:12:57","modified_gmt":"2024-02-27T14:12:57","slug":"cera-extreme-gloss-black-carnauba-sintetica","status":"publish","type":"product","link":"https:\/\/soft99.com.br\/lojaoficial\/produto\/cera-extreme-gloss-black-carnauba-sintetica\/","title":{"rendered":"Cera Extreme Gloss black \/ Carna\u00faba + Sint\u00e9tica"},"content":{"rendered":"<p>A cera Extreme Gloss Black \u00e9 uma cera do tipo h\u00edbrida, ou seja, tem ingredientes naturais (carna\u00faba) e sint\u00e9ticos em sua composi\u00e7\u00e3o. Pode ser utilizada em qualquer cor de ve\u00edculo, por\u00e9m apresenta melhor resultado de brilho em tonalidades escuras.<\/p>\n","protected":false},"excerpt":{"rendered":"<p>Cera h\u00edbrida com alto poder de mascaramento de microrriscos<\/p>\n","protected":false},"featured_media":5930,"comment_status":"open","ping_status":"closed","template":"","meta":[],"product_cat":[98,40],"product_tag":[],"acf":[],"_links":{"self":[{"href":"https:\/\/soft99.com.br\/lojaoficial\/wp-json\/wp\/v2\/product\/5717"}],"collection":[{"href":"https:\/\/soft99.com.br\/lojaoficial\/wp-json\/wp\/v2\/product"}],"about":[{"href":"https:\/\/soft99.com.br\/lojaoficial\/wp-json\/wp\/v2\/types\/product"}],"replies":[{"embeddable":true,"href":"https:\/\/soft99.com.br\/lojaoficial\/wp-json\/wp\/v2\/comments?post=5717"}],"wp:featuredmedia":[{"embeddable":true,"href":"https:\/\/soft99.com.br\/lojaoficial\/wp-json\/wp\/v2\/media\/5930"}],"wp:attachment":[{"href":"https:\/\/soft99.com.br\/lojaoficial\/wp-json\/wp\/v2\/media?parent=5717"}],"wp:term":[{"taxonomy":"product_cat","embeddable":true,"href":"https:\/\/soft99.com.br\/lojaoficial\/wp-json\/wp\/v2\/product_cat?post=5717"},{"taxonomy":"product_tag","embeddable":true,"href":"https:\/\/soft99.com.br\/lojaoficial\/wp-json\/wp\/v2\/product_tag?post=5717"}],"curies":[{"name":"wp","href":"https:\/\/api.w.org\/{rel}","templated":true}]}}