{"id":5715,"date":"2022-04-01T16:08:25","date_gmt":"2022-04-01T19:08:25","guid":{"rendered":"https:\/\/soft99.com.br\/lojaoficial\/product\/cera-100-sintetica-the-king-of-gloss-blackdark\/"},"modified":"2024-04-01T02:28:29","modified_gmt":"2024-04-01T05:28:29","slug":"cera-100-sintetica-the-king-of-gloss-blackdark","status":"publish","type":"product","link":"https:\/\/soft99.com.br\/lojaoficial\/produto\/cera-100-sintetica-the-king-of-gloss-blackdark\/","title":{"rendered":"Cera 100% Sint\u00e9tica The King of Gloss Black"},"content":{"rendered":"<p>The King of Gloss Black \u00e9 uma cera 100% sint\u00e9tica desenvolvida, preferencialmente, para tons escuros como preto, chumbo, cinza, marrom, vermelho, azul, etc. Potencializa a cor original, resultando em um brilho espelhado que se destaca. Protege a pintura por at\u00e9 90 dias e tem alto brilho e repel\u00eancia.<\/p>\n","protected":false},"excerpt":{"rendered":"<p>Cera de alto brilho para carros de cores, preferencialmente, de cores escuras<\/p>\n","protected":false},"featured_media":6289,"comment_status":"open","ping_status":"closed","template":"","meta":[],"product_cat":[98,40],"product_tag":[],"acf":[],"_links":{"self":[{"href":"https:\/\/soft99.com.br\/lojaoficial\/wp-json\/wp\/v2\/product\/5715"}],"collection":[{"href":"https:\/\/soft99.com.br\/lojaoficial\/wp-json\/wp\/v2\/product"}],"about":[{"href":"https:\/\/soft99.com.br\/lojaoficial\/wp-json\/wp\/v2\/types\/product"}],"replies":[{"embeddable":true,"href":"https:\/\/soft99.com.br\/lojaoficial\/wp-json\/wp\/v2\/comments?post=5715"}],"wp:featuredmedia":[{"embeddable":true,"href":"https:\/\/soft99.com.br\/lojaoficial\/wp-json\/wp\/v2\/media\/6289"}],"wp:attachment":[{"href":"https:\/\/soft99.com.br\/lojaoficial\/wp-json\/wp\/v2\/media?parent=5715"}],"wp:term":[{"taxonomy":"product_cat","embeddable":true,"href":"https:\/\/soft99.com.br\/lojaoficial\/wp-json\/wp\/v2\/product_cat?post=5715"},{"taxonomy":"product_tag","embeddable":true,"href":"https:\/\/soft99.com.br\/lojaoficial\/wp-json\/wp\/v2\/product_tag?post=5715"}],"curies":[{"name":"wp","href":"https:\/\/api.w.org\/{rel}","templated":true}]}}