{"id":5644,"date":"2022-04-01T10:30:09","date_gmt":"2022-04-01T13:30:09","guid":{"rendered":"https:\/\/soft99.com.br\/lojaoficial\/?post_type=product&#038;p=5644"},"modified":"2024-03-26T10:26:06","modified_gmt":"2024-03-26T13:26:06","slug":"glaco-washer","status":"publish","type":"product","link":"https:\/\/soft99.com.br\/lojaoficial\/produto\/glaco-washer\/","title":{"rendered":"GLACO Washer I 220ml I Repelente de \u00e1gua de chuva I Aditivo de reservat\u00f3rio"},"content":{"rendered":"<div>\u00c9 um <strong>aditivo de reservat\u00f3rio de esguicho automotivo para limpeza e repel\u00eancia<\/strong> de \u00e1gua dos para-brisas. Ao utiliz\u00e1-lo nos ve\u00edculos, cria-se uma <strong>membrana protetora<\/strong> capaz de limpar e cristalizar os vidros.<\/div>\n<div>De f\u00e1cil manuseio, basta inseri-lo no tanque de reservat\u00f3rio de \u00e1gua, lembrando sempre de utilizar a tabela de dilui\u00e7\u00e3o como refer\u00eancia. Importante destacar que <strong>quanto mais concentrado, melhor ser\u00e1 o efeito.<\/strong><\/div>\n<div>E mais:<strong> caso j\u00e1 fa\u00e7a uso de outras vers\u00f5es do cristalizador de vidros Glaco, Glaco Washer N\u00c3O o remover\u00e1<\/strong>, muito pelo contr\u00e1rio, <strong>ele\u00a0 aumenta a perman\u00eancia do efeito<\/strong> do produto nos vidros!<\/div>\n<div><\/div>\n<div>TUTORIAL GLACO PARTE 1<\/div>\n<div><iframe src=\"https:\/\/www.youtube.com\/embed\/4IlDwpMAto8\" width=\"560\" height=\"314\" allowfullscreen=\"allowfullscreen\" data-mce-fragment=\"1\"><\/iframe><\/div>\n<div><\/div>\n<div>TUTORIAL GLACO PARTE 2<\/div>\n<div><iframe src=\"https:\/\/www.youtube.com\/embed\/WKe_rreZZqg\" width=\"560\" height=\"314\" allowfullscreen=\"allowfullscreen\" data-mce-fragment=\"1\"><\/iframe><\/div>\n<div><\/div>\n<div>TUTORIAL GLACO PARTE 3<\/div>\n<div><iframe src=\"https:\/\/www.youtube.com\/embed\/SH1V0B6_hSA\" width=\"560\" height=\"314\" allowfullscreen=\"allowfullscreen\" data-mce-fragment=\"1\"><\/iframe><\/div>\n<div><\/div>\n<div>TUTORIAL GLACO PARTE 4<\/div>\n<div><iframe src=\"https:\/\/www.youtube.com\/embed\/lZbfLM2BzJI\" width=\"560\" height=\"314\" allowfullscreen=\"allowfullscreen\" data-mce-fragment=\"1\"><\/iframe><\/div>\n","protected":false},"excerpt":{"rendered":"<p>\u00c9 um aditivo de reservat\u00f3rio de esguicho automotivo para limpeza e repel\u00eancia de \u00e1gua dos para-brisas. Ao utiliz\u00e1-lo nos ve\u00edculos, cria-se uma membrana protetora capaz de limpar e cristalizar os vidros. De f\u00e1cil manuseio, basta inseri-lo no tanque de reservat\u00f3rio de \u00e1gua, lembrando sempre de utilizar a tabela de dilui\u00e7\u00e3o como refer\u00eancia. Importante destacar que [&hellip;]<\/p>\n","protected":false},"featured_media":13647,"comment_status":"open","ping_status":"closed","template":"","meta":[],"product_cat":[38,60],"product_tag":[],"acf":[],"_links":{"self":[{"href":"https:\/\/soft99.com.br\/lojaoficial\/wp-json\/wp\/v2\/product\/5644"}],"collection":[{"href":"https:\/\/soft99.com.br\/lojaoficial\/wp-json\/wp\/v2\/product"}],"about":[{"href":"https:\/\/soft99.com.br\/lojaoficial\/wp-json\/wp\/v2\/types\/product"}],"replies":[{"embeddable":true,"href":"https:\/\/soft99.com.br\/lojaoficial\/wp-json\/wp\/v2\/comments?post=5644"}],"wp:featuredmedia":[{"embeddable":true,"href":"https:\/\/soft99.com.br\/lojaoficial\/wp-json\/wp\/v2\/media\/13647"}],"wp:attachment":[{"href":"https:\/\/soft99.com.br\/lojaoficial\/wp-json\/wp\/v2\/media?parent=5644"}],"wp:term":[{"taxonomy":"product_cat","embeddable":true,"href":"https:\/\/soft99.com.br\/lojaoficial\/wp-json\/wp\/v2\/product_cat?post=5644"},{"taxonomy":"product_tag","embeddable":true,"href":"https:\/\/soft99.com.br\/lojaoficial\/wp-json\/wp\/v2\/product_tag?post=5644"}],"curies":[{"name":"wp","href":"https:\/\/api.w.org\/{rel}","templated":true}]}}