{"id":14312,"date":"2023-12-15T10:57:20","date_gmt":"2023-12-15T13:57:20","guid":{"rendered":"https:\/\/soft99.com.br\/lojaoficial\/?post_type=product&#038;p=14312"},"modified":"2024-02-05T15:04:33","modified_gmt":"2024-02-05T18:04:33","slug":"kit-universal-de-ppf-o-1o-do-mercado-quina-e-concha-para-4-portas","status":"publish","type":"product","link":"https:\/\/soft99.com.br\/lojaoficial\/produto\/kit-universal-de-ppf-o-1o-do-mercado-quina-e-concha-para-4-portas\/","title":{"rendered":"KIT UNIVERSAL DE PPF | O 1\u00ba DO MERCADO | QUINA E CONCHA PARA 4 PORTAS"},"content":{"rendered":"<ul>\n<li>PPF suficiente para aplica\u00e7\u00e3o em 4 conchas de porta e nas quinas.<\/li>\n<li>Com videoaula de instala\u00e7\u00e3o.<\/li>\n<li>Pode ser instalado por qualquer pessoa.<\/li>\n<li>Gr\u00e1tis 1 concha.<\/li>\n<li>Vem com moldes para facilitar o recorte do PPF.<\/li>\n<\/ul>\n","protected":false},"excerpt":{"rendered":"<p>PPF suficiente para aplica\u00e7\u00e3o em 4 conchas de porta e nas quinas. Com videoaula de instala\u00e7\u00e3o. Pode ser instalado por qualquer pessoa. Gr\u00e1tis 1 concha. Vem com moldes para facilitar o recorte do PPF.<\/p>\n","protected":false},"featured_media":14313,"comment_status":"open","ping_status":"closed","template":"","meta":[],"product_cat":[143],"product_tag":[],"acf":[],"_links":{"self":[{"href":"https:\/\/soft99.com.br\/lojaoficial\/wp-json\/wp\/v2\/product\/14312"}],"collection":[{"href":"https:\/\/soft99.com.br\/lojaoficial\/wp-json\/wp\/v2\/product"}],"about":[{"href":"https:\/\/soft99.com.br\/lojaoficial\/wp-json\/wp\/v2\/types\/product"}],"replies":[{"embeddable":true,"href":"https:\/\/soft99.com.br\/lojaoficial\/wp-json\/wp\/v2\/comments?post=14312"}],"wp:featuredmedia":[{"embeddable":true,"href":"https:\/\/soft99.com.br\/lojaoficial\/wp-json\/wp\/v2\/media\/14313"}],"wp:attachment":[{"href":"https:\/\/soft99.com.br\/lojaoficial\/wp-json\/wp\/v2\/media?parent=14312"}],"wp:term":[{"taxonomy":"product_cat","embeddable":true,"href":"https:\/\/soft99.com.br\/lojaoficial\/wp-json\/wp\/v2\/product_cat?post=14312"},{"taxonomy":"product_tag","embeddable":true,"href":"https:\/\/soft99.com.br\/lojaoficial\/wp-json\/wp\/v2\/product_tag?post=14312"}],"curies":[{"name":"wp","href":"https:\/\/api.w.org\/{rel}","templated":true}]}}