{"id":13546,"date":"2023-09-20T14:10:34","date_gmt":"2023-09-20T17:10:34","guid":{"rendered":"https:\/\/soft99.com.br\/lojaoficial\/?post_type=product&#038;p=13546"},"modified":"2023-09-20T14:10:34","modified_gmt":"2023-09-20T17:10:34","slug":"rain-hopper-repelente-de-agua-para-oculos-30ml","status":"publish","type":"product","link":"https:\/\/soft99.com.br\/lojaoficial\/produto\/rain-hopper-repelente-de-agua-para-oculos-30ml\/","title":{"rendered":"Rain Hopper | Repelente de \u00e1gua para \u00f3culos | 30ml"},"content":{"rendered":"<p>O repelente de \u00e1gua RAIN HOPER foi desenvolvido para aqueles que n\u00e3o abrem m\u00e3o da pr\u00e1tica esportiva nem sob chuva. Ele \u00e9 indicado para \u00f3culos esportivos, \u00f3culos de sol e \u00f3culos de grau (vidro ou pl\u00e1stico). Al\u00e9m disso, tamb\u00e9m pode ser utilizado em \u00f3culos polarizados.<br \/>\nA tecnologia aplicada garante a repel\u00eancia atrav\u00e9s da forma\u00e7\u00e3o de uma pel\u00edcula protetora de part\u00edculas finas de s\u00edlica na superf\u00edcie da lente. Isso garante que, mesmo estando im\u00f3vel, a chuva, a \u00e1gua do mar ou o suor n\u00e3o permanecer\u00e3o na lente. Resultado? Visibilidade perfeita!<br \/>\n\u00danico no mercado, RAIN HOPER \u00e9 de f\u00e1cil aplica\u00e7\u00e3o e tem alt\u00edssima resist\u00eancia, desde que n\u00e3o se passe os dedos\/m\u00e3os nas lentes ap\u00f3s a aplica\u00e7\u00e3o.<\/p>\n<p>&nbsp;<\/p>\n<table class=\"woocommerce-product-attributes shop_attributes\">\n<tbody>\n<tr class=\"woocommerce-product-attributes-item woocommerce-product-attributes-item--weight\">\n<th class=\"woocommerce-product-attributes-item__label\"><\/th>\n<td class=\"woocommerce-product-attributes-item__value\"><\/td>\n<\/tr>\n<tr class=\"woocommerce-product-attributes-item woocommerce-product-attributes-item--dimensions\">\n<th class=\"woocommerce-product-attributes-item__label\">Dimens\u00f5es<\/th>\n<td class=\"woocommerce-product-attributes-item__value\">15 \u00d7 15 \u00d7 15 cm<\/td>\n<\/tr>\n<tr class=\"woocommerce-product-attributes-item woocommerce-product-attributes-item--attribute_volume-e-conte%c3%bado\">\n<th class=\"woocommerce-product-attributes-item__label\">Volume E Conte\u00fado<\/th>\n<td class=\"woocommerce-product-attributes-item__value\">30ml<\/td>\n<\/tr>\n<tr class=\"woocommerce-product-attributes-item woocommerce-product-attributes-item--attribute_rendimento\">\n<th class=\"woocommerce-product-attributes-item__label\">Rendimento<\/th>\n<td class=\"woocommerce-product-attributes-item__value\">Aproximadamente 15 vezes apenas na parte frontal da lente<\/td>\n<\/tr>\n<tr class=\"woocommerce-product-attributes-item woocommerce-product-attributes-item--attribute_componente\">\n<th class=\"woocommerce-product-attributes-item__label\">Componente<\/th>\n<td class=\"woocommerce-product-attributes-item__value\">Silicone, S\u00edlica<\/td>\n<\/tr>\n<\/tbody>\n<\/table>\n","protected":false},"excerpt":{"rendered":"<p>O repelente de \u00e1gua RAIN HOPER foi desenvolvido para aqueles que n\u00e3o abrem m\u00e3o da pr\u00e1tica esportiva nem sob chuva. Ele \u00e9 indicado para \u00f3culos esportivos, \u00f3culos de sol e \u00f3culos de grau (vidro ou pl\u00e1stico). Al\u00e9m disso, tamb\u00e9m pode ser utilizado em \u00f3culos polarizados. A tecnologia aplicada garante a repel\u00eancia atrav\u00e9s da forma\u00e7\u00e3o de [&hellip;]<\/p>\n","protected":false},"featured_media":13547,"comment_status":"open","ping_status":"closed","template":"","meta":[],"product_cat":[38,296],"product_tag":[],"acf":[],"_links":{"self":[{"href":"https:\/\/soft99.com.br\/lojaoficial\/wp-json\/wp\/v2\/product\/13546"}],"collection":[{"href":"https:\/\/soft99.com.br\/lojaoficial\/wp-json\/wp\/v2\/product"}],"about":[{"href":"https:\/\/soft99.com.br\/lojaoficial\/wp-json\/wp\/v2\/types\/product"}],"replies":[{"embeddable":true,"href":"https:\/\/soft99.com.br\/lojaoficial\/wp-json\/wp\/v2\/comments?post=13546"}],"wp:featuredmedia":[{"embeddable":true,"href":"https:\/\/soft99.com.br\/lojaoficial\/wp-json\/wp\/v2\/media\/13547"}],"wp:attachment":[{"href":"https:\/\/soft99.com.br\/lojaoficial\/wp-json\/wp\/v2\/media?parent=13546"}],"wp:term":[{"taxonomy":"product_cat","embeddable":true,"href":"https:\/\/soft99.com.br\/lojaoficial\/wp-json\/wp\/v2\/product_cat?post=13546"},{"taxonomy":"product_tag","embeddable":true,"href":"https:\/\/soft99.com.br\/lojaoficial\/wp-json\/wp\/v2\/product_tag?post=13546"}],"curies":[{"name":"wp","href":"https:\/\/api.w.org\/{rel}","templated":true}]}}