{"id":13349,"date":"2023-08-28T10:32:16","date_gmt":"2023-08-28T13:32:16","guid":{"rendered":"https:\/\/soft99.com.br\/lojaoficial\/?post_type=product&#038;p=13349"},"modified":"2024-03-26T10:22:45","modified_gmt":"2024-03-26T13:22:45","slug":"glaco-compound-preparador-de-superficies-pre-glaco","status":"publish","type":"product","link":"https:\/\/soft99.com.br\/lojaoficial\/produto\/glaco-compound-preparador-de-superficies-pre-glaco\/","title":{"rendered":"Glaco Compound | Preparador de superf\u00edcies de vidro | Pr\u00e9-Glaco"},"content":{"rendered":"<p>*Glaco Compound* \u00e9 um preparador (limpador) de superf\u00edcie indicado para ser utilizado antes da cristaliza\u00e7\u00e3o dos vidros. Ele \u00e9 capaz de retirar at\u00e9 as mais duras camadas oleosas que estiverem alojadas sobre os vidros, deixando-os transparentes e prontos para receberem os demais produtos da linha GLACO. Vem com aplicador integrado e bastam movimentos leves para que o resultado seja satisfat\u00f3rio.\u00a0 Importante: \u00e9 recomendado que os vidros estejam secos ou somente levemente \u00famidos na hora da aplica\u00e7\u00e3o. N\u00e3o \u00e9 indicado para vidros internos do carro.<\/p>\n<p>&nbsp;<\/p>\n<p>Para manchas de chuva \u00e1cida mais resistentes, recomendamos o uso do Glass Refresh.<\/p>\n","protected":false},"excerpt":{"rendered":"<p>*Glaco Compound* \u00e9 um preparador (limpador) de superf\u00edcie indicado para ser utilizado antes da cristaliza\u00e7\u00e3o dos vidros. Ele \u00e9 capaz de retirar at\u00e9 as mais duras camadas oleosas que estiverem alojadas sobre os vidros, deixando-os transparentes e prontos para receberem os demais produtos da linha GLACO. Vem com aplicador integrado e bastam movimentos leves para [&hellip;]<\/p>\n","protected":false},"featured_media":13348,"comment_status":"open","ping_status":"closed","template":"","meta":[],"product_cat":[38],"product_tag":[171,325,327,326],"acf":[],"_links":{"self":[{"href":"https:\/\/soft99.com.br\/lojaoficial\/wp-json\/wp\/v2\/product\/13349"}],"collection":[{"href":"https:\/\/soft99.com.br\/lojaoficial\/wp-json\/wp\/v2\/product"}],"about":[{"href":"https:\/\/soft99.com.br\/lojaoficial\/wp-json\/wp\/v2\/types\/product"}],"replies":[{"embeddable":true,"href":"https:\/\/soft99.com.br\/lojaoficial\/wp-json\/wp\/v2\/comments?post=13349"}],"wp:featuredmedia":[{"embeddable":true,"href":"https:\/\/soft99.com.br\/lojaoficial\/wp-json\/wp\/v2\/media\/13348"}],"wp:attachment":[{"href":"https:\/\/soft99.com.br\/lojaoficial\/wp-json\/wp\/v2\/media?parent=13349"}],"wp:term":[{"taxonomy":"product_cat","embeddable":true,"href":"https:\/\/soft99.com.br\/lojaoficial\/wp-json\/wp\/v2\/product_cat?post=13349"},{"taxonomy":"product_tag","embeddable":true,"href":"https:\/\/soft99.com.br\/lojaoficial\/wp-json\/wp\/v2\/product_tag?post=13349"}],"curies":[{"name":"wp","href":"https:\/\/api.w.org\/{rel}","templated":true}]}}