{"id":13346,"date":"2023-08-07T17:00:21","date_gmt":"2023-08-07T20:00:21","guid":{"rendered":"https:\/\/soft99.com.br\/lojaoficial\/?post_type=product&#038;p=13346"},"modified":"2024-03-26T10:23:18","modified_gmt":"2024-03-26T13:23:18","slug":"glaco-dx-repelente-de-agua-de-chuva-para-brisas","status":"publish","type":"product","link":"https:\/\/soft99.com.br\/lojaoficial\/produto\/glaco-dx-repelente-de-agua-de-chuva-para-brisas\/","title":{"rendered":"Glaco DX | Repelente de \u00e1gua de chuva | Para-brisas"},"content":{"rendered":"<p>*Glaco DX* faz parte da nova gera\u00e7\u00e3o de produtos da linha Glaco. Ele atinge o *maior n\u00edvel de repel\u00eancia \u00e0 \u00e1gua da categoria* e sua efici\u00eancia, depois de aplicado sobre os vidros, \u00e9 de at\u00e9 *4 meses*.\u00a0 O resultado \u00e9 poss\u00edvel devido \u00e0 nova tecnologia &#8220;SARF (Strong Adhesion\/Rapid Finish)&#8221; que forma um filme repelente bastante uniforme que reduz o atrito da \u00e1gua sobre o para-brisas e garante ainda mais visibilidade sob chuva para o conduto. Ele *vem com aplicador flex\u00edvel*, que se ajusta automaticamente \u00e0 medida que \u00e9 deslizado sobre a superf\u00edcie. Seu efeito hidrorrepelente dura cerca de *quatro meses*.<\/p>\n<p>Tempo de cura: m\u00ednimo de 10 minutos. Recomenda\u00e7\u00e3o do nosso time t\u00e9cnico brasileiro: quanto mais tempo deixar o Glaco agindo, melhor! \ud83d\ude09<\/p>\n<p>Retirar com pano \u00famido.<\/p>\n","protected":false},"excerpt":{"rendered":"<p>*Glaco DX* faz parte da nova gera\u00e7\u00e3o de produtos da linha Glaco. Ele atinge o *maior n\u00edvel de repel\u00eancia \u00e0 \u00e1gua da categoria* e sua efici\u00eancia, depois de aplicado sobre os vidros, \u00e9 de at\u00e9 *4 meses*.\u00a0 O resultado \u00e9 poss\u00edvel devido \u00e0 nova tecnologia &#8220;SARF (Strong Adhesion\/Rapid Finish)&#8221; que forma um filme repelente bastante [&hellip;]<\/p>\n","protected":false},"featured_media":13347,"comment_status":"open","ping_status":"closed","template":"","meta":[],"product_cat":[89,38],"product_tag":[],"acf":[],"_links":{"self":[{"href":"https:\/\/soft99.com.br\/lojaoficial\/wp-json\/wp\/v2\/product\/13346"}],"collection":[{"href":"https:\/\/soft99.com.br\/lojaoficial\/wp-json\/wp\/v2\/product"}],"about":[{"href":"https:\/\/soft99.com.br\/lojaoficial\/wp-json\/wp\/v2\/types\/product"}],"replies":[{"embeddable":true,"href":"https:\/\/soft99.com.br\/lojaoficial\/wp-json\/wp\/v2\/comments?post=13346"}],"wp:featuredmedia":[{"embeddable":true,"href":"https:\/\/soft99.com.br\/lojaoficial\/wp-json\/wp\/v2\/media\/13347"}],"wp:attachment":[{"href":"https:\/\/soft99.com.br\/lojaoficial\/wp-json\/wp\/v2\/media?parent=13346"}],"wp:term":[{"taxonomy":"product_cat","embeddable":true,"href":"https:\/\/soft99.com.br\/lojaoficial\/wp-json\/wp\/v2\/product_cat?post=13346"},{"taxonomy":"product_tag","embeddable":true,"href":"https:\/\/soft99.com.br\/lojaoficial\/wp-json\/wp\/v2\/product_tag?post=13346"}],"curies":[{"name":"wp","href":"https:\/\/api.w.org\/{rel}","templated":true}]}}