{"id":13339,"date":"2023-08-07T13:58:10","date_gmt":"2023-08-07T16:58:10","guid":{"rendered":"https:\/\/soft99.com.br\/lojaoficial\/?post_type=product&#038;p=13339"},"modified":"2024-03-26T10:35:15","modified_gmt":"2024-03-26T13:35:15","slug":"glass-coat-h-7-27ml-vitrificador-de-pintura-uso-profissional","status":"publish","type":"product","link":"https:\/\/soft99.com.br\/lojaoficial\/produto\/glass-coat-h-7-27ml-vitrificador-de-pintura-uso-profissional\/","title":{"rendered":"Glass Coat H-7 &#8211; 27ml | Vitrificador de Pintura | Uso profissional"},"content":{"rendered":"<p><strong>Glass Coat H7<\/strong>\u00a0\u00e9 um vitrificador de pintura de uso profissional. De dureza 7H e\u00a0<strong>forte ader\u00eancia ao verniz,<\/strong>\u00a0<strong>ele tamb\u00e9m tem excelente desempenho em pe\u00e7as pl\u00e1sticas, farol, lanterna e em pinturas foscas e vinil fosco<\/strong>. Ve\u00edculos protegidos com\u00a0<strong>Glass Coat H7<\/strong>\u00a0s\u00e3o mais f\u00e1ceis de lavar e secar, al\u00e9m de n\u00e3o ficarem t\u00e3o suscet\u00edveis a microrriscos. Carros com esse produto aplicado est\u00e3o\u00a0<strong>protegidos por at\u00e9 3 anos<\/strong>, desde que sejam feitas as manuten\u00e7\u00f5es e lavagens corretamente, com uso de produtos espec\u00edficos para carros vitrificados.<\/p>\n<p>Kit 27ml composto por 01 vitrificador 27ml (dose \u00fanica), 01 aplicador de microfibra da FSE Concept of Detail e 01 adesivo.<\/p>\n<p>&nbsp;<\/p>\n<div><strong>Produto de uso profissional. Procure um representante SOFT99 mais pr\u00f3ximo para obter sua certifica\u00e7\u00e3o.<br \/>\nN\u00e3o utilize esse produto sem ter conhecimento t\u00e9cnico.<\/strong><\/div>\n<p>N\u00edvel de brilho: 9<\/p>\n<p>Tipo de brilho: vitrificado<\/p>\n<p>Repel\u00eancia: 10<\/p>\n<p>N\u00edvel de prote\u00e7\u00e3o: 7h<\/p>\n<p>Durabilidade: at\u00e9 3 anos<\/p>\n<p>Rendimento: 1 carro<\/p>\n","protected":false},"excerpt":{"rendered":"<p>Glass Coat H7\u00a0\u00e9 um vitrificador de pintura de uso profissional. De dureza 7H e\u00a0forte ader\u00eancia ao verniz,\u00a0ele tamb\u00e9m tem excelente desempenho em pe\u00e7as pl\u00e1sticas, farol, lanterna e em pinturas foscas e vinil fosco. Ve\u00edculos protegidos com\u00a0Glass Coat H7\u00a0s\u00e3o mais f\u00e1ceis de lavar e secar, al\u00e9m de n\u00e3o ficarem t\u00e3o suscet\u00edveis a microrriscos. Carros com esse [&hellip;]<\/p>\n","protected":false},"featured_media":13334,"comment_status":"open","ping_status":"closed","template":"","meta":[],"product_cat":[97,93],"product_tag":[322,324,320,319,323,321],"acf":[],"_links":{"self":[{"href":"https:\/\/soft99.com.br\/lojaoficial\/wp-json\/wp\/v2\/product\/13339"}],"collection":[{"href":"https:\/\/soft99.com.br\/lojaoficial\/wp-json\/wp\/v2\/product"}],"about":[{"href":"https:\/\/soft99.com.br\/lojaoficial\/wp-json\/wp\/v2\/types\/product"}],"replies":[{"embeddable":true,"href":"https:\/\/soft99.com.br\/lojaoficial\/wp-json\/wp\/v2\/comments?post=13339"}],"wp:featuredmedia":[{"embeddable":true,"href":"https:\/\/soft99.com.br\/lojaoficial\/wp-json\/wp\/v2\/media\/13334"}],"wp:attachment":[{"href":"https:\/\/soft99.com.br\/lojaoficial\/wp-json\/wp\/v2\/media?parent=13339"}],"wp:term":[{"taxonomy":"product_cat","embeddable":true,"href":"https:\/\/soft99.com.br\/lojaoficial\/wp-json\/wp\/v2\/product_cat?post=13339"},{"taxonomy":"product_tag","embeddable":true,"href":"https:\/\/soft99.com.br\/lojaoficial\/wp-json\/wp\/v2\/product_tag?post=13339"}],"curies":[{"name":"wp","href":"https:\/\/api.w.org\/{rel}","templated":true}]}}