{"id":13317,"date":"2023-08-03T17:29:58","date_gmt":"2023-08-03T20:29:58","guid":{"rendered":"https:\/\/soft99.com.br\/lojaoficial\/?post_type=product&#038;p=13317"},"modified":"2025-09-25T13:20:54","modified_gmt":"2025-09-25T16:20:54","slug":"det-honey-lava-auto-concentrado-detergente-automotivo","status":"publish","type":"product","link":"https:\/\/soft99.com.br\/lojaoficial\/produto\/det-honey-lava-auto-concentrado-detergente-automotivo\/","title":{"rendered":"Det Honey | Lava Auto Concentrado | Detergente automotivo"},"content":{"rendered":"<p><strong>Det Honey \u00e9 um detergente automotivo<\/strong>, com ph neutro, de alt\u00edssima concentra\u00e7\u00e3o. Sua f\u00f3rmula avan\u00e7ada permite a <strong>dilui\u00e7\u00e3o m\u00e1xima de at\u00e9 1:1500.<\/strong><\/p>\n<p>Por causa da sua alta concentra\u00e7\u00e3o de agentes de limpeza ativos, basta uma quantidade menor de produto para obter resultados poderosos. Ou seja, uma pequena quantidade \u00e9 suficiente para uma limpeza completa.<\/p>\n<p><strong>Det Honey possui alto grau de lubrifica\u00e7\u00e3o<\/strong>, o que facilita o deslizamento das luvas de lavagem e <strong>evitam microrriscos na pintura<\/strong>. Ele n\u00e3o agride a prote\u00e7\u00e3o aplicada no ve\u00edculo, podendo, inclusive, ser utilizado tamb\u00e9m em <strong>carros vitrificados<\/strong>.<\/p>\n","protected":false},"excerpt":{"rendered":"<p>Det Honey \u00e9 um detergente automotivo, com ph neutro, de alt\u00edssima concentra\u00e7\u00e3o. Sua f\u00f3rmula avan\u00e7ada permite a dilui\u00e7\u00e3o m\u00e1xima de at\u00e9 1:1500. Por causa da sua alta concentra\u00e7\u00e3o de agentes de limpeza ativos, basta uma quantidade menor de produto para obter resultados poderosos. Ou seja, uma pequena quantidade \u00e9 suficiente para uma limpeza completa. Det [&hellip;]<\/p>\n","protected":false},"featured_media":13324,"comment_status":"open","ping_status":"closed","template":"","meta":[],"product_cat":[332,143,99,98,74],"product_tag":[316,163,313,308,311,318,309,310,312,317],"acf":[],"_links":{"self":[{"href":"https:\/\/soft99.com.br\/lojaoficial\/wp-json\/wp\/v2\/product\/13317"}],"collection":[{"href":"https:\/\/soft99.com.br\/lojaoficial\/wp-json\/wp\/v2\/product"}],"about":[{"href":"https:\/\/soft99.com.br\/lojaoficial\/wp-json\/wp\/v2\/types\/product"}],"replies":[{"embeddable":true,"href":"https:\/\/soft99.com.br\/lojaoficial\/wp-json\/wp\/v2\/comments?post=13317"}],"wp:featuredmedia":[{"embeddable":true,"href":"https:\/\/soft99.com.br\/lojaoficial\/wp-json\/wp\/v2\/media\/13324"}],"wp:attachment":[{"href":"https:\/\/soft99.com.br\/lojaoficial\/wp-json\/wp\/v2\/media?parent=13317"}],"wp:term":[{"taxonomy":"product_cat","embeddable":true,"href":"https:\/\/soft99.com.br\/lojaoficial\/wp-json\/wp\/v2\/product_cat?post=13317"},{"taxonomy":"product_tag","embeddable":true,"href":"https:\/\/soft99.com.br\/lojaoficial\/wp-json\/wp\/v2\/product_tag?post=13317"}],"curies":[{"name":"wp","href":"https:\/\/api.w.org\/{rel}","templated":true}]}}