{"id":13029,"date":"2023-05-29T17:10:28","date_gmt":"2023-05-29T20:10:28","guid":{"rendered":"https:\/\/soft99.com.br\/lojaoficial\/?post_type=product&#038;p=13029"},"modified":"2024-03-26T10:31:19","modified_gmt":"2024-03-26T13:31:19","slug":"kit-1-todas-as-cores-de-carros","status":"publish","type":"product","link":"https:\/\/soft99.com.br\/lojaoficial\/produto\/kit-1-todas-as-cores-de-carros\/","title":{"rendered":"Kit 1 &#8211; Todas as cores de carros"},"content":{"rendered":"<p>Seu namorado \u00e9 daquele que, al\u00e9m de cuidar do carro dele tamb\u00e9m gosta de cuidar do carro de toda a fam\u00edlia? Ent\u00e3o, para n\u00e3o ter erro, o kit ideal Soft99 para ele \u00e9 esse, com cera All Colors, liberada para todas as cores de ve\u00edculos!<\/p>\n<p>Al\u00e9m da All Colors, tamb\u00e9m inclu\u00edmos uma SUPER CLOTH, toalha de microfibra de alta absor\u00e7\u00e3o, excelente para secagem e lustro; e um lava auto NEUTRO CREAMY, que, al\u00e9m de deixar o carro limpo, ainda vai deix\u00e1-lo com cheirinho de hortel\u00e3!<\/p>\n<p>&nbsp;<\/p>\n","protected":false},"excerpt":{"rendered":"<p>Seu namorado \u00e9 daquele que, al\u00e9m de cuidar do carro dele tamb\u00e9m gosta de cuidar do carro de toda a fam\u00edlia? Ent\u00e3o, para n\u00e3o ter erro, o kit ideal Soft99 para ele \u00e9 esse, com cera All Colors, liberada para todas as cores de ve\u00edculos! Al\u00e9m da All Colors, tamb\u00e9m inclu\u00edmos uma SUPER CLOTH, toalha [&hellip;]<\/p>\n","protected":false},"featured_media":13031,"comment_status":"open","ping_status":"closed","template":"","meta":[],"product_cat":[15],"product_tag":[306],"acf":[],"_links":{"self":[{"href":"https:\/\/soft99.com.br\/lojaoficial\/wp-json\/wp\/v2\/product\/13029"}],"collection":[{"href":"https:\/\/soft99.com.br\/lojaoficial\/wp-json\/wp\/v2\/product"}],"about":[{"href":"https:\/\/soft99.com.br\/lojaoficial\/wp-json\/wp\/v2\/types\/product"}],"replies":[{"embeddable":true,"href":"https:\/\/soft99.com.br\/lojaoficial\/wp-json\/wp\/v2\/comments?post=13029"}],"wp:featuredmedia":[{"embeddable":true,"href":"https:\/\/soft99.com.br\/lojaoficial\/wp-json\/wp\/v2\/media\/13031"}],"wp:attachment":[{"href":"https:\/\/soft99.com.br\/lojaoficial\/wp-json\/wp\/v2\/media?parent=13029"}],"wp:term":[{"taxonomy":"product_cat","embeddable":true,"href":"https:\/\/soft99.com.br\/lojaoficial\/wp-json\/wp\/v2\/product_cat?post=13029"},{"taxonomy":"product_tag","embeddable":true,"href":"https:\/\/soft99.com.br\/lojaoficial\/wp-json\/wp\/v2\/product_tag?post=13029"}],"curies":[{"name":"wp","href":"https:\/\/api.w.org\/{rel}","templated":true}]}}