{"id":12961,"date":"2023-05-18T13:59:28","date_gmt":"2023-05-18T16:59:28","guid":{"rendered":"https:\/\/soft99.com.br\/lojaoficial\/?post_type=product&#038;p=12961"},"modified":"2024-03-26T10:30:42","modified_gmt":"2024-03-26T13:30:42","slug":"luxury-gloss-refil-i-480ml-i-cera-liquida-quick-detail","status":"publish","type":"product","link":"https:\/\/soft99.com.br\/lojaoficial\/produto\/luxury-gloss-refil-i-480ml-i-cera-liquida-quick-detail\/","title":{"rendered":"LUXURY GLOSS REFIL I 480ml I Cera l\u00edquida (Quick Detail)"},"content":{"rendered":"<p>Essa \u00e9 a embalagem econ\u00f4mica (refil) da Luxury Gloss, cera l\u00edquida \u00e0 base de \u00e1gua, de aplica\u00e7\u00e3o r\u00e1pida, f\u00e1cil e que proporciona, brilho, prote\u00e7\u00e3o e repel\u00eancia. A Luxury Gloss pode ser aplicada em todas as partes do ve\u00edculo: vidros, pl\u00e1stico, borrachas e painel! Al\u00e9m disso, ela tamb\u00e9m pode ser aplicada em carros envelopados e vitrificados. A Luxury Gloss tem carna\u00faba em sua formula\u00e7\u00e3o, protege contra os raios UVA e UVB e ainda tem aroma agrad\u00e1vel de manga.<\/p>\n<p>*Para facilitar o uso, sugerimos que ele seja transferido para a embalagem da vers\u00e3o LUXURY GLOSS com bico spray. Caso n\u00e3o a tenha, pode-se adaptar um bico spray do tipo rosca 28\/410.<br \/>\nContudo, o produto tamb\u00e9m pode ser usado diretamente com aux\u00edlio de uma toalha ou esponja de aplica\u00e7\u00e3o.*<\/p>\n","protected":false},"excerpt":{"rendered":"<p>Essa \u00e9 a embalagem econ\u00f4mica (refil) da Luxury Gloss, cera l\u00edquida \u00e0 base de \u00e1gua, de aplica\u00e7\u00e3o r\u00e1pida, f\u00e1cil e que proporciona, brilho, prote\u00e7\u00e3o e repel\u00eancia. A Luxury Gloss pode ser aplicada em todas as partes do ve\u00edculo: vidros, pl\u00e1stico, borrachas e painel! Al\u00e9m disso, ela tamb\u00e9m pode ser aplicada em carros envelopados e vitrificados. [&hellip;]<\/p>\n","protected":false},"featured_media":12962,"comment_status":"open","ping_status":"closed","template":"","meta":[],"product_cat":[332,296,93,40,34],"product_tag":[],"acf":[],"_links":{"self":[{"href":"https:\/\/soft99.com.br\/lojaoficial\/wp-json\/wp\/v2\/product\/12961"}],"collection":[{"href":"https:\/\/soft99.com.br\/lojaoficial\/wp-json\/wp\/v2\/product"}],"about":[{"href":"https:\/\/soft99.com.br\/lojaoficial\/wp-json\/wp\/v2\/types\/product"}],"replies":[{"embeddable":true,"href":"https:\/\/soft99.com.br\/lojaoficial\/wp-json\/wp\/v2\/comments?post=12961"}],"wp:featuredmedia":[{"embeddable":true,"href":"https:\/\/soft99.com.br\/lojaoficial\/wp-json\/wp\/v2\/media\/12962"}],"wp:attachment":[{"href":"https:\/\/soft99.com.br\/lojaoficial\/wp-json\/wp\/v2\/media?parent=12961"}],"wp:term":[{"taxonomy":"product_cat","embeddable":true,"href":"https:\/\/soft99.com.br\/lojaoficial\/wp-json\/wp\/v2\/product_cat?post=12961"},{"taxonomy":"product_tag","embeddable":true,"href":"https:\/\/soft99.com.br\/lojaoficial\/wp-json\/wp\/v2\/product_tag?post=12961"}],"curies":[{"name":"wp","href":"https:\/\/api.w.org\/{rel}","templated":true}]}}