{"id":12093,"date":"2022-11-30T14:54:28","date_gmt":"2022-11-30T17:54:28","guid":{"rendered":"https:\/\/soft99.com.br\/lojaoficial\/?post_type=product&#038;p=12093"},"modified":"2024-03-26T10:44:18","modified_gmt":"2024-03-26T13:44:18","slug":"boina-de-la-6-polegadas-com-interface","status":"publish","type":"product","link":"https:\/\/soft99.com.br\/lojaoficial\/produto\/boina-de-la-6-polegadas-com-interface\/","title":{"rendered":"BOINA DE L\u00c3 \/ 6 Polegadas com interface"},"content":{"rendered":"<p><strong>L\u00c3 DESENVOLVIDA ESPECIALMENTE PARA POLIMENTO PROFISSIONAL<\/strong>: Este produto foi desenvolvido para agir de forma r\u00e1pida no polimento de corte pesado se utilizada com polidores de alta abrasividade. Tem como principal caracter\u00edstica\u00a0o poder de corte, pois remove os riscos\u00a0mais profundos,\u00a0marcas de lixa 1.200, casca de laranja acentuada entre outros rapidamente. Possui sistema de colagem especial com alta resist\u00eancia quando trabalhada em altas temperaturas.\u00a0<strong>INTERFACE DE ESPUMA<\/strong>: A interface de espuma amortece o impacto evitando a forma\u00e7\u00e3o de novas marcas, proporciona mais conforto ao profissional e aumenta a durabilidade da Boina.<\/p>\n","protected":false},"excerpt":{"rendered":"<p>L\u00c3 DESENVOLVIDA ESPECIALMENTE PARA POLIMENTO PROFISSIONAL: Este produto foi desenvolvido para agir de forma r\u00e1pida no polimento de corte pesado se utilizada com polidores de alta abrasividade. Tem como principal caracter\u00edstica\u00a0o poder de corte, pois remove os riscos\u00a0mais profundos,\u00a0marcas de lixa 1.200, casca de laranja acentuada entre outros rapidamente. Possui sistema de colagem especial com [&hellip;]<\/p>\n","protected":false},"featured_media":12095,"comment_status":"open","ping_status":"closed","template":"","meta":[],"product_cat":[277,143],"product_tag":[],"acf":[],"_links":{"self":[{"href":"https:\/\/soft99.com.br\/lojaoficial\/wp-json\/wp\/v2\/product\/12093"}],"collection":[{"href":"https:\/\/soft99.com.br\/lojaoficial\/wp-json\/wp\/v2\/product"}],"about":[{"href":"https:\/\/soft99.com.br\/lojaoficial\/wp-json\/wp\/v2\/types\/product"}],"replies":[{"embeddable":true,"href":"https:\/\/soft99.com.br\/lojaoficial\/wp-json\/wp\/v2\/comments?post=12093"}],"wp:featuredmedia":[{"embeddable":true,"href":"https:\/\/soft99.com.br\/lojaoficial\/wp-json\/wp\/v2\/media\/12095"}],"wp:attachment":[{"href":"https:\/\/soft99.com.br\/lojaoficial\/wp-json\/wp\/v2\/media?parent=12093"}],"wp:term":[{"taxonomy":"product_cat","embeddable":true,"href":"https:\/\/soft99.com.br\/lojaoficial\/wp-json\/wp\/v2\/product_cat?post=12093"},{"taxonomy":"product_tag","embeddable":true,"href":"https:\/\/soft99.com.br\/lojaoficial\/wp-json\/wp\/v2\/product_tag?post=12093"}],"curies":[{"name":"wp","href":"https:\/\/api.w.org\/{rel}","templated":true}]}}