{"id":10818,"date":"2022-11-17T16:02:15","date_gmt":"2022-11-17T19:02:15","guid":{"rendered":"https:\/\/soft99.com.br\/lojaoficial\/?post_type=product&#038;p=10818"},"modified":"2024-03-26T10:43:22","modified_gmt":"2024-03-26T13:43:22","slug":"cera-dark-black-100g","status":"publish","type":"product","link":"https:\/\/soft99.com.br\/lojaoficial\/produto\/cera-dark-black-100g\/","title":{"rendered":"Cera Dark &#038; Black I100g I Edi\u00e7\u00e3o especial 2023"},"content":{"rendered":"<div>Essa \u00e9 a vers\u00e3o 100g, edi\u00e7\u00e3o 2023, da cl\u00e1ssica <strong>Dark &amp; Black,<\/strong>\u00a0a cera de carna\u00faba automotiva\u00a0<strong>mais vendida do mundo<\/strong>.<\/div>\n<div>Suas propriedades e resultados s\u00e3o comprovados por profissionais e usu\u00e1rios em diversos pa\u00edses!<\/div>\n<div>Ela foi desenvolvida para destacar ainda mais o brilho de\u00a0<strong>carros pretos e escuros<\/strong>, mas tamb\u00e9m pode ser aplicada em\u00a0<strong>carros de cores claras.<\/strong>\u00a0O resultado \u00e9 um\u00a0<strong>brilho do tipo molhado<\/strong>.<\/div>\n<div>A\u00a0<strong>Dark &amp; Black<\/strong>\u00a0\u00e9 uma cera de\u00a0\u00f3timo custo x benef\u00edcio. De alt\u00edssimo rendimento, ela chega a fazer\u00a0<strong>at\u00e9 25 carros<\/strong>!<\/div>\n<div>De textura s\u00f3lida, que facilita a aplica\u00e7\u00e3o, Dark &amp; Black gera\u00a0uma membrana de\u00a0<strong>repel\u00eancia<\/strong>\u00a0que ir\u00e1 proteger seu ve\u00edculo contra intemp\u00e9ries do tempo, dificultando que sujeiras impreguinem no seu carro. Al\u00e9m disso, ela tamb\u00e9m garante prote\u00e7\u00e3o contra raios\u00a0<strong>UVA e UVB<\/strong>.<\/div>\n<div>E fique tranquilo, pois caso, por descuido, alguma parte pl\u00e1stica ou emborrachada for encerada, a cera Dark &amp; Black n\u00e3o as deixar\u00e1 esbranqui\u00e7ada.<\/div>\n<div><\/div>\n<div><\/div>\n","protected":false},"excerpt":{"rendered":"<p>Essa \u00e9 a vers\u00e3o 100g, edi\u00e7\u00e3o 2023, da cl\u00e1ssica Dark &amp; Black,\u00a0a cera de carna\u00faba automotiva\u00a0mais vendida do mundo. Suas propriedades e resultados s\u00e3o comprovados por profissionais e usu\u00e1rios em diversos pa\u00edses! Ela foi desenvolvida para destacar ainda mais o brilho de\u00a0carros pretos e escuros, mas tamb\u00e9m pode ser aplicada em\u00a0carros de cores claras.\u00a0O resultado [&hellip;]<\/p>\n","protected":false},"featured_media":11894,"comment_status":"open","ping_status":"closed","template":"","meta":[],"product_cat":[40,296,98],"product_tag":[163,282,279,280,281,161,162,228,283,165,244,164],"acf":[],"_links":{"self":[{"href":"https:\/\/soft99.com.br\/lojaoficial\/wp-json\/wp\/v2\/product\/10818"}],"collection":[{"href":"https:\/\/soft99.com.br\/lojaoficial\/wp-json\/wp\/v2\/product"}],"about":[{"href":"https:\/\/soft99.com.br\/lojaoficial\/wp-json\/wp\/v2\/types\/product"}],"replies":[{"embeddable":true,"href":"https:\/\/soft99.com.br\/lojaoficial\/wp-json\/wp\/v2\/comments?post=10818"}],"wp:featuredmedia":[{"embeddable":true,"href":"https:\/\/soft99.com.br\/lojaoficial\/wp-json\/wp\/v2\/media\/11894"}],"wp:attachment":[{"href":"https:\/\/soft99.com.br\/lojaoficial\/wp-json\/wp\/v2\/media?parent=10818"}],"wp:term":[{"taxonomy":"product_cat","embeddable":true,"href":"https:\/\/soft99.com.br\/lojaoficial\/wp-json\/wp\/v2\/product_cat?post=10818"},{"taxonomy":"product_tag","embeddable":true,"href":"https:\/\/soft99.com.br\/lojaoficial\/wp-json\/wp\/v2\/product_tag?post=10818"}],"curies":[{"name":"wp","href":"https:\/\/api.w.org\/{rel}","templated":true}]}}